{"id":1930,"date":"2018-07-02T13:04:27","date_gmt":"2018-07-02T13:04:27","guid":{"rendered":"https:\/\/chaletinwallis.info\/?page_id=1930"},"modified":"2024-10-24T18:12:05","modified_gmt":"2024-10-24T18:12:05","slug":"lete","status":"publish","type":"page","link":"https:\/\/chaletinwallis.info\/fr\/lete\/","title":{"rendered":"L&rsquo;\u00e9t\u00e9"},"content":{"rendered":"\n<p><em>Chalet de Compagnie<\/em> est situ\u00e9 dans le <a href=\"https:\/\/www.loetschental.ch\/de\/aktivitaeten\/wandern-und-alpinismus\" data-type=\"link\" data-id=\"https:\/\/www.loetschental.ch\/de\/aktivitaeten\/wandern-und-alpinismus\" target=\"_blank\" rel=\"noreferrer noopener\">L\u00f6tschental<\/a>, en Valais, l&rsquo;un des plus beaux domaines de randonn\u00e9e des Alpes. Notre chalet se trouve sur le versant sud de cette vall\u00e9e ensoleill\u00e9e, d\u2019o\u00f9 vous pouvez partir pour une vari\u00e9t\u00e9 de randonn\u00e9es et d\u2019<a href=\"https:\/\/anenhuette.ch\/site\/de\/aktivitaeten\/klettern-hochtouren\" data-type=\"link\" data-id=\"https:\/\/anenhuette.ch\/site\/de\/aktivitaeten\/klettern-hochtouren\">esca<\/a><a href=\"https:\/\/anenhuette.ch\/site\/de\/aktivitaeten\/klettern-hochtouren\" data-type=\"link\" data-id=\"https:\/\/anenhuette.ch\/site\/de\/aktivitaeten\/klettern-hochtouren\" target=\"_blank\" rel=\"noreferrer noopener\">l<\/a><a href=\"https:\/\/anenhuette.ch\/site\/de\/aktivitaeten\/klettern-hochtouren\" data-type=\"link\" data-id=\"https:\/\/anenhuette.ch\/site\/de\/aktivitaeten\/klettern-hochtouren\">ades<\/a> \u00e0 travers la nature pr\u00e9serv\u00e9e du L\u00f6tschental et de ses environs. Ces excursions varient en difficult\u00e9, de faciles \u00e0 tr\u00e8s exigeantes. Via l&rsquo;office du tourisme, vous pouvez entrer en contact avec des <a href=\"https:\/\/www.henzen.com\/bfhr\/index.html\" data-type=\"link\" data-id=\"https:\/\/www.henzen.com\/bfhr\/index.html\" target=\"_blank\" rel=\"noreferrer noopener\">guides de montagne<\/a> exp\u00e9riment\u00e9s qui vous accompagneront lors de randonn\u00e9es allant de quelques heures \u00e0 plusieurs jours. Depuis le chalet, vous pouvez \u00e9galement rejoindre plusieurs refuges de montagne.<\/p>\n\n\n\n<p>Pendant vos randonn\u00e9es, vous d\u00e9couvrirez des <a href=\"https:\/\/www.alternatives-wandern.ch\/photogallery\/see_wallis.htm\" data-type=\"link\" data-id=\"https:\/\/www.alternatives-wandern.ch\/photogallery\/see_wallis.htm\" target=\"_blank\" rel=\"noreferrer noopener\">lacs de montagne<\/a> aux eaux cristallines d\u2019un bleu ciel. Ces lacs sont froids, mais merveilleusement rafra\u00eechissants lors des journ\u00e9es chaudes. Si vous restez silencieux pendant vos promenades, vous aurez de grandes chances de rencontrer l&rsquo;une des nombreuses <a href=\"https:\/\/www.loetschenpass.ch\/en\/der-pass\/saeugetiere\/murmeltier\/\" data-type=\"link\" data-id=\"https:\/\/www.loetschenpass.ch\/en\/der-pass\/saeugetiere\/murmeltier\/\" target=\"_blank\" rel=\"noreferrer noopener\">marmottes<\/a> amusantes, ces grands rongeurs qui peuplent en grand nombre le L\u00f6tschental intact.<\/p>\n\n\n\n<p>Pour les amateurs de fleurs et de plantes, le L\u00f6tschental offre de nombreuses d\u00e9couvertes. Dans l\u2019alpage pr\u00e8s du <em>Chalet de Compagnie<\/em>, de nombreuses <a href=\"https:\/\/www.alpen-blumen.ch\/index.php?ss=1535\" data-type=\"link\" data-id=\"https:\/\/www.alpen-blumen.ch\/index.php?ss=1535\" target=\"_blank\" rel=\"noreferrer noopener\">fleurs alpines<\/a> sont d\u00e9j\u00e0 en fleur. Au printemps, lorsque la neige se retire du glacier au bout de la vall\u00e9e \u00e9troite, des plantes et des fleurs uniques apparaissent. En \u00e9t\u00e9, des myrtilles et des fraises des bois sauvages sont pr\u00e9sentes partout, un r\u00e9gal, surtout lorsque vous randonnez avec des enfants.<\/p>\n\n\n\n<p>Depuis le L\u00f6tschental, vous pouvez facilement rejoindre la vall\u00e9e du Rh\u00f4ne en bus ou en voiture, o\u00f9 de nombreuses activit\u00e9s et visites vous attendent durant l\u2019\u00e9t\u00e9. Par exemple, vous pouvez visiter un des ch\u00e2teaux ou profiter des sources chaudes dans un <a href=\"https:\/\/www.leukerbad.ch\/therme\" data-type=\"link\" data-id=\"https:\/\/www.leukerbad.ch\/therme\" target=\"_blank\" rel=\"noreferrer noopener\">spa<\/a>. Pour les familles avec enfants, une visite au <a href=\"https:\/\/thermalbad-wallis.ch\/de\" data-type=\"link\" data-id=\"https:\/\/thermalbad-wallis.ch\/de\" target=\"_blank\" rel=\"noreferrer noopener\">Brigerbad<\/a>, une grande piscine thermale et spa, est fortement recommand\u00e9e. Comme les \u00e9t\u00e9s dans la vall\u00e9e du Rh\u00f4ne peuvent \u00eatre tr\u00e8s chauds, il est agr\u00e9able de revenir au frais L\u00f6tschental, o\u00f9 l&rsquo;air pur de la montagne vous permet de respirer librement, et o\u00f9 les nuits, gr\u00e2ce \u00e0 l&rsquo;altitude, ne deviennent jamais trop chaudes.<\/p>\n\n\n\n<p>De novembre \u00e0 avril, tous nos clients re\u00e7oivent la <a href=\"https:\/\/www.loetschental.ch\/de\/info-service\/gaestekarte-loetschental-card-164\" data-type=\"link\" data-id=\"https:\/\/www.loetschental.ch\/de\/info-service\/gaestekarte-loetschental-card-164\" target=\"_blank\" rel=\"noreferrer noopener\">carte L\u00f6tschental<\/a>, qui leur permet de profiter de divers avantages. En dehors de la saison des sports d\u2019hiver, vous pouvez par exemple utiliser gratuitement le t\u00e9l\u00e9ph\u00e9rique de Wiler \u00e0 Lauchernalp et voyager en Postbus entre Goppenstein et Fafleralp. Vous avez \u00e9galement acc\u00e8s gratuitement \u00e0 la piscine couverte de Steg et au mus\u00e9e du L\u00f6tschental, et vous pouvez profiter d&rsquo;une partie de mini-golf sans frais suppl\u00e9mentaires.<\/p>\n\n\n\n<figure class=\"wp-block-gallery has-nested-images columns-default is-cropped wp-block-gallery-1 is-layout-flex wp-block-gallery-is-layout-flex\">\n<figure class=\"wp-block-image size-large\"><img loading=\"lazy\" decoding=\"async\" width=\"1200\" height=\"675\" data-id=\"788\" src=\"https:\/\/chaletinwallis.info\/wp-content\/uploads\/2024\/10\/MQ-IMG-20170822-WA0036.jpg\" alt=\"\" class=\"wp-image-788\" srcset=\"https:\/\/chaletinwallis.info\/wp-content\/uploads\/2024\/10\/MQ-IMG-20170822-WA0036.jpg 1200w, https:\/\/chaletinwallis.info\/wp-content\/uploads\/2024\/10\/MQ-IMG-20170822-WA0036-768x432.jpg 768w, https:\/\/chaletinwallis.info\/wp-content\/uploads\/2024\/10\/MQ-IMG-20170822-WA0036-800x450.jpg 800w\" sizes=\"auto, (max-width: 1200px) 100vw, 1200px\" \/><\/figure>\n\n\n\n<figure class=\"wp-block-image size-large\"><img loading=\"lazy\" decoding=\"async\" width=\"900\" height=\"1200\" data-id=\"799\" src=\"https:\/\/chaletinwallis.info\/wp-content\/uploads\/2024\/10\/MQ-008-3.jpg\" alt=\"\" class=\"wp-image-799\" srcset=\"https:\/\/chaletinwallis.info\/wp-content\/uploads\/2024\/10\/MQ-008-3.jpg 900w, https:\/\/chaletinwallis.info\/wp-content\/uploads\/2024\/10\/MQ-008-3-768x1024.jpg 768w, https:\/\/chaletinwallis.info\/wp-content\/uploads\/2024\/10\/MQ-008-3-800x1067.jpg 800w\" sizes=\"auto, (max-width: 900px) 100vw, 900px\" \/><\/figure>\n\n\n\n<figure class=\"wp-block-image size-large\"><img loading=\"lazy\" decoding=\"async\" width=\"900\" height=\"1200\" data-id=\"749\" src=\"https:\/\/chaletinwallis.info\/wp-content\/uploads\/2024\/10\/MQ-20190621_094640-rotated.jpg\" alt=\"\" class=\"wp-image-749\" srcset=\"https:\/\/chaletinwallis.info\/wp-content\/uploads\/2024\/10\/MQ-20190621_094640-rotated.jpg 900w, https:\/\/chaletinwallis.info\/wp-content\/uploads\/2024\/10\/MQ-20190621_094640-768x1024.jpg 768w, https:\/\/chaletinwallis.info\/wp-content\/uploads\/2024\/10\/MQ-20190621_094640-800x1067.jpg 800w\" sizes=\"auto, (max-width: 900px) 100vw, 900px\" \/><\/figure>\n\n\n\n<figure class=\"wp-block-image size-large\"><img loading=\"lazy\" decoding=\"async\" width=\"1200\" height=\"900\" data-id=\"660\" src=\"https:\/\/chaletinwallis.info\/wp-content\/uploads\/2024\/10\/MQ-2006-059.jpg\" alt=\"\" class=\"wp-image-660\" srcset=\"https:\/\/chaletinwallis.info\/wp-content\/uploads\/2024\/10\/MQ-2006-059.jpg 1200w, https:\/\/chaletinwallis.info\/wp-content\/uploads\/2024\/10\/MQ-2006-059-768x576.jpg 768w, https:\/\/chaletinwallis.info\/wp-content\/uploads\/2024\/10\/MQ-2006-059-800x600.jpg 800w\" sizes=\"auto, (max-width: 1200px) 100vw, 1200px\" \/><\/figure>\n\n\n\n<figure class=\"wp-block-image size-large\"><img loading=\"lazy\" decoding=\"async\" width=\"900\" height=\"1200\" data-id=\"677\" src=\"https:\/\/chaletinwallis.info\/wp-content\/uploads\/2024\/10\/MQ-20190620_112536-rotated.jpg\" alt=\"\" class=\"wp-image-677\" srcset=\"https:\/\/chaletinwallis.info\/wp-content\/uploads\/2024\/10\/MQ-20190620_112536-rotated.jpg 900w, https:\/\/chaletinwallis.info\/wp-content\/uploads\/2024\/10\/MQ-20190620_112536-768x1024.jpg 768w, https:\/\/chaletinwallis.info\/wp-content\/uploads\/2024\/10\/MQ-20190620_112536-800x1067.jpg 800w\" sizes=\"auto, (max-width: 900px) 100vw, 900px\" \/><\/figure>\n\n\n\n<figure class=\"wp-block-image size-large\"><img loading=\"lazy\" decoding=\"async\" width=\"900\" height=\"1200\" data-id=\"687\" src=\"https:\/\/chaletinwallis.info\/wp-content\/uploads\/2024\/10\/MQ-20210924_125033-rotated.jpg\" alt=\"\" class=\"wp-image-687\" srcset=\"https:\/\/chaletinwallis.info\/wp-content\/uploads\/2024\/10\/MQ-20210924_125033-rotated.jpg 900w, https:\/\/chaletinwallis.info\/wp-content\/uploads\/2024\/10\/MQ-20210924_125033-768x1024.jpg 768w, https:\/\/chaletinwallis.info\/wp-content\/uploads\/2024\/10\/MQ-20210924_125033-800x1067.jpg 800w\" sizes=\"auto, (max-width: 900px) 100vw, 900px\" \/><\/figure>\n\n\n\n<figure class=\"wp-block-image size-full\"><img loading=\"lazy\" decoding=\"async\" width=\"675\" height=\"1200\" data-id=\"1899\" src=\"https:\/\/chaletinwallis.info\/wp-content\/uploads\/2024\/10\/MQ-IMG-20190625-WA0007-scaledresized.jpg\" alt=\"\" class=\"wp-image-1899\"\/><\/figure>\n\n\n\n<figure class=\"wp-block-image size-large\"><img loading=\"lazy\" decoding=\"async\" width=\"900\" height=\"1200\" data-id=\"755\" src=\"https:\/\/chaletinwallis.info\/wp-content\/uploads\/2024\/10\/MQ-20220522_100126-rotated.jpg\" alt=\"\" class=\"wp-image-755\" srcset=\"https:\/\/chaletinwallis.info\/wp-content\/uploads\/2024\/10\/MQ-20220522_100126-rotated.jpg 900w, https:\/\/chaletinwallis.info\/wp-content\/uploads\/2024\/10\/MQ-20220522_100126-768x1024.jpg 768w, https:\/\/chaletinwallis.info\/wp-content\/uploads\/2024\/10\/MQ-20220522_100126-800x1067.jpg 800w\" sizes=\"auto, (max-width: 900px) 100vw, 900px\" \/><\/figure>\n<\/figure>\n\n\n\n<p><\/p>\n","protected":false},"excerpt":{"rendered":"<p>Chalet de Compagnie est situ\u00e9 dans le L\u00f6tschental, en Valais, l&rsquo;un des plus beaux domaines de randonn\u00e9e des Alpes. Notre chalet se trouve sur le versant sud de cette vall\u00e9e ensoleill\u00e9e, d\u2019o\u00f9 vous pouvez partir pour une vari\u00e9t\u00e9 de randonn\u00e9es et d\u2019escalades \u00e0 travers la nature pr\u00e9serv\u00e9e du L\u00f6tschental et de ses environs. Ces excursions [&hellip;]<\/p>\n","protected":false},"author":1,"featured_media":1279,"parent":0,"menu_order":0,"comment_status":"closed","ping_status":"closed","template":"template-page-no-sidebar.php","meta":{"_coblocks_attr":"","_coblocks_dimensions":"","_coblocks_responsive_height":"","_coblocks_accordion_ie_support":"","inline_featured_image":false,"footnotes":""},"class_list":["post-1930","page","type-page","status-publish","has-post-thumbnail","hentry"],"yoast_head":"<!-- This site is optimized with the Yoast SEO plugin v27.5 - https:\/\/yoast.com\/product\/yoast-seo-wordpress\/ -->\n<title>L&#039;\u00e9t\u00e9 - Chalet de Compagnie<\/title>\n<meta name=\"robots\" content=\"index, follow, max-snippet:-1, max-image-preview:large, max-video-preview:-1\" \/>\n<link rel=\"canonical\" href=\"https:\/\/chaletinwallis.info\/fr\/lete\/\" \/>\n<meta property=\"og:locale\" content=\"fr_FR\" \/>\n<meta property=\"og:type\" content=\"article\" \/>\n<meta property=\"og:title\" content=\"L&#039;\u00e9t\u00e9 - Chalet de Compagnie\" \/>\n<meta property=\"og:description\" content=\"Chalet de Compagnie est situ\u00e9 dans le L\u00f6tschental, en Valais, l&rsquo;un des plus beaux domaines de randonn\u00e9e des Alpes. Notre chalet se trouve sur le versant sud de cette vall\u00e9e ensoleill\u00e9e, d\u2019o\u00f9 vous pouvez partir pour une vari\u00e9t\u00e9 de randonn\u00e9es et d\u2019escalades \u00e0 travers la nature pr\u00e9serv\u00e9e du L\u00f6tschental et de ses environs. Ces excursions [&hellip;]\" \/>\n<meta property=\"og:url\" content=\"https:\/\/chaletinwallis.info\/fr\/lete\/\" \/>\n<meta property=\"og:site_name\" content=\"Chalet de Compagnie\" \/>\n<meta property=\"article:modified_time\" content=\"2024-10-24T18:12:05+00:00\" \/>\n<meta property=\"og:image\" content=\"https:\/\/chaletinwallis.info\/wp-content\/uploads\/2024\/10\/HQ-20190621_093652-EFFECTS-scaled.jpg\" \/>\n\t<meta property=\"og:image:width\" content=\"1920\" \/>\n\t<meta property=\"og:image:height\" content=\"2560\" \/>\n\t<meta property=\"og:image:type\" content=\"image\/jpeg\" \/>\n<meta name=\"twitter:card\" content=\"summary_large_image\" \/>\n<meta name=\"twitter:label1\" content=\"Dur\u00e9e de lecture estim\u00e9e\" \/>\n\t<meta name=\"twitter:data1\" content=\"2 minutes\" \/>\n<script type=\"application\/ld+json\" class=\"yoast-schema-graph\">{\"@context\":\"https:\\\/\\\/schema.org\",\"@graph\":[{\"@type\":\"WebPage\",\"@id\":\"https:\\\/\\\/chaletinwallis.info\\\/fr\\\/lete\\\/\",\"url\":\"https:\\\/\\\/chaletinwallis.info\\\/fr\\\/lete\\\/\",\"name\":\"L'\u00e9t\u00e9 - Chalet de Compagnie\",\"isPartOf\":{\"@id\":\"https:\\\/\\\/chaletinwallis.info\\\/fr\\\/#website\"},\"primaryImageOfPage\":{\"@id\":\"https:\\\/\\\/chaletinwallis.info\\\/fr\\\/lete\\\/#primaryimage\"},\"image\":{\"@id\":\"https:\\\/\\\/chaletinwallis.info\\\/fr\\\/lete\\\/#primaryimage\"},\"thumbnailUrl\":\"https:\\\/\\\/chaletinwallis.info\\\/wp-content\\\/uploads\\\/2024\\\/10\\\/HQ-20190621_093652-EFFECTS-scaled.jpg\",\"datePublished\":\"2018-07-02T13:04:27+00:00\",\"dateModified\":\"2024-10-24T18:12:05+00:00\",\"breadcrumb\":{\"@id\":\"https:\\\/\\\/chaletinwallis.info\\\/fr\\\/lete\\\/#breadcrumb\"},\"inLanguage\":\"fr-FR\",\"potentialAction\":[{\"@type\":\"ReadAction\",\"target\":[\"https:\\\/\\\/chaletinwallis.info\\\/fr\\\/lete\\\/\"]}]},{\"@type\":\"ImageObject\",\"inLanguage\":\"fr-FR\",\"@id\":\"https:\\\/\\\/chaletinwallis.info\\\/fr\\\/lete\\\/#primaryimage\",\"url\":\"https:\\\/\\\/chaletinwallis.info\\\/wp-content\\\/uploads\\\/2024\\\/10\\\/HQ-20190621_093652-EFFECTS-scaled.jpg\",\"contentUrl\":\"https:\\\/\\\/chaletinwallis.info\\\/wp-content\\\/uploads\\\/2024\\\/10\\\/HQ-20190621_093652-EFFECTS-scaled.jpg\",\"width\":1920,\"height\":2560},{\"@type\":\"BreadcrumbList\",\"@id\":\"https:\\\/\\\/chaletinwallis.info\\\/fr\\\/lete\\\/#breadcrumb\",\"itemListElement\":[{\"@type\":\"ListItem\",\"position\":1,\"name\":\"Home\",\"item\":\"https:\\\/\\\/chaletinwallis.info\\\/fr\\\/home\\\/\"},{\"@type\":\"ListItem\",\"position\":2,\"name\":\"L&#8217;\u00e9t\u00e9\"}]},{\"@type\":\"WebSite\",\"@id\":\"https:\\\/\\\/chaletinwallis.info\\\/fr\\\/#website\",\"url\":\"https:\\\/\\\/chaletinwallis.info\\\/fr\\\/\",\"name\":\"CHALET de COMPAGNIE\",\"description\":\"Joyau du L\u00f6tschental\",\"publisher\":{\"@id\":\"https:\\\/\\\/chaletinwallis.info\\\/fr\\\/#organization\"},\"potentialAction\":[{\"@type\":\"SearchAction\",\"target\":{\"@type\":\"EntryPoint\",\"urlTemplate\":\"https:\\\/\\\/chaletinwallis.info\\\/fr\\\/?s={search_term_string}\"},\"query-input\":{\"@type\":\"PropertyValueSpecification\",\"valueRequired\":true,\"valueName\":\"search_term_string\"}}],\"inLanguage\":\"fr-FR\"},{\"@type\":\"Organization\",\"@id\":\"https:\\\/\\\/chaletinwallis.info\\\/fr\\\/#organization\",\"name\":\"CHALET de COMPAGNIE\",\"url\":\"https:\\\/\\\/chaletinwallis.info\\\/fr\\\/\",\"logo\":{\"@type\":\"ImageObject\",\"inLanguage\":\"fr-FR\",\"@id\":\"https:\\\/\\\/chaletinwallis.info\\\/fr\\\/#\\\/schema\\\/logo\\\/image\\\/\",\"url\":\"https:\\\/\\\/chaletinwallis.info\\\/wp-content\\\/uploads\\\/2024\\\/10\\\/2008-060-gedraaidcropped-N1-scaled.jpg\",\"contentUrl\":\"https:\\\/\\\/chaletinwallis.info\\\/wp-content\\\/uploads\\\/2024\\\/10\\\/2008-060-gedraaidcropped-N1-scaled.jpg\",\"width\":2560,\"height\":1384,\"caption\":\"CHALET de COMPAGNIE\"},\"image\":{\"@id\":\"https:\\\/\\\/chaletinwallis.info\\\/fr\\\/#\\\/schema\\\/logo\\\/image\\\/\"}}]}<\/script>\n<!-- \/ Yoast SEO plugin. -->","yoast_head_json":{"title":"L'\u00e9t\u00e9 - Chalet de Compagnie","robots":{"index":"index","follow":"follow","max-snippet":"max-snippet:-1","max-image-preview":"max-image-preview:large","max-video-preview":"max-video-preview:-1"},"canonical":"https:\/\/chaletinwallis.info\/fr\/lete\/","og_locale":"fr_FR","og_type":"article","og_title":"L'\u00e9t\u00e9 - Chalet de Compagnie","og_description":"Chalet de Compagnie est situ\u00e9 dans le L\u00f6tschental, en Valais, l&rsquo;un des plus beaux domaines de randonn\u00e9e des Alpes. Notre chalet se trouve sur le versant sud de cette vall\u00e9e ensoleill\u00e9e, d\u2019o\u00f9 vous pouvez partir pour une vari\u00e9t\u00e9 de randonn\u00e9es et d\u2019escalades \u00e0 travers la nature pr\u00e9serv\u00e9e du L\u00f6tschental et de ses environs. Ces excursions [&hellip;]","og_url":"https:\/\/chaletinwallis.info\/fr\/lete\/","og_site_name":"Chalet de Compagnie","article_modified_time":"2024-10-24T18:12:05+00:00","og_image":[{"width":1920,"height":2560,"url":"https:\/\/chaletinwallis.info\/wp-content\/uploads\/2024\/10\/HQ-20190621_093652-EFFECTS-scaled.jpg","type":"image\/jpeg"}],"twitter_card":"summary_large_image","twitter_misc":{"Dur\u00e9e de lecture estim\u00e9e":"2 minutes"},"schema":{"@context":"https:\/\/schema.org","@graph":[{"@type":"WebPage","@id":"https:\/\/chaletinwallis.info\/fr\/lete\/","url":"https:\/\/chaletinwallis.info\/fr\/lete\/","name":"L'\u00e9t\u00e9 - Chalet de Compagnie","isPartOf":{"@id":"https:\/\/chaletinwallis.info\/fr\/#website"},"primaryImageOfPage":{"@id":"https:\/\/chaletinwallis.info\/fr\/lete\/#primaryimage"},"image":{"@id":"https:\/\/chaletinwallis.info\/fr\/lete\/#primaryimage"},"thumbnailUrl":"https:\/\/chaletinwallis.info\/wp-content\/uploads\/2024\/10\/HQ-20190621_093652-EFFECTS-scaled.jpg","datePublished":"2018-07-02T13:04:27+00:00","dateModified":"2024-10-24T18:12:05+00:00","breadcrumb":{"@id":"https:\/\/chaletinwallis.info\/fr\/lete\/#breadcrumb"},"inLanguage":"fr-FR","potentialAction":[{"@type":"ReadAction","target":["https:\/\/chaletinwallis.info\/fr\/lete\/"]}]},{"@type":"ImageObject","inLanguage":"fr-FR","@id":"https:\/\/chaletinwallis.info\/fr\/lete\/#primaryimage","url":"https:\/\/chaletinwallis.info\/wp-content\/uploads\/2024\/10\/HQ-20190621_093652-EFFECTS-scaled.jpg","contentUrl":"https:\/\/chaletinwallis.info\/wp-content\/uploads\/2024\/10\/HQ-20190621_093652-EFFECTS-scaled.jpg","width":1920,"height":2560},{"@type":"BreadcrumbList","@id":"https:\/\/chaletinwallis.info\/fr\/lete\/#breadcrumb","itemListElement":[{"@type":"ListItem","position":1,"name":"Home","item":"https:\/\/chaletinwallis.info\/fr\/home\/"},{"@type":"ListItem","position":2,"name":"L&#8217;\u00e9t\u00e9"}]},{"@type":"WebSite","@id":"https:\/\/chaletinwallis.info\/fr\/#website","url":"https:\/\/chaletinwallis.info\/fr\/","name":"CHALET de COMPAGNIE","description":"Joyau du L\u00f6tschental","publisher":{"@id":"https:\/\/chaletinwallis.info\/fr\/#organization"},"potentialAction":[{"@type":"SearchAction","target":{"@type":"EntryPoint","urlTemplate":"https:\/\/chaletinwallis.info\/fr\/?s={search_term_string}"},"query-input":{"@type":"PropertyValueSpecification","valueRequired":true,"valueName":"search_term_string"}}],"inLanguage":"fr-FR"},{"@type":"Organization","@id":"https:\/\/chaletinwallis.info\/fr\/#organization","name":"CHALET de COMPAGNIE","url":"https:\/\/chaletinwallis.info\/fr\/","logo":{"@type":"ImageObject","inLanguage":"fr-FR","@id":"https:\/\/chaletinwallis.info\/fr\/#\/schema\/logo\/image\/","url":"https:\/\/chaletinwallis.info\/wp-content\/uploads\/2024\/10\/2008-060-gedraaidcropped-N1-scaled.jpg","contentUrl":"https:\/\/chaletinwallis.info\/wp-content\/uploads\/2024\/10\/2008-060-gedraaidcropped-N1-scaled.jpg","width":2560,"height":1384,"caption":"CHALET de COMPAGNIE"},"image":{"@id":"https:\/\/chaletinwallis.info\/fr\/#\/schema\/logo\/image\/"}}]}},"jetpack_sharing_enabled":true,"_links":{"self":[{"href":"https:\/\/chaletinwallis.info\/fr\/wp-json\/wp\/v2\/pages\/1930","targetHints":{"allow":["GET"]}}],"collection":[{"href":"https:\/\/chaletinwallis.info\/fr\/wp-json\/wp\/v2\/pages"}],"about":[{"href":"https:\/\/chaletinwallis.info\/fr\/wp-json\/wp\/v2\/types\/page"}],"author":[{"embeddable":true,"href":"https:\/\/chaletinwallis.info\/fr\/wp-json\/wp\/v2\/users\/1"}],"replies":[{"embeddable":true,"href":"https:\/\/chaletinwallis.info\/fr\/wp-json\/wp\/v2\/comments?post=1930"}],"version-history":[{"count":0,"href":"https:\/\/chaletinwallis.info\/fr\/wp-json\/wp\/v2\/pages\/1930\/revisions"}],"wp:featuredmedia":[{"embeddable":true,"href":"https:\/\/chaletinwallis.info\/fr\/wp-json\/wp\/v2\/media\/1279"}],"wp:attachment":[{"href":"https:\/\/chaletinwallis.info\/fr\/wp-json\/wp\/v2\/media?parent=1930"}],"curies":[{"name":"wp","href":"https:\/\/api.w.org\/{rel}","templated":true}]}}