{"id":1924,"date":"2018-06-28T11:17:12","date_gmt":"2018-06-28T11:17:12","guid":{"rendered":"https:\/\/chaletinwallis.info\/?page_id=1924"},"modified":"2024-11-26T17:06:21","modified_gmt":"2024-11-26T17:06:21","slug":"hiver","status":"publish","type":"page","link":"https:\/\/chaletinwallis.info\/fr\/hiver\/","title":{"rendered":"Hiver"},"content":{"rendered":"\n<p>\u00c0 quelques pas du <em>Chalet de Compagnie<\/em>, vous trouverez le Seilbahn qui vous conduira au domaine skiable ensoleill\u00e9 et tr\u00e8s bien enneig\u00e9 de<a href=\"https:\/\/www.loetschental.ch\/de\/aktivitaeten\/ski-und-snowboard\" target=\"_blank\" rel=\"noreferrer noopener\"> Lauchernalp<\/a>. L&rsquo;enneigement est assur\u00e9 parce que le f\u0153hn, le vent chaud du sud, souffle sur la vall\u00e9e du L\u00f6tschental.<\/p>\n\n\n\n<p>La <a href=\"https:\/\/www.loetschental.ch\/de\/aktivitaeten\/skigebiet-lauchernalp-loetschental-129\" target=\"_blank\" rel=\"noreferrer noopener\">Lauchernalp<\/a> est un domaine skiable relativement petit qui offre un nombre surprenant de possibilit\u00e9s. Le ski hors-piste sur le glacier est une exp\u00e9rience vraiment sp\u00e9ciale. Le domaine skiable est appr\u00e9ci\u00e9 par les Suisses eux-m\u00eames, en partie parce qu&rsquo;il n&rsquo;est pas trop fr\u00e9quent\u00e9 et offre des possibilit\u00e9s de ski tr\u00e8s vari\u00e9es. La Lauchernalp est souvent utilis\u00e9e comme point de d\u00e9part pour des itin\u00e9raires de ski de randonn\u00e9e.<\/p>\n\n\n\n<p>En hiver, le nouveau t\u00e9l\u00e9ph\u00e9rique Gletcherseilbahn vous emm\u00e8ne en un clin d&rsquo;\u0153il sur les neiges \u00e9ternelles \u00e0 3111 m\u00e8tres d&rsquo;altitude, d&rsquo;o\u00f9 vous pouvez contempler l&rsquo;Oberland bernois par-dessus la cr\u00eate. Apr\u00e8s une journ\u00e9e sur la Lauchernalp, vous pouvez g\u00e9n\u00e9ralement descendre en ski, en planche ou en luge dans la vall\u00e9e jusqu&rsquo;au chalet.<\/p>\n\n\n\n<p><a href=\"http:\/\/www.coolschool.ch\/\" target=\"_blank\" rel=\"noreferrer noopener\">Les moniteurs de ski locaux<\/a> se feront un plaisir de vous emmener en excursion d&rsquo;une journ\u00e9e, munis d&rsquo;un sac \u00e0 dos avec pelle, d&rsquo;une boussole et d&rsquo;une alarme radio. Le snowboard et le Telemarken, de nouveau tr\u00e8s populaire, y sont \u00e9galement largement pratiqu\u00e9s.<\/p>\n\n\n\n<p>Vous trouverez \u00e9galement 30 kilom\u00e8tres de pistes de ski de fond dans la vall\u00e9e du L\u00f6tschental, \u00e0 travers les for\u00eats et les plus beaux sites.<\/p>\n\n\n\n<figure class=\"wp-block-gallery has-nested-images columns-default is-cropped wp-block-gallery-1 is-layout-flex wp-block-gallery-is-layout-flex\">\n<figure class=\"wp-block-image size-large\"><img loading=\"lazy\" decoding=\"async\" width=\"900\" height=\"1200\" data-id=\"661\" src=\"https:\/\/chaletinwallis.info\/wp-content\/uploads\/2024\/10\/MQ-2008-015.jpg\" alt=\"\" class=\"wp-image-661\" srcset=\"https:\/\/chaletinwallis.info\/wp-content\/uploads\/2024\/10\/MQ-2008-015.jpg 900w, https:\/\/chaletinwallis.info\/wp-content\/uploads\/2024\/10\/MQ-2008-015-768x1024.jpg 768w, https:\/\/chaletinwallis.info\/wp-content\/uploads\/2024\/10\/MQ-2008-015-800x1067.jpg 800w\" sizes=\"auto, (max-width: 900px) 100vw, 900px\" \/><\/figure>\n\n\n\n<figure class=\"wp-block-image size-large\"><img loading=\"lazy\" decoding=\"async\" width=\"1200\" height=\"900\" data-id=\"670\" src=\"https:\/\/chaletinwallis.info\/wp-content\/uploads\/2024\/10\/MQ-20181218_133106.jpg\" alt=\"\" class=\"wp-image-670\" srcset=\"https:\/\/chaletinwallis.info\/wp-content\/uploads\/2024\/10\/MQ-20181218_133106.jpg 1200w, https:\/\/chaletinwallis.info\/wp-content\/uploads\/2024\/10\/MQ-20181218_133106-768x576.jpg 768w, https:\/\/chaletinwallis.info\/wp-content\/uploads\/2024\/10\/MQ-20181218_133106-800x600.jpg 800w\" sizes=\"auto, (max-width: 1200px) 100vw, 1200px\" \/><\/figure>\n\n\n\n<figure class=\"wp-block-image size-large\"><img loading=\"lazy\" decoding=\"async\" width=\"1200\" height=\"900\" data-id=\"674\" src=\"https:\/\/chaletinwallis.info\/wp-content\/uploads\/2024\/10\/MQ-20181228_130526-EFFECTS.jpg\" alt=\"\" class=\"wp-image-674\" srcset=\"https:\/\/chaletinwallis.info\/wp-content\/uploads\/2024\/10\/MQ-20181228_130526-EFFECTS.jpg 1200w, https:\/\/chaletinwallis.info\/wp-content\/uploads\/2024\/10\/MQ-20181228_130526-EFFECTS-768x576.jpg 768w, https:\/\/chaletinwallis.info\/wp-content\/uploads\/2024\/10\/MQ-20181228_130526-EFFECTS-800x600.jpg 800w\" sizes=\"auto, (max-width: 1200px) 100vw, 1200px\" \/><\/figure>\n\n\n\n<figure class=\"wp-block-image size-full\"><img loading=\"lazy\" decoding=\"async\" width=\"1200\" height=\"900\" data-id=\"1904\" src=\"https:\/\/chaletinwallis.info\/wp-content\/uploads\/2024\/10\/HQ-2008-058-gedraaid.jpg\" alt=\"\" class=\"wp-image-1904\" srcset=\"https:\/\/chaletinwallis.info\/wp-content\/uploads\/2024\/10\/HQ-2008-058-gedraaid.jpg 1200w, https:\/\/chaletinwallis.info\/wp-content\/uploads\/2024\/10\/HQ-2008-058-gedraaid-768x576.jpg 768w, https:\/\/chaletinwallis.info\/wp-content\/uploads\/2024\/10\/HQ-2008-058-gedraaid-800x600.jpg 800w\" sizes=\"auto, (max-width: 1200px) 100vw, 1200px\" \/><\/figure>\n\n\n\n<figure class=\"wp-block-image size-full\"><img loading=\"lazy\" decoding=\"async\" width=\"1920\" height=\"2560\" data-id=\"1908\" src=\"https:\/\/chaletinwallis.info\/wp-content\/uploads\/2024\/10\/HQ-20181220_122205-gedraaid-scaled.jpg\" alt=\"\" class=\"wp-image-1908\" srcset=\"https:\/\/chaletinwallis.info\/wp-content\/uploads\/2024\/10\/HQ-20181220_122205-gedraaid-scaled.jpg 1920w, https:\/\/chaletinwallis.info\/wp-content\/uploads\/2024\/10\/HQ-20181220_122205-gedraaid-768x1024.jpg 768w, https:\/\/chaletinwallis.info\/wp-content\/uploads\/2024\/10\/HQ-20181220_122205-gedraaid-1152x1536.jpg 1152w, https:\/\/chaletinwallis.info\/wp-content\/uploads\/2024\/10\/HQ-20181220_122205-gedraaid-1536x2048.jpg 1536w, https:\/\/chaletinwallis.info\/wp-content\/uploads\/2024\/10\/HQ-20181220_122205-gedraaid-800x1067.jpg 800w, https:\/\/chaletinwallis.info\/wp-content\/uploads\/2024\/10\/HQ-20181220_122205-gedraaid-1516x2022.jpg 1516w\" sizes=\"auto, (max-width: 1920px) 100vw, 1920px\" \/><\/figure>\n\n\n\n<figure class=\"wp-block-image size-large\"><img loading=\"lazy\" decoding=\"async\" width=\"900\" height=\"1200\" data-id=\"689\" src=\"https:\/\/chaletinwallis.info\/wp-content\/uploads\/2024\/10\/MQ-20211217_123152-rotated.jpg\" alt=\"\" class=\"wp-image-689\" srcset=\"https:\/\/chaletinwallis.info\/wp-content\/uploads\/2024\/10\/MQ-20211217_123152-rotated.jpg 900w, https:\/\/chaletinwallis.info\/wp-content\/uploads\/2024\/10\/MQ-20211217_123152-768x1024.jpg 768w, https:\/\/chaletinwallis.info\/wp-content\/uploads\/2024\/10\/MQ-20211217_123152-800x1067.jpg 800w\" sizes=\"auto, (max-width: 900px) 100vw, 900px\" \/><\/figure>\n\n\n\n<figure class=\"wp-block-image size-large\"><img loading=\"lazy\" decoding=\"async\" width=\"503\" height=\"404\" data-id=\"698\" src=\"https:\/\/chaletinwallis.info\/wp-content\/uploads\/2024\/10\/MQ-guido-lauchern.jpg\" alt=\"\" class=\"wp-image-698\"\/><\/figure>\n\n\n\n<figure class=\"wp-block-image size-full\"><img loading=\"lazy\" decoding=\"async\" width=\"1277\" height=\"2273\" data-id=\"1912\" src=\"https:\/\/chaletinwallis.info\/wp-content\/uploads\/2024\/10\/HQ-IMG-20150429-WA0005-GEDRAAID.jpeg\" alt=\"\" class=\"wp-image-1912\" srcset=\"https:\/\/chaletinwallis.info\/wp-content\/uploads\/2024\/10\/HQ-IMG-20150429-WA0005-GEDRAAID.jpeg 1277w, https:\/\/chaletinwallis.info\/wp-content\/uploads\/2024\/10\/HQ-IMG-20150429-WA0005-GEDRAAID-768x1367.jpeg 768w, https:\/\/chaletinwallis.info\/wp-content\/uploads\/2024\/10\/HQ-IMG-20150429-WA0005-GEDRAAID-863x1536.jpeg 863w, https:\/\/chaletinwallis.info\/wp-content\/uploads\/2024\/10\/HQ-IMG-20150429-WA0005-GEDRAAID-1151x2048.jpeg 1151w, https:\/\/chaletinwallis.info\/wp-content\/uploads\/2024\/10\/HQ-IMG-20150429-WA0005-GEDRAAID-800x1424.jpeg 800w\" sizes=\"auto, (max-width: 1277px) 100vw, 1277px\" \/><\/figure>\n\n\n\n<figure class=\"wp-block-image size-large\"><img loading=\"lazy\" decoding=\"async\" width=\"900\" height=\"1200\" data-id=\"746\" src=\"https:\/\/chaletinwallis.info\/wp-content\/uploads\/2024\/10\/MQ-20181228_130538-rotated.jpg\" alt=\"\" class=\"wp-image-746\" srcset=\"https:\/\/chaletinwallis.info\/wp-content\/uploads\/2024\/10\/MQ-20181228_130538-rotated.jpg 900w, https:\/\/chaletinwallis.info\/wp-content\/uploads\/2024\/10\/MQ-20181228_130538-768x1024.jpg 768w, https:\/\/chaletinwallis.info\/wp-content\/uploads\/2024\/10\/MQ-20181228_130538-800x1067.jpg 800w\" sizes=\"auto, (max-width: 900px) 100vw, 900px\" \/><\/figure>\n<\/figure>\n","protected":false},"excerpt":{"rendered":"<p>\u00c0 quelques pas du Chalet de Compagnie, vous trouverez le Seilbahn qui vous conduira au domaine skiable ensoleill\u00e9 et tr\u00e8s bien enneig\u00e9 de Lauchernalp. L&rsquo;enneigement est assur\u00e9 parce que le f\u0153hn, le vent chaud du sud, souffle sur la vall\u00e9e du L\u00f6tschental. La Lauchernalp est un domaine skiable relativement petit qui offre un nombre surprenant [&hellip;]<\/p>\n","protected":false},"author":1,"featured_media":2051,"parent":0,"menu_order":0,"comment_status":"closed","ping_status":"closed","template":"template-grid-page-no-sidebar.php","meta":{"_coblocks_attr":"","_coblocks_dimensions":"","_coblocks_responsive_height":"","_coblocks_accordion_ie_support":"","inline_featured_image":false,"footnotes":""},"class_list":["post-1924","page","type-page","status-publish","has-post-thumbnail","hentry"],"yoast_head":"<!-- This site is optimized with the Yoast SEO plugin v27.5 - https:\/\/yoast.com\/product\/yoast-seo-wordpress\/ -->\n<title>Hiver - Chalet de Compagnie<\/title>\n<meta name=\"robots\" content=\"index, follow, max-snippet:-1, max-image-preview:large, max-video-preview:-1\" \/>\n<link rel=\"canonical\" href=\"https:\/\/chaletinwallis.info\/fr\/hiver\/\" \/>\n<meta property=\"og:locale\" content=\"fr_FR\" \/>\n<meta property=\"og:type\" content=\"article\" \/>\n<meta property=\"og:title\" content=\"Hiver - Chalet de Compagnie\" \/>\n<meta property=\"og:description\" content=\"\u00c0 quelques pas du Chalet de Compagnie, vous trouverez le Seilbahn qui vous conduira au domaine skiable ensoleill\u00e9 et tr\u00e8s bien enneig\u00e9 de Lauchernalp. L&rsquo;enneigement est assur\u00e9 parce que le f\u0153hn, le vent chaud du sud, souffle sur la vall\u00e9e du L\u00f6tschental. La Lauchernalp est un domaine skiable relativement petit qui offre un nombre surprenant [&hellip;]\" \/>\n<meta property=\"og:url\" content=\"https:\/\/chaletinwallis.info\/fr\/hiver\/\" \/>\n<meta property=\"og:site_name\" content=\"Chalet de Compagnie\" \/>\n<meta property=\"article:modified_time\" content=\"2024-11-26T17:06:21+00:00\" \/>\n<meta property=\"og:image\" content=\"https:\/\/chaletinwallis.info\/wp-content\/uploads\/2024\/10\/HQ-2008-032-anders.jpg\" \/>\n\t<meta property=\"og:image:width\" content=\"2448\" \/>\n\t<meta property=\"og:image:height\" content=\"2063\" \/>\n\t<meta property=\"og:image:type\" content=\"image\/jpeg\" \/>\n<meta name=\"twitter:card\" content=\"summary_large_image\" \/>\n<meta name=\"twitter:label1\" content=\"Dur\u00e9e de lecture estim\u00e9e\" \/>\n\t<meta name=\"twitter:data1\" content=\"4 minutes\" \/>\n<script type=\"application\/ld+json\" class=\"yoast-schema-graph\">{\"@context\":\"https:\\\/\\\/schema.org\",\"@graph\":[{\"@type\":\"WebPage\",\"@id\":\"https:\\\/\\\/chaletinwallis.info\\\/fr\\\/hiver\\\/\",\"url\":\"https:\\\/\\\/chaletinwallis.info\\\/fr\\\/hiver\\\/\",\"name\":\"Hiver - Chalet de Compagnie\",\"isPartOf\":{\"@id\":\"https:\\\/\\\/chaletinwallis.info\\\/fr\\\/#website\"},\"primaryImageOfPage\":{\"@id\":\"https:\\\/\\\/chaletinwallis.info\\\/fr\\\/hiver\\\/#primaryimage\"},\"image\":{\"@id\":\"https:\\\/\\\/chaletinwallis.info\\\/fr\\\/hiver\\\/#primaryimage\"},\"thumbnailUrl\":\"https:\\\/\\\/chaletinwallis.info\\\/wp-content\\\/uploads\\\/2024\\\/10\\\/HQ-2008-032-anders.jpg\",\"datePublished\":\"2018-06-28T11:17:12+00:00\",\"dateModified\":\"2024-11-26T17:06:21+00:00\",\"breadcrumb\":{\"@id\":\"https:\\\/\\\/chaletinwallis.info\\\/fr\\\/hiver\\\/#breadcrumb\"},\"inLanguage\":\"fr-FR\",\"potentialAction\":[{\"@type\":\"ReadAction\",\"target\":[\"https:\\\/\\\/chaletinwallis.info\\\/fr\\\/hiver\\\/\"]}]},{\"@type\":\"ImageObject\",\"inLanguage\":\"fr-FR\",\"@id\":\"https:\\\/\\\/chaletinwallis.info\\\/fr\\\/hiver\\\/#primaryimage\",\"url\":\"https:\\\/\\\/chaletinwallis.info\\\/wp-content\\\/uploads\\\/2024\\\/10\\\/HQ-2008-032-anders.jpg\",\"contentUrl\":\"https:\\\/\\\/chaletinwallis.info\\\/wp-content\\\/uploads\\\/2024\\\/10\\\/HQ-2008-032-anders.jpg\",\"width\":2448,\"height\":2063},{\"@type\":\"BreadcrumbList\",\"@id\":\"https:\\\/\\\/chaletinwallis.info\\\/fr\\\/hiver\\\/#breadcrumb\",\"itemListElement\":[{\"@type\":\"ListItem\",\"position\":1,\"name\":\"Home\",\"item\":\"https:\\\/\\\/chaletinwallis.info\\\/fr\\\/home\\\/\"},{\"@type\":\"ListItem\",\"position\":2,\"name\":\"Hiver\"}]},{\"@type\":\"WebSite\",\"@id\":\"https:\\\/\\\/chaletinwallis.info\\\/fr\\\/#website\",\"url\":\"https:\\\/\\\/chaletinwallis.info\\\/fr\\\/\",\"name\":\"CHALET de COMPAGNIE\",\"description\":\"Joyau du L\u00f6tschental\",\"publisher\":{\"@id\":\"https:\\\/\\\/chaletinwallis.info\\\/fr\\\/#organization\"},\"potentialAction\":[{\"@type\":\"SearchAction\",\"target\":{\"@type\":\"EntryPoint\",\"urlTemplate\":\"https:\\\/\\\/chaletinwallis.info\\\/fr\\\/?s={search_term_string}\"},\"query-input\":{\"@type\":\"PropertyValueSpecification\",\"valueRequired\":true,\"valueName\":\"search_term_string\"}}],\"inLanguage\":\"fr-FR\"},{\"@type\":\"Organization\",\"@id\":\"https:\\\/\\\/chaletinwallis.info\\\/fr\\\/#organization\",\"name\":\"CHALET de COMPAGNIE\",\"url\":\"https:\\\/\\\/chaletinwallis.info\\\/fr\\\/\",\"logo\":{\"@type\":\"ImageObject\",\"inLanguage\":\"fr-FR\",\"@id\":\"https:\\\/\\\/chaletinwallis.info\\\/fr\\\/#\\\/schema\\\/logo\\\/image\\\/\",\"url\":\"https:\\\/\\\/chaletinwallis.info\\\/wp-content\\\/uploads\\\/2024\\\/10\\\/2008-060-gedraaidcropped-N1-scaled.jpg\",\"contentUrl\":\"https:\\\/\\\/chaletinwallis.info\\\/wp-content\\\/uploads\\\/2024\\\/10\\\/2008-060-gedraaidcropped-N1-scaled.jpg\",\"width\":2560,\"height\":1384,\"caption\":\"CHALET de COMPAGNIE\"},\"image\":{\"@id\":\"https:\\\/\\\/chaletinwallis.info\\\/fr\\\/#\\\/schema\\\/logo\\\/image\\\/\"}}]}<\/script>\n<!-- \/ Yoast SEO plugin. -->","yoast_head_json":{"title":"Hiver - Chalet de Compagnie","robots":{"index":"index","follow":"follow","max-snippet":"max-snippet:-1","max-image-preview":"max-image-preview:large","max-video-preview":"max-video-preview:-1"},"canonical":"https:\/\/chaletinwallis.info\/fr\/hiver\/","og_locale":"fr_FR","og_type":"article","og_title":"Hiver - Chalet de Compagnie","og_description":"\u00c0 quelques pas du Chalet de Compagnie, vous trouverez le Seilbahn qui vous conduira au domaine skiable ensoleill\u00e9 et tr\u00e8s bien enneig\u00e9 de Lauchernalp. L&rsquo;enneigement est assur\u00e9 parce que le f\u0153hn, le vent chaud du sud, souffle sur la vall\u00e9e du L\u00f6tschental. La Lauchernalp est un domaine skiable relativement petit qui offre un nombre surprenant [&hellip;]","og_url":"https:\/\/chaletinwallis.info\/fr\/hiver\/","og_site_name":"Chalet de Compagnie","article_modified_time":"2024-11-26T17:06:21+00:00","og_image":[{"width":2448,"height":2063,"url":"https:\/\/chaletinwallis.info\/wp-content\/uploads\/2024\/10\/HQ-2008-032-anders.jpg","type":"image\/jpeg"}],"twitter_card":"summary_large_image","twitter_misc":{"Dur\u00e9e de lecture estim\u00e9e":"4 minutes"},"schema":{"@context":"https:\/\/schema.org","@graph":[{"@type":"WebPage","@id":"https:\/\/chaletinwallis.info\/fr\/hiver\/","url":"https:\/\/chaletinwallis.info\/fr\/hiver\/","name":"Hiver - Chalet de Compagnie","isPartOf":{"@id":"https:\/\/chaletinwallis.info\/fr\/#website"},"primaryImageOfPage":{"@id":"https:\/\/chaletinwallis.info\/fr\/hiver\/#primaryimage"},"image":{"@id":"https:\/\/chaletinwallis.info\/fr\/hiver\/#primaryimage"},"thumbnailUrl":"https:\/\/chaletinwallis.info\/wp-content\/uploads\/2024\/10\/HQ-2008-032-anders.jpg","datePublished":"2018-06-28T11:17:12+00:00","dateModified":"2024-11-26T17:06:21+00:00","breadcrumb":{"@id":"https:\/\/chaletinwallis.info\/fr\/hiver\/#breadcrumb"},"inLanguage":"fr-FR","potentialAction":[{"@type":"ReadAction","target":["https:\/\/chaletinwallis.info\/fr\/hiver\/"]}]},{"@type":"ImageObject","inLanguage":"fr-FR","@id":"https:\/\/chaletinwallis.info\/fr\/hiver\/#primaryimage","url":"https:\/\/chaletinwallis.info\/wp-content\/uploads\/2024\/10\/HQ-2008-032-anders.jpg","contentUrl":"https:\/\/chaletinwallis.info\/wp-content\/uploads\/2024\/10\/HQ-2008-032-anders.jpg","width":2448,"height":2063},{"@type":"BreadcrumbList","@id":"https:\/\/chaletinwallis.info\/fr\/hiver\/#breadcrumb","itemListElement":[{"@type":"ListItem","position":1,"name":"Home","item":"https:\/\/chaletinwallis.info\/fr\/home\/"},{"@type":"ListItem","position":2,"name":"Hiver"}]},{"@type":"WebSite","@id":"https:\/\/chaletinwallis.info\/fr\/#website","url":"https:\/\/chaletinwallis.info\/fr\/","name":"CHALET de COMPAGNIE","description":"Joyau du L\u00f6tschental","publisher":{"@id":"https:\/\/chaletinwallis.info\/fr\/#organization"},"potentialAction":[{"@type":"SearchAction","target":{"@type":"EntryPoint","urlTemplate":"https:\/\/chaletinwallis.info\/fr\/?s={search_term_string}"},"query-input":{"@type":"PropertyValueSpecification","valueRequired":true,"valueName":"search_term_string"}}],"inLanguage":"fr-FR"},{"@type":"Organization","@id":"https:\/\/chaletinwallis.info\/fr\/#organization","name":"CHALET de COMPAGNIE","url":"https:\/\/chaletinwallis.info\/fr\/","logo":{"@type":"ImageObject","inLanguage":"fr-FR","@id":"https:\/\/chaletinwallis.info\/fr\/#\/schema\/logo\/image\/","url":"https:\/\/chaletinwallis.info\/wp-content\/uploads\/2024\/10\/2008-060-gedraaidcropped-N1-scaled.jpg","contentUrl":"https:\/\/chaletinwallis.info\/wp-content\/uploads\/2024\/10\/2008-060-gedraaidcropped-N1-scaled.jpg","width":2560,"height":1384,"caption":"CHALET de COMPAGNIE"},"image":{"@id":"https:\/\/chaletinwallis.info\/fr\/#\/schema\/logo\/image\/"}}]}},"jetpack_sharing_enabled":true,"_links":{"self":[{"href":"https:\/\/chaletinwallis.info\/fr\/wp-json\/wp\/v2\/pages\/1924","targetHints":{"allow":["GET"]}}],"collection":[{"href":"https:\/\/chaletinwallis.info\/fr\/wp-json\/wp\/v2\/pages"}],"about":[{"href":"https:\/\/chaletinwallis.info\/fr\/wp-json\/wp\/v2\/types\/page"}],"author":[{"embeddable":true,"href":"https:\/\/chaletinwallis.info\/fr\/wp-json\/wp\/v2\/users\/1"}],"replies":[{"embeddable":true,"href":"https:\/\/chaletinwallis.info\/fr\/wp-json\/wp\/v2\/comments?post=1924"}],"version-history":[{"count":2,"href":"https:\/\/chaletinwallis.info\/fr\/wp-json\/wp\/v2\/pages\/1924\/revisions"}],"predecessor-version":[{"id":2276,"href":"https:\/\/chaletinwallis.info\/fr\/wp-json\/wp\/v2\/pages\/1924\/revisions\/2276"}],"wp:featuredmedia":[{"embeddable":true,"href":"https:\/\/chaletinwallis.info\/fr\/wp-json\/wp\/v2\/media\/2051"}],"wp:attachment":[{"href":"https:\/\/chaletinwallis.info\/fr\/wp-json\/wp\/v2\/media?parent=1924"}],"curies":[{"name":"wp","href":"https:\/\/api.w.org\/{rel}","templated":true}]}}