{"id":1887,"date":"2024-10-09T19:24:22","date_gmt":"2024-10-09T19:24:22","guid":{"rendered":"https:\/\/chaletinwallis.info\/?page_id=1887"},"modified":"2024-10-23T18:57:12","modified_gmt":"2024-10-23T18:57:12","slug":"declaration-de-confidentialite","status":"publish","type":"page","link":"https:\/\/chaletinwallis.info\/fr\/declaration-de-confidentialite\/","title":{"rendered":"D\u00e9claration de confidentialit\u00e9"},"content":{"rendered":"\n<p><strong>D\u00e9claration de confidentialit\u00e9 Chalet de Compagnie<\/strong><\/p>\n\n\n\n<p>Chalet de Compagnie, situ\u00e9 \u00e0 Hockenstrasse 48, 3917 Kippel, Suisse, est responsable du traitement des donn\u00e9es personnelles tel que d\u00e9crit dans cette d\u00e9claration de confidentialit\u00e9.<\/p>\n\n\n\n<p><strong>Coordonn\u00e9es de contact :<\/strong><br>Contr\u00f4leur : Annemarieke Boersma<br>Adresse : Stade de Colombes 92 Stade de Colombes 92, 1098 VV Amsterdam, Pays-Bas<br>T\u00e9l\u00e9phone : +31 681 131 155<br>Courriel : annemarieke@brouwersweb.com<\/p>\n\n\n\n<h3 class=\"wp-block-heading\">Donn\u00e9es personnelles que nous traitons<\/h3>\n\n\n\n<p>Le Chalet de Compagnie traite les donn\u00e9es personnelles suivantes :<\/p>\n\n\n\n<ul class=\"wp-block-list\">\n<li>Pr\u00e9nom<\/li>\n\n\n\n<li>Nom de famille<\/li>\n\n\n\n<li>l&rsquo;adresse e-mail<\/li>\n\n\n\n<li>Num\u00e9ro de t\u00e9l\u00e9phone<\/li>\n\n\n\n<li>Pays de r\u00e9sidence<\/li>\n<\/ul>\n\n\n\n<h3 class=\"wp-block-heading\">Finalit\u00e9s du traitement des donn\u00e9es<\/h3>\n\n\n\n<p>Le Chalet de Compagnie traite vos donn\u00e9es personnelles pour les finalit\u00e9s suivantes :<\/p>\n\n\n\n<ul class=\"wp-block-list\">\n<li>Pr\u00e9paration d&rsquo;un contrat de location.<\/li>\n\n\n\n<li>Fournir des informations importantes concernant votre s\u00e9jour dans le chalet.<\/li>\n\n\n\n<li>Respect des obligations l\u00e9gales, telles que l&rsquo;administration fiscale.<\/li>\n\n\n\n<li>Envoi automatique d&rsquo;e-mails contenant des informations importantes concernant votre r\u00e9servation et votre s\u00e9jour.<\/li>\n<\/ul>\n\n\n\n<h3 class=\"wp-block-heading\">Bases juridiques du traitement des donn\u00e9es<\/h3>\n\n\n\n<p>Le Chalet de Compagnie traite les donn\u00e9es personnelles sur la base des bases l\u00e9gales suivantes :<\/p>\n\n\n\n<ul class=\"wp-block-list\">\n<li>Ex\u00e9cution d&rsquo;un accord (contrat de location).<\/li>\n\n\n\n<li>Respect des obligations l\u00e9gales (par exemple, administration fiscale).<\/li>\n\n\n\n<li>Int\u00e9r\u00eat l\u00e9gitime (envoi automatique d&rsquo;e-mails contenant des informations importantes sur votre r\u00e9servation).<\/li>\n<\/ul>\n\n\n\n<h3 class=\"wp-block-heading\">Partage des donn\u00e9es personnelles avec des tiers<\/h3>\n\n\n\n<p>Le Chalet de Compagnie ne vend pas vos donn\u00e9es \u00e0 des tiers et ne partage vos donn\u00e9es personnelles que si cela est n\u00e9cessaire \u00e0 l&rsquo;ex\u00e9cution du contrat ou au respect d&rsquo;une obligation l\u00e9gale. Vos coordonn\u00e9es sont communiqu\u00e9es \u00e0 la personne de contact locale (l&rsquo;abward), qui est le point de contact pour votre s\u00e9jour et s&rsquo;occupe de la remise des cl\u00e9s.<\/p>\n\n\n\n<h3 class=\"wp-block-heading\">P\u00e9riode de conservation<\/h3>\n\n\n\n<p>Le Chalet de Compagnie ne conservera pas vos donn\u00e9es personnelles plus longtemps que ce qui est strictement n\u00e9cessaire pour atteindre les objectifs pour lesquels les donn\u00e9es ont \u00e9t\u00e9 collect\u00e9es. Nous conserverons vos donn\u00e9es pendant un maximum de 10 ans, conform\u00e9ment aux obligations l\u00e9gales (par exemple, \u00e0 des fins fiscales).<\/p>\n\n\n\n<h3 class=\"wp-block-heading\">S\u00e9curit\u00e9 des donn\u00e9es personnelles<\/h3>\n\n\n\n<p>Le Chalet de Compagnie prend au s\u00e9rieux la protection de vos donn\u00e9es et prend des mesures appropri\u00e9es pour pr\u00e9venir les abus, les pertes, les acc\u00e8s non autoris\u00e9s, les divulgations non d\u00e9sir\u00e9es et les modifications non autoris\u00e9es. Nous utilisons :<\/p>\n\n\n\n<ul class=\"wp-block-list\">\n<li>Un logiciel de s\u00e9curit\u00e9 tel qu&rsquo;un scanner de virus.<\/li>\n\n\n\n<li>Une authentification \u00e0 plusieurs facteurs pour l&rsquo;acc\u00e8s \u00e0 nos syst\u00e8mes.<\/li>\n<\/ul>\n\n\n\n<h3 class=\"wp-block-heading\">Vos droits<\/h3>\n\n\n\n<p>Vous avez le droit d&rsquo;acc\u00e9der \u00e0 vos donn\u00e9es personnelles, de les corriger ou de les supprimer. Vous avez \u00e9galement le droit de retirer votre consentement au traitement des donn\u00e9es ou de vous opposer au traitement de vos donn\u00e9es personnelles par Chalet de Compagnie. Vous pouvez en faire la demande via l&rsquo;adresse email annemarieke@brouwersweb.com.<\/p>\n\n\n\n<h3 class=\"wp-block-heading\">Cookies et tracking<\/h3>\n\n\n\n<p>Le Chalet de Compagnie utilise des cookies fonctionnels et analytiques. Les cookies fonctionnels sont n\u00e9cessaires au bon fonctionnement du site web et seront plac\u00e9s automatiquement. Les cookies analytiques sont utilis\u00e9s pour analyser le trafic du site web, pour lequel nous demandons votre autorisation.<\/p>\n\n\n\n<ul class=\"wp-block-list\">\n<li><strong>Cookies fonctionnels :<\/strong> ils garantissent le bon fonctionnement du site web, par exemple en m\u00e9morisant vos pr\u00e9f\u00e9rences.<\/li>\n\n\n\n<li><strong>Cookies analytiques :<\/strong> ces cookies nous aident \u00e0 comprendre comment le site web est utilis\u00e9.<\/li>\n<\/ul>\n\n\n\n<h3 class=\"wp-block-heading\">Formulaires<\/h3>\n\n\n\n<p>Le Chalet de Compagnie utilise un formulaire sur le site web pour recueillir les coordonn\u00e9es des clients. Les informations fournies par le biais de ce formulaire ne sont utilis\u00e9es qu&rsquo;aux fins d\u00e9crites ci-dessus.<\/p>\n\n\n\n<h3 class=\"wp-block-heading\">Prise de d\u00e9cision automatis\u00e9e<\/h3>\n\n\n\n<p>Le Chalet de Compagnie n&rsquo;a pas recours \u00e0 la prise de d\u00e9cision automatis\u00e9e ou au profilage ayant des implications significatives pour vous en tant que visiteur.<\/p>\n\n\n\n<h3 class=\"wp-block-heading\">R\u00e9clamations<\/h3>\n\n\n\n<p>Si vous pensez que vos donn\u00e9es ne sont pas correctement s\u00e9curis\u00e9es ou qu&rsquo;il existe des indices d&rsquo;abus, veuillez nous contacter \u00e0 l&rsquo;adresse annemarieke@brouwersweb.com. Vous avez \u00e9galement le droit de d\u00e9poser une plainte aupr\u00e8s du r\u00e9gulateur national, l&rsquo;Autorit\u00e9 des donn\u00e9es personnelles.<\/p>\n","protected":false},"excerpt":{"rendered":"<p>D\u00e9claration de confidentialit\u00e9 Chalet de Compagnie Chalet de Compagnie, situ\u00e9 \u00e0 Hockenstrasse 48, 3917 Kippel, Suisse, est responsable du traitement des donn\u00e9es personnelles tel que d\u00e9crit dans cette d\u00e9claration de confidentialit\u00e9. Coordonn\u00e9es de contact :Contr\u00f4leur : Annemarieke BoersmaAdresse : Stade de Colombes 92 Stade de Colombes 92, 1098 VV Amsterdam, Pays-BasT\u00e9l\u00e9phone : +31 681 131 [&hellip;]<\/p>\n","protected":false},"author":1,"featured_media":0,"parent":0,"menu_order":0,"comment_status":"closed","ping_status":"open","template":"template-page-no-sidebar.php","meta":{"_coblocks_attr":"","_coblocks_dimensions":"","_coblocks_responsive_height":"","_coblocks_accordion_ie_support":"","inline_featured_image":false,"footnotes":""},"class_list":["post-1887","page","type-page","status-publish","hentry"],"yoast_head":"<!-- This site is optimized with the Yoast SEO plugin v27.5 - https:\/\/yoast.com\/product\/yoast-seo-wordpress\/ -->\n<title>D\u00e9claration de confidentialit\u00e9 - Chalet de Compagnie<\/title>\n<meta name=\"robots\" content=\"index, follow, max-snippet:-1, max-image-preview:large, max-video-preview:-1\" \/>\n<link rel=\"canonical\" href=\"https:\/\/chaletinwallis.info\/fr\/declaration-de-confidentialite\/\" \/>\n<meta property=\"og:locale\" content=\"fr_FR\" \/>\n<meta property=\"og:type\" content=\"article\" \/>\n<meta property=\"og:title\" content=\"D\u00e9claration de confidentialit\u00e9 - Chalet de Compagnie\" \/>\n<meta property=\"og:description\" content=\"D\u00e9claration de confidentialit\u00e9 Chalet de Compagnie Chalet de Compagnie, situ\u00e9 \u00e0 Hockenstrasse 48, 3917 Kippel, Suisse, est responsable du traitement des donn\u00e9es personnelles tel que d\u00e9crit dans cette d\u00e9claration de confidentialit\u00e9. Coordonn\u00e9es de contact :Contr\u00f4leur : Annemarieke BoersmaAdresse : Stade de Colombes 92 Stade de Colombes 92, 1098 VV Amsterdam, Pays-BasT\u00e9l\u00e9phone : +31 681 131 [&hellip;]\" \/>\n<meta property=\"og:url\" content=\"https:\/\/chaletinwallis.info\/fr\/declaration-de-confidentialite\/\" \/>\n<meta property=\"og:site_name\" content=\"Chalet de Compagnie\" \/>\n<meta property=\"article:modified_time\" content=\"2024-10-23T18:57:12+00:00\" \/>\n<meta name=\"twitter:card\" content=\"summary_large_image\" \/>\n<meta name=\"twitter:label1\" content=\"Dur\u00e9e de lecture estim\u00e9e\" \/>\n\t<meta name=\"twitter:data1\" content=\"3 minutes\" \/>\n<script type=\"application\/ld+json\" class=\"yoast-schema-graph\">{\"@context\":\"https:\\\/\\\/schema.org\",\"@graph\":[{\"@type\":\"WebPage\",\"@id\":\"https:\\\/\\\/chaletinwallis.info\\\/fr\\\/declaration-de-confidentialite\\\/\",\"url\":\"https:\\\/\\\/chaletinwallis.info\\\/fr\\\/declaration-de-confidentialite\\\/\",\"name\":\"D\u00e9claration de confidentialit\u00e9 - Chalet de Compagnie\",\"isPartOf\":{\"@id\":\"https:\\\/\\\/chaletinwallis.info\\\/fr\\\/#website\"},\"datePublished\":\"2024-10-09T19:24:22+00:00\",\"dateModified\":\"2024-10-23T18:57:12+00:00\",\"breadcrumb\":{\"@id\":\"https:\\\/\\\/chaletinwallis.info\\\/fr\\\/declaration-de-confidentialite\\\/#breadcrumb\"},\"inLanguage\":\"fr-FR\",\"potentialAction\":[{\"@type\":\"ReadAction\",\"target\":[\"https:\\\/\\\/chaletinwallis.info\\\/fr\\\/declaration-de-confidentialite\\\/\"]}]},{\"@type\":\"BreadcrumbList\",\"@id\":\"https:\\\/\\\/chaletinwallis.info\\\/fr\\\/declaration-de-confidentialite\\\/#breadcrumb\",\"itemListElement\":[{\"@type\":\"ListItem\",\"position\":1,\"name\":\"Home\",\"item\":\"https:\\\/\\\/chaletinwallis.info\\\/fr\\\/home\\\/\"},{\"@type\":\"ListItem\",\"position\":2,\"name\":\"D\u00e9claration de confidentialit\u00e9\"}]},{\"@type\":\"WebSite\",\"@id\":\"https:\\\/\\\/chaletinwallis.info\\\/fr\\\/#website\",\"url\":\"https:\\\/\\\/chaletinwallis.info\\\/fr\\\/\",\"name\":\"CHALET de COMPAGNIE\",\"description\":\"Joyau du L\u00f6tschental\",\"publisher\":{\"@id\":\"https:\\\/\\\/chaletinwallis.info\\\/fr\\\/#organization\"},\"potentialAction\":[{\"@type\":\"SearchAction\",\"target\":{\"@type\":\"EntryPoint\",\"urlTemplate\":\"https:\\\/\\\/chaletinwallis.info\\\/fr\\\/?s={search_term_string}\"},\"query-input\":{\"@type\":\"PropertyValueSpecification\",\"valueRequired\":true,\"valueName\":\"search_term_string\"}}],\"inLanguage\":\"fr-FR\"},{\"@type\":\"Organization\",\"@id\":\"https:\\\/\\\/chaletinwallis.info\\\/fr\\\/#organization\",\"name\":\"CHALET de COMPAGNIE\",\"url\":\"https:\\\/\\\/chaletinwallis.info\\\/fr\\\/\",\"logo\":{\"@type\":\"ImageObject\",\"inLanguage\":\"fr-FR\",\"@id\":\"https:\\\/\\\/chaletinwallis.info\\\/fr\\\/#\\\/schema\\\/logo\\\/image\\\/\",\"url\":\"https:\\\/\\\/chaletinwallis.info\\\/wp-content\\\/uploads\\\/2024\\\/10\\\/2008-060-gedraaidcropped-N1-scaled.jpg\",\"contentUrl\":\"https:\\\/\\\/chaletinwallis.info\\\/wp-content\\\/uploads\\\/2024\\\/10\\\/2008-060-gedraaidcropped-N1-scaled.jpg\",\"width\":2560,\"height\":1384,\"caption\":\"CHALET de COMPAGNIE\"},\"image\":{\"@id\":\"https:\\\/\\\/chaletinwallis.info\\\/fr\\\/#\\\/schema\\\/logo\\\/image\\\/\"}}]}<\/script>\n<!-- \/ Yoast SEO plugin. -->","yoast_head_json":{"title":"D\u00e9claration de confidentialit\u00e9 - Chalet de Compagnie","robots":{"index":"index","follow":"follow","max-snippet":"max-snippet:-1","max-image-preview":"max-image-preview:large","max-video-preview":"max-video-preview:-1"},"canonical":"https:\/\/chaletinwallis.info\/fr\/declaration-de-confidentialite\/","og_locale":"fr_FR","og_type":"article","og_title":"D\u00e9claration de confidentialit\u00e9 - Chalet de Compagnie","og_description":"D\u00e9claration de confidentialit\u00e9 Chalet de Compagnie Chalet de Compagnie, situ\u00e9 \u00e0 Hockenstrasse 48, 3917 Kippel, Suisse, est responsable du traitement des donn\u00e9es personnelles tel que d\u00e9crit dans cette d\u00e9claration de confidentialit\u00e9. Coordonn\u00e9es de contact :Contr\u00f4leur : Annemarieke BoersmaAdresse : Stade de Colombes 92 Stade de Colombes 92, 1098 VV Amsterdam, Pays-BasT\u00e9l\u00e9phone : +31 681 131 [&hellip;]","og_url":"https:\/\/chaletinwallis.info\/fr\/declaration-de-confidentialite\/","og_site_name":"Chalet de Compagnie","article_modified_time":"2024-10-23T18:57:12+00:00","twitter_card":"summary_large_image","twitter_misc":{"Dur\u00e9e de lecture estim\u00e9e":"3 minutes"},"schema":{"@context":"https:\/\/schema.org","@graph":[{"@type":"WebPage","@id":"https:\/\/chaletinwallis.info\/fr\/declaration-de-confidentialite\/","url":"https:\/\/chaletinwallis.info\/fr\/declaration-de-confidentialite\/","name":"D\u00e9claration de confidentialit\u00e9 - Chalet de Compagnie","isPartOf":{"@id":"https:\/\/chaletinwallis.info\/fr\/#website"},"datePublished":"2024-10-09T19:24:22+00:00","dateModified":"2024-10-23T18:57:12+00:00","breadcrumb":{"@id":"https:\/\/chaletinwallis.info\/fr\/declaration-de-confidentialite\/#breadcrumb"},"inLanguage":"fr-FR","potentialAction":[{"@type":"ReadAction","target":["https:\/\/chaletinwallis.info\/fr\/declaration-de-confidentialite\/"]}]},{"@type":"BreadcrumbList","@id":"https:\/\/chaletinwallis.info\/fr\/declaration-de-confidentialite\/#breadcrumb","itemListElement":[{"@type":"ListItem","position":1,"name":"Home","item":"https:\/\/chaletinwallis.info\/fr\/home\/"},{"@type":"ListItem","position":2,"name":"D\u00e9claration de confidentialit\u00e9"}]},{"@type":"WebSite","@id":"https:\/\/chaletinwallis.info\/fr\/#website","url":"https:\/\/chaletinwallis.info\/fr\/","name":"CHALET de COMPAGNIE","description":"Joyau du L\u00f6tschental","publisher":{"@id":"https:\/\/chaletinwallis.info\/fr\/#organization"},"potentialAction":[{"@type":"SearchAction","target":{"@type":"EntryPoint","urlTemplate":"https:\/\/chaletinwallis.info\/fr\/?s={search_term_string}"},"query-input":{"@type":"PropertyValueSpecification","valueRequired":true,"valueName":"search_term_string"}}],"inLanguage":"fr-FR"},{"@type":"Organization","@id":"https:\/\/chaletinwallis.info\/fr\/#organization","name":"CHALET de COMPAGNIE","url":"https:\/\/chaletinwallis.info\/fr\/","logo":{"@type":"ImageObject","inLanguage":"fr-FR","@id":"https:\/\/chaletinwallis.info\/fr\/#\/schema\/logo\/image\/","url":"https:\/\/chaletinwallis.info\/wp-content\/uploads\/2024\/10\/2008-060-gedraaidcropped-N1-scaled.jpg","contentUrl":"https:\/\/chaletinwallis.info\/wp-content\/uploads\/2024\/10\/2008-060-gedraaidcropped-N1-scaled.jpg","width":2560,"height":1384,"caption":"CHALET de COMPAGNIE"},"image":{"@id":"https:\/\/chaletinwallis.info\/fr\/#\/schema\/logo\/image\/"}}]}},"jetpack_sharing_enabled":true,"_links":{"self":[{"href":"https:\/\/chaletinwallis.info\/fr\/wp-json\/wp\/v2\/pages\/1887","targetHints":{"allow":["GET"]}}],"collection":[{"href":"https:\/\/chaletinwallis.info\/fr\/wp-json\/wp\/v2\/pages"}],"about":[{"href":"https:\/\/chaletinwallis.info\/fr\/wp-json\/wp\/v2\/types\/page"}],"author":[{"embeddable":true,"href":"https:\/\/chaletinwallis.info\/fr\/wp-json\/wp\/v2\/users\/1"}],"replies":[{"embeddable":true,"href":"https:\/\/chaletinwallis.info\/fr\/wp-json\/wp\/v2\/comments?post=1887"}],"version-history":[{"count":0,"href":"https:\/\/chaletinwallis.info\/fr\/wp-json\/wp\/v2\/pages\/1887\/revisions"}],"wp:attachment":[{"href":"https:\/\/chaletinwallis.info\/fr\/wp-json\/wp\/v2\/media?parent=1887"}],"curies":[{"name":"wp","href":"https:\/\/api.w.org\/{rel}","templated":true}]}}