{"id":1830,"date":"2018-06-28T11:58:49","date_gmt":"2018-06-28T11:58:49","guid":{"rendered":"https:\/\/chaletinwallis.info\/?page_id=1830"},"modified":"2024-10-28T19:30:37","modified_gmt":"2024-10-28T19:30:37","slug":"chalet","status":"publish","type":"page","link":"https:\/\/chaletinwallis.info\/fr\/chalet\/","title":{"rendered":"Chalet"},"content":{"rendered":"\n<p>La maison se compose de deux parties : le chalet et la d\u00e9pendance en pierre, l&rsquo;<a data-type=\"link\" data-id=\"https:\/\/chaletinwallis.info\/fr\/chalet\/untergeschoss\/\" href=\"https:\/\/chaletinwallis.info\/fr\/chalet\/untergeschoss\/\">Untergeschoss<\/a>. Le chalet peut accueillir jusqu&rsquo;\u00e0 6 adultes et 2 enfants, mais il convient \u00e9galement tr\u00e8s bien \u00e0 un couple ou \u00e0 un petit groupe qui souhaite plus d&rsquo;espace et de libert\u00e9.<\/p>\n\n\n\n<figure class=\"wp-block-image size-full\"><img loading=\"lazy\" decoding=\"async\" width=\"2560\" height=\"1920\" src=\"https:\/\/chaletinwallis.info\/wp-content\/uploads\/2024\/10\/mq-DSC01533-kopie.jpg\" alt=\"\" class=\"wp-image-829\" srcset=\"https:\/\/chaletinwallis.info\/wp-content\/uploads\/2024\/10\/mq-DSC01533-kopie.jpg 2560w, https:\/\/chaletinwallis.info\/wp-content\/uploads\/2024\/10\/mq-DSC01533-kopie-768x576.jpg 768w, https:\/\/chaletinwallis.info\/wp-content\/uploads\/2024\/10\/mq-DSC01533-kopie-1536x1152.jpg 1536w, https:\/\/chaletinwallis.info\/wp-content\/uploads\/2024\/10\/mq-DSC01533-kopie-2048x1536.jpg 2048w, https:\/\/chaletinwallis.info\/wp-content\/uploads\/2024\/10\/mq-DSC01533-kopie-800x600.jpg 800w, https:\/\/chaletinwallis.info\/wp-content\/uploads\/2024\/10\/mq-DSC01533-kopie-1516x1137.jpg 1516w\" sizes=\"auto, (max-width: 2560px) 100vw, 2560px\" \/><\/figure>\n\n\n\n<p><strong>Rez-de-chauss\u00e9e du chalet<\/strong><br>Au rez-de-chauss\u00e9e se trouve un salon tr\u00e8s spacieux et moderne avec une cuisine ouverte (50 m\u00b2) et une chemin\u00e9e chaleureuse. \u00c0 l&rsquo;ext\u00e9rieur, pr\u00e8s de la porte d&rsquo;entr\u00e9e, du bois de chauffage en abondance vous attend. Depuis le salon ensoleill\u00e9 et le balcon qui l&rsquo;entoure, vous avez une vue imprenable sur l&rsquo;imposant Bietschhorn (3934 m\u00e8tres), qui fait partie du site Jungfrau-Aletsch-Bietschhorn, inscrit au patrimoine mondial de l&rsquo;UNESCO. \u00c0 cet \u00e9tage, vous trouverez \u00e9galement une salle de bains avec douche et toilettes, ainsi qu&rsquo;une pi\u00e8ce de rangement \u00e9quip\u00e9e d&rsquo;un lave-linge.<\/p>\n\n\n\n<p><\/p>\n\n\n\n<p class=\"custom-paragraph-list\"><strong>Chambres \u00e0 coucher<\/strong><br>Au premier \u00e9tage, il y a trois chambres spacieuses et une plus petite chambre d&rsquo;enfant. Deux chambres sont \u00e9quip\u00e9es d&rsquo;un confortable lit double, tandis que la troisi\u00e8me chambre dispose de deux lits simples s\u00e9par\u00e9s. La chambre des enfants est meubl\u00e9e d&rsquo;un lit superpos\u00e9 pour deux enfants. Un lit d&rsquo;enfant s\u00e9par\u00e9 est \u00e9galement disponible pour un b\u00e9b\u00e9. Une deuxi\u00e8me salle de bain avec douche, baignoire et toilettes se trouve \u00e9galement \u00e0 cet \u00e9tage.<\/p>\n\n\n\n<p class=\"custom-paragraph-list\"><\/p>\n\n\n\n<p><\/p>\n\n\n\n<p class=\"custom-paragraph-list\"><strong>Environnement et atmosph\u00e8re<\/strong><br><em>Chalet de Compagnie<\/em> est un chalet spacieux, ind\u00e9pendant et de construction traditionnelle. Le chalet est le plus haut d&rsquo;un petit groupe de chalets et offre une vue d\u00e9gag\u00e9e tout autour. En \u00e9t\u00e9, vous pouvez parfois entendre le doux son des cloches des vaches. En hiver, la nuit, il est possible d&rsquo;apercevoir des cerfs qui cherchent \u00e0 se r\u00e9chauffer pr\u00e8s du chalet.<\/p>\n\n\n\n<p class=\"custom-paragraph-list\">Le ciel \u00e9toil\u00e9 de cette vall\u00e9e isol\u00e9e est \u00e0 couper le souffle, c&rsquo;est pourquoi une promenade nocturne est vivement recommand\u00e9e.<\/p>\n\n\n\n<p><\/p>\n\n\n\n<p class=\"custom-paragraph-list\"><strong>Equipements<\/strong><\/p>\n\n\n\n<ul style=\"letter-spacing:1px;font-size:15px\" class=\"wp-block-list custom-paragraph-list has-custom-letterspacing mb-0 pb-0 mt-0 pt-0\">\n<li class=\"custom-paragraph-list\"><strong>Cuisine enti\u00e8rement \u00e9quip\u00e9e:<\/strong> lave-vaisselle, bouilloire, machine \u00e0 caf\u00e9 (filtre et Nespresso), four et micro-ondes.<\/li>\n\n\n\n<li class=\"custom-paragraph-list\"><strong>Lave-linge<\/strong><\/li>\n\n\n\n<li class=\"custom-paragraph-list\"><strong>Chemin\u00e9e<\/strong> (bois inclus)<\/li>\n\n\n\n<li class=\"custom-paragraph-list\"><strong>Balcon spacieux<\/strong> avec vue imprenable<\/li>\n\n\n\n<li class=\"custom-paragraph-list\"><strong>T\u00e9l\u00e9vision<\/strong><\/li>\n\n\n\n<li class=\"custom-paragraph-list\"><strong>Wi-Fi<\/strong><\/li>\n\n\n\n<li class=\"custom-paragraph-list\"><strong>Parking priv\u00e9 couvert<\/strong><\/li>\n<\/ul>\n\n\n\n<p><\/p>\n\n\n\n<figure class=\"wp-block-gallery has-nested-images columns-default is-cropped wp-block-gallery-1 is-layout-flex wp-block-gallery-is-layout-flex\">\n<figure class=\"wp-block-image size-full\"><img loading=\"lazy\" decoding=\"async\" width=\"1253\" height=\"2230\" data-id=\"1545\" src=\"https:\/\/chaletinwallis.info\/wp-content\/uploads\/2024\/10\/HQ-IMG_20151027_134922113_HDR-gedraaid-2.jpg\" alt=\"\" class=\"wp-image-1545\" srcset=\"https:\/\/chaletinwallis.info\/wp-content\/uploads\/2024\/10\/HQ-IMG_20151027_134922113_HDR-gedraaid-2.jpg 1253w, https:\/\/chaletinwallis.info\/wp-content\/uploads\/2024\/10\/HQ-IMG_20151027_134922113_HDR-gedraaid-2-768x1367.jpg 768w, https:\/\/chaletinwallis.info\/wp-content\/uploads\/2024\/10\/HQ-IMG_20151027_134922113_HDR-gedraaid-2-863x1536.jpg 863w, https:\/\/chaletinwallis.info\/wp-content\/uploads\/2024\/10\/HQ-IMG_20151027_134922113_HDR-gedraaid-2-1151x2048.jpg 1151w, https:\/\/chaletinwallis.info\/wp-content\/uploads\/2024\/10\/HQ-IMG_20151027_134922113_HDR-gedraaid-2-800x1424.jpg 800w\" sizes=\"auto, (max-width: 1253px) 100vw, 1253px\" \/><\/figure>\n\n\n\n<figure class=\"wp-block-image size-full\"><img loading=\"lazy\" decoding=\"async\" width=\"1341\" height=\"2386\" data-id=\"1537\" src=\"https:\/\/chaletinwallis.info\/wp-content\/uploads\/2024\/10\/HQ-IMG_20151027_134442381_HDR-gedraaid.jpg\" alt=\"\" class=\"wp-image-1537\" srcset=\"https:\/\/chaletinwallis.info\/wp-content\/uploads\/2024\/10\/HQ-IMG_20151027_134442381_HDR-gedraaid.jpg 1341w, https:\/\/chaletinwallis.info\/wp-content\/uploads\/2024\/10\/HQ-IMG_20151027_134442381_HDR-gedraaid-768x1366.jpg 768w, https:\/\/chaletinwallis.info\/wp-content\/uploads\/2024\/10\/HQ-IMG_20151027_134442381_HDR-gedraaid-863x1536.jpg 863w, https:\/\/chaletinwallis.info\/wp-content\/uploads\/2024\/10\/HQ-IMG_20151027_134442381_HDR-gedraaid-1151x2048.jpg 1151w, https:\/\/chaletinwallis.info\/wp-content\/uploads\/2024\/10\/HQ-IMG_20151027_134442381_HDR-gedraaid-800x1423.jpg 800w\" sizes=\"auto, (max-width: 1341px) 100vw, 1341px\" \/><\/figure>\n\n\n\n<figure class=\"wp-block-image size-full\"><img loading=\"lazy\" decoding=\"async\" width=\"1413\" height=\"2515\" data-id=\"1549\" src=\"https:\/\/chaletinwallis.info\/wp-content\/uploads\/2024\/10\/HQ-IMG_20151027_213735905-gedraaid.jpg\" alt=\"\" class=\"wp-image-1549\" srcset=\"https:\/\/chaletinwallis.info\/wp-content\/uploads\/2024\/10\/HQ-IMG_20151027_213735905-gedraaid.jpg 1413w, https:\/\/chaletinwallis.info\/wp-content\/uploads\/2024\/10\/HQ-IMG_20151027_213735905-gedraaid-768x1367.jpg 768w, https:\/\/chaletinwallis.info\/wp-content\/uploads\/2024\/10\/HQ-IMG_20151027_213735905-gedraaid-863x1536.jpg 863w, https:\/\/chaletinwallis.info\/wp-content\/uploads\/2024\/10\/HQ-IMG_20151027_213735905-gedraaid-1151x2048.jpg 1151w, https:\/\/chaletinwallis.info\/wp-content\/uploads\/2024\/10\/HQ-IMG_20151027_213735905-gedraaid-800x1424.jpg 800w\" sizes=\"auto, (max-width: 1413px) 100vw, 1413px\" \/><\/figure>\n<\/figure>\n\n\n\n<figure class=\"wp-block-gallery has-nested-images columns-default is-cropped wp-block-gallery-2 is-layout-flex wp-block-gallery-is-layout-flex\">\n<figure class=\"wp-block-image size-full\"><img loading=\"lazy\" decoding=\"async\" width=\"1399\" height=\"2490\" data-id=\"1525\" src=\"https:\/\/chaletinwallis.info\/wp-content\/uploads\/2024\/10\/HQ-IMG_20151027_110726019_HDR-gedraaid.jpg\" alt=\"\" class=\"wp-image-1525\" srcset=\"https:\/\/chaletinwallis.info\/wp-content\/uploads\/2024\/10\/HQ-IMG_20151027_110726019_HDR-gedraaid.jpg 1399w, https:\/\/chaletinwallis.info\/wp-content\/uploads\/2024\/10\/HQ-IMG_20151027_110726019_HDR-gedraaid-768x1367.jpg 768w, https:\/\/chaletinwallis.info\/wp-content\/uploads\/2024\/10\/HQ-IMG_20151027_110726019_HDR-gedraaid-863x1536.jpg 863w, https:\/\/chaletinwallis.info\/wp-content\/uploads\/2024\/10\/HQ-IMG_20151027_110726019_HDR-gedraaid-1151x2048.jpg 1151w, https:\/\/chaletinwallis.info\/wp-content\/uploads\/2024\/10\/HQ-IMG_20151027_110726019_HDR-gedraaid-800x1424.jpg 800w\" sizes=\"auto, (max-width: 1399px) 100vw, 1399px\" \/><\/figure>\n\n\n\n<figure class=\"wp-block-image size-large\"><img loading=\"lazy\" decoding=\"async\" width=\"674\" height=\"1200\" data-id=\"764\" src=\"https:\/\/chaletinwallis.info\/wp-content\/uploads\/2024\/10\/MQ-IMG_20151027_110807093_HDR.jpg\" alt=\"\" class=\"wp-image-764\"\/><\/figure>\n\n\n\n<figure class=\"wp-block-image size-full\"><img loading=\"lazy\" decoding=\"async\" width=\"1390\" height=\"2475\" data-id=\"1529\" src=\"https:\/\/chaletinwallis.info\/wp-content\/uploads\/2024\/10\/HQ-IMG_20151027_111229682-gedraaid.jpg\" alt=\"\" class=\"wp-image-1529\" srcset=\"https:\/\/chaletinwallis.info\/wp-content\/uploads\/2024\/10\/HQ-IMG_20151027_111229682-gedraaid.jpg 1390w, https:\/\/chaletinwallis.info\/wp-content\/uploads\/2024\/10\/HQ-IMG_20151027_111229682-gedraaid-768x1367.jpg 768w, https:\/\/chaletinwallis.info\/wp-content\/uploads\/2024\/10\/HQ-IMG_20151027_111229682-gedraaid-863x1536.jpg 863w, https:\/\/chaletinwallis.info\/wp-content\/uploads\/2024\/10\/HQ-IMG_20151027_111229682-gedraaid-1150x2048.jpg 1150w, https:\/\/chaletinwallis.info\/wp-content\/uploads\/2024\/10\/HQ-IMG_20151027_111229682-gedraaid-800x1424.jpg 800w\" sizes=\"auto, (max-width: 1390px) 100vw, 1390px\" \/><\/figure>\n<\/figure>\n","protected":false},"excerpt":{"rendered":"<p>La maison se compose de deux parties : le chalet et la d\u00e9pendance en pierre, l&rsquo;Untergeschoss. Le chalet peut accueillir jusqu&rsquo;\u00e0 6 adultes et 2 enfants, mais il convient \u00e9galement tr\u00e8s bien \u00e0 un couple ou \u00e0 un petit groupe qui souhaite plus d&rsquo;espace et de libert\u00e9. Rez-de-chauss\u00e9e du chaletAu rez-de-chauss\u00e9e se trouve un salon [&hellip;]<\/p>\n","protected":false},"author":1,"featured_media":1270,"parent":0,"menu_order":0,"comment_status":"closed","ping_status":"closed","template":"template-page-no-sidebar.php","meta":{"_coblocks_attr":"","_coblocks_dimensions":"","_coblocks_responsive_height":"","_coblocks_accordion_ie_support":"","inline_featured_image":false,"footnotes":""},"class_list":["post-1830","page","type-page","status-publish","has-post-thumbnail","hentry"],"yoast_head":"<!-- This site is optimized with the Yoast SEO plugin v27.5 - https:\/\/yoast.com\/product\/yoast-seo-wordpress\/ -->\n<title>Chalet - Chalet de Compagnie %<\/title>\n<meta name=\"robots\" content=\"index, follow, max-snippet:-1, max-image-preview:large, max-video-preview:-1\" \/>\n<link rel=\"canonical\" href=\"https:\/\/chaletinwallis.info\/fr\/chalet\/\" \/>\n<meta property=\"og:locale\" content=\"fr_FR\" \/>\n<meta property=\"og:type\" content=\"article\" \/>\n<meta property=\"og:title\" content=\"Chalet - Chalet de Compagnie %\" \/>\n<meta property=\"og:description\" content=\"La maison se compose de deux parties : le chalet et la d\u00e9pendance en pierre, l&rsquo;Untergeschoss. Le chalet peut accueillir jusqu&rsquo;\u00e0 6 adultes et 2 enfants, mais il convient \u00e9galement tr\u00e8s bien \u00e0 un couple ou \u00e0 un petit groupe qui souhaite plus d&rsquo;espace et de libert\u00e9. Rez-de-chauss\u00e9e du chaletAu rez-de-chauss\u00e9e se trouve un salon [&hellip;]\" \/>\n<meta property=\"og:url\" content=\"https:\/\/chaletinwallis.info\/fr\/chalet\/\" \/>\n<meta property=\"og:site_name\" content=\"Chalet de Compagnie\" \/>\n<meta property=\"article:modified_time\" content=\"2024-10-28T19:30:37+00:00\" \/>\n<meta property=\"og:image\" content=\"https:\/\/chaletinwallis.info\/wp-content\/uploads\/2024\/10\/HQ-IMG_20170822_170826629-scaled.jpg\" \/>\n\t<meta property=\"og:image:width\" content=\"1440\" \/>\n\t<meta property=\"og:image:height\" content=\"2560\" \/>\n\t<meta property=\"og:image:type\" content=\"image\/jpeg\" \/>\n<meta name=\"twitter:card\" content=\"summary_large_image\" \/>\n<meta name=\"twitter:label1\" content=\"Dur\u00e9e de lecture estim\u00e9e\" \/>\n\t<meta name=\"twitter:data1\" content=\"4 minutes\" \/>\n<script type=\"application\/ld+json\" class=\"yoast-schema-graph\">{\"@context\":\"https:\\\/\\\/schema.org\",\"@graph\":[{\"@type\":\"WebPage\",\"@id\":\"https:\\\/\\\/chaletinwallis.info\\\/fr\\\/chalet\\\/\",\"url\":\"https:\\\/\\\/chaletinwallis.info\\\/fr\\\/chalet\\\/\",\"name\":\"Chalet - Chalet de Compagnie %\",\"isPartOf\":{\"@id\":\"https:\\\/\\\/chaletinwallis.info\\\/fr\\\/#website\"},\"primaryImageOfPage\":{\"@id\":\"https:\\\/\\\/chaletinwallis.info\\\/fr\\\/chalet\\\/#primaryimage\"},\"image\":{\"@id\":\"https:\\\/\\\/chaletinwallis.info\\\/fr\\\/chalet\\\/#primaryimage\"},\"thumbnailUrl\":\"https:\\\/\\\/chaletinwallis.info\\\/wp-content\\\/uploads\\\/2024\\\/10\\\/HQ-IMG_20170822_170826629-scaled.jpg\",\"datePublished\":\"2018-06-28T11:58:49+00:00\",\"dateModified\":\"2024-10-28T19:30:37+00:00\",\"breadcrumb\":{\"@id\":\"https:\\\/\\\/chaletinwallis.info\\\/fr\\\/chalet\\\/#breadcrumb\"},\"inLanguage\":\"fr-FR\",\"potentialAction\":[{\"@type\":\"ReadAction\",\"target\":[\"https:\\\/\\\/chaletinwallis.info\\\/fr\\\/chalet\\\/\"]}]},{\"@type\":\"ImageObject\",\"inLanguage\":\"fr-FR\",\"@id\":\"https:\\\/\\\/chaletinwallis.info\\\/fr\\\/chalet\\\/#primaryimage\",\"url\":\"https:\\\/\\\/chaletinwallis.info\\\/wp-content\\\/uploads\\\/2024\\\/10\\\/HQ-IMG_20170822_170826629-scaled.jpg\",\"contentUrl\":\"https:\\\/\\\/chaletinwallis.info\\\/wp-content\\\/uploads\\\/2024\\\/10\\\/HQ-IMG_20170822_170826629-scaled.jpg\",\"width\":1440,\"height\":2560},{\"@type\":\"BreadcrumbList\",\"@id\":\"https:\\\/\\\/chaletinwallis.info\\\/fr\\\/chalet\\\/#breadcrumb\",\"itemListElement\":[{\"@type\":\"ListItem\",\"position\":1,\"name\":\"Home\",\"item\":\"https:\\\/\\\/chaletinwallis.info\\\/fr\\\/home\\\/\"},{\"@type\":\"ListItem\",\"position\":2,\"name\":\"Chalet\"}]},{\"@type\":\"WebSite\",\"@id\":\"https:\\\/\\\/chaletinwallis.info\\\/fr\\\/#website\",\"url\":\"https:\\\/\\\/chaletinwallis.info\\\/fr\\\/\",\"name\":\"CHALET de COMPAGNIE\",\"description\":\"Joyau du L\u00f6tschental\",\"publisher\":{\"@id\":\"https:\\\/\\\/chaletinwallis.info\\\/fr\\\/#organization\"},\"potentialAction\":[{\"@type\":\"SearchAction\",\"target\":{\"@type\":\"EntryPoint\",\"urlTemplate\":\"https:\\\/\\\/chaletinwallis.info\\\/fr\\\/?s={search_term_string}\"},\"query-input\":{\"@type\":\"PropertyValueSpecification\",\"valueRequired\":true,\"valueName\":\"search_term_string\"}}],\"inLanguage\":\"fr-FR\"},{\"@type\":\"Organization\",\"@id\":\"https:\\\/\\\/chaletinwallis.info\\\/fr\\\/#organization\",\"name\":\"CHALET de COMPAGNIE\",\"url\":\"https:\\\/\\\/chaletinwallis.info\\\/fr\\\/\",\"logo\":{\"@type\":\"ImageObject\",\"inLanguage\":\"fr-FR\",\"@id\":\"https:\\\/\\\/chaletinwallis.info\\\/fr\\\/#\\\/schema\\\/logo\\\/image\\\/\",\"url\":\"https:\\\/\\\/chaletinwallis.info\\\/wp-content\\\/uploads\\\/2024\\\/10\\\/2008-060-gedraaidcropped-N1-scaled.jpg\",\"contentUrl\":\"https:\\\/\\\/chaletinwallis.info\\\/wp-content\\\/uploads\\\/2024\\\/10\\\/2008-060-gedraaidcropped-N1-scaled.jpg\",\"width\":2560,\"height\":1384,\"caption\":\"CHALET de COMPAGNIE\"},\"image\":{\"@id\":\"https:\\\/\\\/chaletinwallis.info\\\/fr\\\/#\\\/schema\\\/logo\\\/image\\\/\"}}]}<\/script>\n<!-- \/ Yoast SEO plugin. -->","yoast_head_json":{"title":"Chalet - Chalet de Compagnie %","robots":{"index":"index","follow":"follow","max-snippet":"max-snippet:-1","max-image-preview":"max-image-preview:large","max-video-preview":"max-video-preview:-1"},"canonical":"https:\/\/chaletinwallis.info\/fr\/chalet\/","og_locale":"fr_FR","og_type":"article","og_title":"Chalet - Chalet de Compagnie %","og_description":"La maison se compose de deux parties : le chalet et la d\u00e9pendance en pierre, l&rsquo;Untergeschoss. Le chalet peut accueillir jusqu&rsquo;\u00e0 6 adultes et 2 enfants, mais il convient \u00e9galement tr\u00e8s bien \u00e0 un couple ou \u00e0 un petit groupe qui souhaite plus d&rsquo;espace et de libert\u00e9. Rez-de-chauss\u00e9e du chaletAu rez-de-chauss\u00e9e se trouve un salon [&hellip;]","og_url":"https:\/\/chaletinwallis.info\/fr\/chalet\/","og_site_name":"Chalet de Compagnie","article_modified_time":"2024-10-28T19:30:37+00:00","og_image":[{"width":1440,"height":2560,"url":"https:\/\/chaletinwallis.info\/wp-content\/uploads\/2024\/10\/HQ-IMG_20170822_170826629-scaled.jpg","type":"image\/jpeg"}],"twitter_card":"summary_large_image","twitter_misc":{"Dur\u00e9e de lecture estim\u00e9e":"4 minutes"},"schema":{"@context":"https:\/\/schema.org","@graph":[{"@type":"WebPage","@id":"https:\/\/chaletinwallis.info\/fr\/chalet\/","url":"https:\/\/chaletinwallis.info\/fr\/chalet\/","name":"Chalet - Chalet de Compagnie %","isPartOf":{"@id":"https:\/\/chaletinwallis.info\/fr\/#website"},"primaryImageOfPage":{"@id":"https:\/\/chaletinwallis.info\/fr\/chalet\/#primaryimage"},"image":{"@id":"https:\/\/chaletinwallis.info\/fr\/chalet\/#primaryimage"},"thumbnailUrl":"https:\/\/chaletinwallis.info\/wp-content\/uploads\/2024\/10\/HQ-IMG_20170822_170826629-scaled.jpg","datePublished":"2018-06-28T11:58:49+00:00","dateModified":"2024-10-28T19:30:37+00:00","breadcrumb":{"@id":"https:\/\/chaletinwallis.info\/fr\/chalet\/#breadcrumb"},"inLanguage":"fr-FR","potentialAction":[{"@type":"ReadAction","target":["https:\/\/chaletinwallis.info\/fr\/chalet\/"]}]},{"@type":"ImageObject","inLanguage":"fr-FR","@id":"https:\/\/chaletinwallis.info\/fr\/chalet\/#primaryimage","url":"https:\/\/chaletinwallis.info\/wp-content\/uploads\/2024\/10\/HQ-IMG_20170822_170826629-scaled.jpg","contentUrl":"https:\/\/chaletinwallis.info\/wp-content\/uploads\/2024\/10\/HQ-IMG_20170822_170826629-scaled.jpg","width":1440,"height":2560},{"@type":"BreadcrumbList","@id":"https:\/\/chaletinwallis.info\/fr\/chalet\/#breadcrumb","itemListElement":[{"@type":"ListItem","position":1,"name":"Home","item":"https:\/\/chaletinwallis.info\/fr\/home\/"},{"@type":"ListItem","position":2,"name":"Chalet"}]},{"@type":"WebSite","@id":"https:\/\/chaletinwallis.info\/fr\/#website","url":"https:\/\/chaletinwallis.info\/fr\/","name":"CHALET de COMPAGNIE","description":"Joyau du L\u00f6tschental","publisher":{"@id":"https:\/\/chaletinwallis.info\/fr\/#organization"},"potentialAction":[{"@type":"SearchAction","target":{"@type":"EntryPoint","urlTemplate":"https:\/\/chaletinwallis.info\/fr\/?s={search_term_string}"},"query-input":{"@type":"PropertyValueSpecification","valueRequired":true,"valueName":"search_term_string"}}],"inLanguage":"fr-FR"},{"@type":"Organization","@id":"https:\/\/chaletinwallis.info\/fr\/#organization","name":"CHALET de COMPAGNIE","url":"https:\/\/chaletinwallis.info\/fr\/","logo":{"@type":"ImageObject","inLanguage":"fr-FR","@id":"https:\/\/chaletinwallis.info\/fr\/#\/schema\/logo\/image\/","url":"https:\/\/chaletinwallis.info\/wp-content\/uploads\/2024\/10\/2008-060-gedraaidcropped-N1-scaled.jpg","contentUrl":"https:\/\/chaletinwallis.info\/wp-content\/uploads\/2024\/10\/2008-060-gedraaidcropped-N1-scaled.jpg","width":2560,"height":1384,"caption":"CHALET de COMPAGNIE"},"image":{"@id":"https:\/\/chaletinwallis.info\/fr\/#\/schema\/logo\/image\/"}}]}},"jetpack_sharing_enabled":true,"_links":{"self":[{"href":"https:\/\/chaletinwallis.info\/fr\/wp-json\/wp\/v2\/pages\/1830","targetHints":{"allow":["GET"]}}],"collection":[{"href":"https:\/\/chaletinwallis.info\/fr\/wp-json\/wp\/v2\/pages"}],"about":[{"href":"https:\/\/chaletinwallis.info\/fr\/wp-json\/wp\/v2\/types\/page"}],"author":[{"embeddable":true,"href":"https:\/\/chaletinwallis.info\/fr\/wp-json\/wp\/v2\/users\/1"}],"replies":[{"embeddable":true,"href":"https:\/\/chaletinwallis.info\/fr\/wp-json\/wp\/v2\/comments?post=1830"}],"version-history":[{"count":4,"href":"https:\/\/chaletinwallis.info\/fr\/wp-json\/wp\/v2\/pages\/1830\/revisions"}],"predecessor-version":[{"id":2257,"href":"https:\/\/chaletinwallis.info\/fr\/wp-json\/wp\/v2\/pages\/1830\/revisions\/2257"}],"wp:featuredmedia":[{"embeddable":true,"href":"https:\/\/chaletinwallis.info\/fr\/wp-json\/wp\/v2\/media\/1270"}],"wp:attachment":[{"href":"https:\/\/chaletinwallis.info\/fr\/wp-json\/wp\/v2\/media?parent=1830"}],"curies":[{"name":"wp","href":"https:\/\/api.w.org\/{rel}","templated":true}]}}