{"id":1305,"date":"2018-06-28T12:16:44","date_gmt":"2018-06-28T12:16:44","guid":{"rendered":"https:\/\/chaletinwallis.info\/?page_id=1305"},"modified":"2024-10-24T17:01:59","modified_gmt":"2024-10-24T17:01:59","slug":"home","status":"publish","type":"page","link":"https:\/\/chaletinwallis.info\/fr\/","title":{"rendered":"Home"},"content":{"rendered":"<h2>Un chalet spacieux et luxueux dans la belle vall\u00e9e du L\u00f6tschental<\/h2>\n<p>Le Chalet de Compagnie est un spacieux chalet de construction traditionnelle situ\u00e9 dans l&rsquo;une des plus belles r\u00e9gions de randonn\u00e9e des Alpes suisses. La r\u00e9gion fait partie du site Jungfrau-Aletsch-Bietschhorn, class\u00e9 au patrimoine mondial de l&rsquo;UNESCO.<\/p>\n<p>Notre chalet se trouve \u00e0 1 500 m\u00e8tres d&rsquo;altitude, sur le versant ensoleill\u00e9 de la vall\u00e9e, en tant que plus haut d&rsquo;un petit groupe de chalets. Depuis le salon clair et ensoleill\u00e9, tu as une vue imprenable sur la vall\u00e9e et sur l&rsquo;impressionnant Bietschhorn (3 934 m).<\/p>\n\n\n<figure class=\"wp-block-gallery has-nested-images columns-default is-cropped wp-block-gallery-1 is-layout-flex wp-block-gallery-is-layout-flex\">\n<figure class=\"wp-block-image size-full\"><img loading=\"lazy\" decoding=\"async\" width=\"832\" height=\"1200\" data-id=\"1469\" src=\"https:\/\/chaletinwallis.info\/wp-content\/uploads\/2024\/10\/MQE-IMG_20170822_171218485.jpg\" alt=\"\" class=\"wp-image-1469\" srcset=\"https:\/\/chaletinwallis.info\/wp-content\/uploads\/2024\/10\/MQE-IMG_20170822_171218485.jpg 832w, https:\/\/chaletinwallis.info\/wp-content\/uploads\/2024\/10\/MQE-IMG_20170822_171218485-768x1108.jpg 768w, https:\/\/chaletinwallis.info\/wp-content\/uploads\/2024\/10\/MQE-IMG_20170822_171218485-800x1154.jpg 800w\" sizes=\"auto, (max-width: 832px) 100vw, 832px\" \/><\/figure>\n\n\n\n<figure class=\"wp-block-image size-full\"><img loading=\"lazy\" decoding=\"async\" width=\"900\" height=\"1200\" data-id=\"734\" src=\"https:\/\/chaletinwallis.info\/wp-content\/uploads\/2024\/10\/Zomervakantie-2004-001.jpg\" alt=\"\" class=\"wp-image-734\" srcset=\"https:\/\/chaletinwallis.info\/wp-content\/uploads\/2024\/10\/Zomervakantie-2004-001.jpg 900w, https:\/\/chaletinwallis.info\/wp-content\/uploads\/2024\/10\/Zomervakantie-2004-001-768x1024.jpg 768w, https:\/\/chaletinwallis.info\/wp-content\/uploads\/2024\/10\/Zomervakantie-2004-001-800x1067.jpg 800w\" sizes=\"auto, (max-width: 900px) 100vw, 900px\" \/><\/figure>\n<\/figure>\n\n\n\n<figure class=\"wp-block-gallery has-nested-images columns-default is-cropped wp-block-gallery-2 is-layout-flex wp-block-gallery-is-layout-flex\">\n<figure class=\"wp-block-image size-full\"><img loading=\"lazy\" decoding=\"async\" width=\"900\" height=\"1200\" data-attachment-id=\"2029\" data-permalink=\"https:\/\/chaletinwallis.info\/fr\/hiver\/mq-2008-032-3\/\" data-orig-file=\"https:\/\/chaletinwallis.info\/wp-content\/uploads\/2024\/10\/MQ-2008-032.jpg\" data-orig-size=\"900,1200\" data-comments-opened=\"1\" data-image-meta=\"{&quot;aperture&quot;:&quot;8&quot;,&quot;credit&quot;:&quot;&quot;,&quot;camera&quot;:&quot;DSC-W150&quot;,&quot;caption&quot;:&quot;&quot;,&quot;created_timestamp&quot;:&quot;1230388418&quot;,&quot;copyright&quot;:&quot;&quot;,&quot;focal_length&quot;:&quot;5&quot;,&quot;iso&quot;:&quot;100&quot;,&quot;shutter_speed&quot;:&quot;0.003125&quot;,&quot;title&quot;:&quot;&quot;,&quot;orientation&quot;:&quot;0&quot;}\" data-image-title=\"MQ 2008 032\" data-image-description=\"\" data-image-caption=\"\" data-large-file=\"https:\/\/chaletinwallis.info\/wp-content\/uploads\/2024\/10\/MQ-2008-032.jpg\" data-id=\"2029\" src=\"https:\/\/chaletinwallis.info\/wp-content\/uploads\/2024\/10\/MQ-2008-032.jpg\" alt=\"\" class=\"wp-image-2029\" srcset=\"https:\/\/chaletinwallis.info\/wp-content\/uploads\/2024\/10\/MQ-2008-032.jpg 900w, https:\/\/chaletinwallis.info\/wp-content\/uploads\/2024\/10\/MQ-2008-032-768x1024.jpg 768w, https:\/\/chaletinwallis.info\/wp-content\/uploads\/2024\/10\/MQ-2008-032-800x1067.jpg 800w\" sizes=\"auto, (max-width: 900px) 100vw, 900px\" \/><\/figure>\n\n\n\n<figure class=\"wp-block-image size-full\"><img loading=\"lazy\" decoding=\"async\" width=\"900\" height=\"1200\" data-id=\"799\" src=\"https:\/\/chaletinwallis.info\/wp-content\/uploads\/2024\/10\/MQ-008-3.jpg\" alt=\"\" class=\"wp-image-799\" srcset=\"https:\/\/chaletinwallis.info\/wp-content\/uploads\/2024\/10\/MQ-008-3.jpg 900w, https:\/\/chaletinwallis.info\/wp-content\/uploads\/2024\/10\/MQ-008-3-768x1024.jpg 768w, https:\/\/chaletinwallis.info\/wp-content\/uploads\/2024\/10\/MQ-008-3-800x1067.jpg 800w\" sizes=\"auto, (max-width: 900px) 100vw, 900px\" \/><\/figure>\n\n\n\n<figure class=\"wp-block-image size-full\"><img loading=\"lazy\" decoding=\"async\" width=\"980\" height=\"735\" data-id=\"730\" src=\"https:\/\/chaletinwallis.info\/wp-content\/uploads\/2024\/10\/MQ-meivakantie-kippel-balkon.jpg\" alt=\"\" class=\"wp-image-730\" srcset=\"https:\/\/chaletinwallis.info\/wp-content\/uploads\/2024\/10\/MQ-meivakantie-kippel-balkon.jpg 980w, https:\/\/chaletinwallis.info\/wp-content\/uploads\/2024\/10\/MQ-meivakantie-kippel-balkon-768x576.jpg 768w, https:\/\/chaletinwallis.info\/wp-content\/uploads\/2024\/10\/MQ-meivakantie-kippel-balkon-800x600.jpg 800w\" sizes=\"auto, (max-width: 980px) 100vw, 980px\" \/><\/figure>\n\n\n\n<figure class=\"wp-block-image size-full\"><img loading=\"lazy\" decoding=\"async\" width=\"674\" height=\"1200\" data-id=\"768\" src=\"https:\/\/chaletinwallis.info\/wp-content\/uploads\/2024\/10\/MQ-IMG_20151027_114247927_HDR.jpg\" alt=\"\" class=\"wp-image-768\"\/><\/figure>\n\n\n\n<figure class=\"wp-block-image size-full\"><img loading=\"lazy\" decoding=\"async\" width=\"1200\" height=\"675\" data-id=\"786\" src=\"https:\/\/chaletinwallis.info\/wp-content\/uploads\/2024\/10\/MQ-IMG_20180130_192527.jpg\" alt=\"\" class=\"wp-image-786\" srcset=\"https:\/\/chaletinwallis.info\/wp-content\/uploads\/2024\/10\/MQ-IMG_20180130_192527.jpg 1200w, https:\/\/chaletinwallis.info\/wp-content\/uploads\/2024\/10\/MQ-IMG_20180130_192527-768x432.jpg 768w, https:\/\/chaletinwallis.info\/wp-content\/uploads\/2024\/10\/MQ-IMG_20180130_192527-800x450.jpg 800w\" sizes=\"auto, (max-width: 1200px) 100vw, 1200px\" \/><\/figure>\n<\/figure>\n\n\n\n<p>Le Chalet De Compagnie est situ\u00e9 sur le versant sud au-dessus du village m\u00e9di\u00e9val de Kippel, un endroit o\u00f9 le temps semble s&rsquo;\u00eatre arr\u00eat\u00e9.<\/p>\n\n\n\n<p>Le L\u00f6tschental est un v\u00e9ritable paradis de la randonn\u00e9e, avec des sentiers pour tous les niveaux. Du sentier relativement plat du L\u00f6tschentaler H\u00f6henweg, qui va de Lauchernalp \u00e0 Fafleralp, aux randonn\u00e9es plus exigeantes vers les refuges de montagne, le L\u00f6tschentaler H\u00f6henweg est un v\u00e9ritable paradis de la randonn\u00e9e. Au bout de la vall\u00e9e, \u00e0 partir de Fafleralp, vous pouvez faire une randonn\u00e9e inoubliable jusqu&rsquo;au glacier d&rsquo;Aletsch.<\/p>\n\n\n\n<div class=\"wp-block-getwid-section\"><div class=\"wp-block-getwid-section__wrapper\"><div class=\"wp-block-getwid-section__inner-wrapper\"><div class=\"wp-block-getwid-section__background-holder\"><div class=\"wp-block-getwid-section__background\"><\/div><div class=\"wp-block-getwid-section__foreground\"><\/div><\/div><div class=\"wp-block-getwid-section__content\"><div class=\"wp-block-getwid-section__inner-content\">\n<figure class=\"wp-block-gallery has-nested-images columns-default is-cropped wp-block-gallery-3 is-layout-flex wp-block-gallery-is-layout-flex\">\n<figure class=\"wp-block-image size-large\"><img loading=\"lazy\" decoding=\"async\" width=\"900\" height=\"1200\" data-id=\"679\" src=\"https:\/\/chaletinwallis.info\/wp-content\/uploads\/2024\/10\/MQ-20190620_115700-rotated.jpg\" alt=\"\" class=\"wp-image-679\" srcset=\"https:\/\/chaletinwallis.info\/wp-content\/uploads\/2024\/10\/MQ-20190620_115700-rotated.jpg 900w, https:\/\/chaletinwallis.info\/wp-content\/uploads\/2024\/10\/MQ-20190620_115700-768x1024.jpg 768w, https:\/\/chaletinwallis.info\/wp-content\/uploads\/2024\/10\/MQ-20190620_115700-800x1067.jpg 800w\" sizes=\"auto, (max-width: 900px) 100vw, 900px\" \/><\/figure>\n\n\n\n<figure class=\"wp-block-image size-large\"><img loading=\"lazy\" decoding=\"async\" width=\"675\" height=\"1200\" data-id=\"701\" src=\"https:\/\/chaletinwallis.info\/wp-content\/uploads\/2024\/10\/MQ-IMG_20150913_134614659.jpg\" alt=\"\" class=\"wp-image-701\"\/><\/figure>\n\n\n\n<figure class=\"wp-block-image size-large\"><img loading=\"lazy\" decoding=\"async\" width=\"900\" height=\"1200\" data-id=\"697\" src=\"https:\/\/chaletinwallis.info\/wp-content\/uploads\/2024\/10\/MQ-20221120_102608-rotated.jpg\" alt=\"\" class=\"wp-image-697\" srcset=\"https:\/\/chaletinwallis.info\/wp-content\/uploads\/2024\/10\/MQ-20221120_102608-rotated.jpg 900w, https:\/\/chaletinwallis.info\/wp-content\/uploads\/2024\/10\/MQ-20221120_102608-768x1024.jpg 768w, https:\/\/chaletinwallis.info\/wp-content\/uploads\/2024\/10\/MQ-20221120_102608-800x1067.jpg 800w\" sizes=\"auto, (max-width: 900px) 100vw, 900px\" \/><\/figure>\n\n\n\n<figure class=\"wp-block-image size-full\"><img loading=\"lazy\" decoding=\"async\" width=\"675\" height=\"1200\" data-id=\"789\" src=\"https:\/\/chaletinwallis.info\/wp-content\/uploads\/2024\/10\/MQ-IMG-20190625-WA0007-1-rotated.jpeg\" alt=\"\" class=\"wp-image-789\"\/><\/figure>\n\n\n\n<figure class=\"wp-block-image size-full\"><img loading=\"lazy\" decoding=\"async\" width=\"675\" height=\"1200\" data-id=\"1476\" src=\"https:\/\/chaletinwallis.info\/wp-content\/uploads\/2024\/10\/HQ-IMG_20170613_085805750-Rotated.jpg\" alt=\"\" class=\"wp-image-1476\"\/><\/figure>\n<\/figure>\n<\/div><\/div><\/div><\/div><\/div>\n\n\n","protected":false},"excerpt":{"rendered":"<p>Un chalet spacieux et luxueux dans la belle vall\u00e9e du L\u00f6tschental Le Chalet de Compagnie est un spacieux chalet de construction traditionnelle situ\u00e9 dans l&rsquo;une des plus belles r\u00e9gions de randonn\u00e9e des Alpes suisses. La r\u00e9gion fait partie du site Jungfrau-Aletsch-Bietschhorn, class\u00e9 au patrimoine mondial de l&rsquo;UNESCO. Notre chalet se trouve \u00e0 1 500 m\u00e8tres [&hellip;]<\/p>\n","protected":false},"author":1,"featured_media":2131,"parent":0,"menu_order":0,"comment_status":"closed","ping_status":"closed","template":"template-page-no-sidebar.php","meta":{"_coblocks_attr":"","_coblocks_dimensions":"","_coblocks_responsive_height":"","_coblocks_accordion_ie_support":"","inline_featured_image":false,"footnotes":""},"class_list":["post-1305","page","type-page","status-publish","has-post-thumbnail","hentry"],"yoast_head":"<!-- This site is optimized with the Yoast SEO plugin v27.5 - https:\/\/yoast.com\/product\/yoast-seo-wordpress\/ -->\n<title>Home - Chalet de Compagnie<\/title>\n<meta name=\"robots\" content=\"index, follow, max-snippet:-1, max-image-preview:large, max-video-preview:-1\" \/>\n<link rel=\"canonical\" href=\"https:\/\/chaletinwallis.info\/fr\/\" \/>\n<meta property=\"og:locale\" content=\"fr_FR\" \/>\n<meta property=\"og:type\" content=\"article\" \/>\n<meta property=\"og:title\" content=\"Home - Chalet de Compagnie\" \/>\n<meta property=\"og:description\" content=\"Un chalet spacieux et luxueux dans la belle vall\u00e9e du L\u00f6tschental Le Chalet de Compagnie est un spacieux chalet de construction traditionnelle situ\u00e9 dans l&rsquo;une des plus belles r\u00e9gions de randonn\u00e9e des Alpes suisses. La r\u00e9gion fait partie du site Jungfrau-Aletsch-Bietschhorn, class\u00e9 au patrimoine mondial de l&rsquo;UNESCO. Notre chalet se trouve \u00e0 1 500 m\u00e8tres [&hellip;]\" \/>\n<meta property=\"og:url\" content=\"https:\/\/chaletinwallis.info\/fr\/\" \/>\n<meta property=\"og:site_name\" content=\"Chalet de Compagnie\" \/>\n<meta property=\"article:modified_time\" content=\"2024-10-24T17:01:59+00:00\" \/>\n<meta property=\"og:image\" content=\"https:\/\/chaletinwallis.info\/wp-content\/uploads\/2024\/10\/2008-060-gedraaidcropped-N1-scaled.jpg\" \/>\n\t<meta property=\"og:image:width\" content=\"2560\" \/>\n\t<meta property=\"og:image:height\" content=\"1384\" \/>\n\t<meta property=\"og:image:type\" content=\"image\/jpeg\" \/>\n<meta name=\"twitter:card\" content=\"summary_large_image\" \/>\n<meta name=\"twitter:label1\" content=\"Dur\u00e9e de lecture estim\u00e9e\" \/>\n\t<meta name=\"twitter:data1\" content=\"1 minute\" \/>\n<script type=\"application\/ld+json\" class=\"yoast-schema-graph\">{\"@context\":\"https:\\\/\\\/schema.org\",\"@graph\":[{\"@type\":\"WebPage\",\"@id\":\"https:\\\/\\\/chaletinwallis.info\\\/fr\\\/\",\"url\":\"https:\\\/\\\/chaletinwallis.info\\\/fr\\\/\",\"name\":\"Home - Chalet de Compagnie\",\"isPartOf\":{\"@id\":\"https:\\\/\\\/chaletinwallis.info\\\/fr\\\/#website\"},\"primaryImageOfPage\":{\"@id\":\"https:\\\/\\\/chaletinwallis.info\\\/fr\\\/#primaryimage\"},\"image\":{\"@id\":\"https:\\\/\\\/chaletinwallis.info\\\/fr\\\/#primaryimage\"},\"thumbnailUrl\":\"https:\\\/\\\/chaletinwallis.info\\\/wp-content\\\/uploads\\\/2024\\\/10\\\/2008-060-gedraaidcropped-N1-scaled.jpg\",\"datePublished\":\"2018-06-28T12:16:44+00:00\",\"dateModified\":\"2024-10-24T17:01:59+00:00\",\"breadcrumb\":{\"@id\":\"https:\\\/\\\/chaletinwallis.info\\\/fr\\\/#breadcrumb\"},\"inLanguage\":\"fr-FR\",\"potentialAction\":[{\"@type\":\"ReadAction\",\"target\":[\"https:\\\/\\\/chaletinwallis.info\\\/fr\\\/\"]}]},{\"@type\":\"ImageObject\",\"inLanguage\":\"fr-FR\",\"@id\":\"https:\\\/\\\/chaletinwallis.info\\\/fr\\\/#primaryimage\",\"url\":\"https:\\\/\\\/chaletinwallis.info\\\/wp-content\\\/uploads\\\/2024\\\/10\\\/2008-060-gedraaidcropped-N1-scaled.jpg\",\"contentUrl\":\"https:\\\/\\\/chaletinwallis.info\\\/wp-content\\\/uploads\\\/2024\\\/10\\\/2008-060-gedraaidcropped-N1-scaled.jpg\",\"width\":2560,\"height\":1384},{\"@type\":\"BreadcrumbList\",\"@id\":\"https:\\\/\\\/chaletinwallis.info\\\/fr\\\/#breadcrumb\",\"itemListElement\":[{\"@type\":\"ListItem\",\"position\":1,\"name\":\"Home\",\"item\":\"https:\\\/\\\/chaletinwallis.info\\\/fr\\\/home\\\/\"},{\"@type\":\"ListItem\",\"position\":2,\"name\":\"Home\"}]},{\"@type\":\"WebSite\",\"@id\":\"https:\\\/\\\/chaletinwallis.info\\\/fr\\\/#website\",\"url\":\"https:\\\/\\\/chaletinwallis.info\\\/fr\\\/\",\"name\":\"CHALET de COMPAGNIE\",\"description\":\"Joyau du L\u00f6tschental\",\"publisher\":{\"@id\":\"https:\\\/\\\/chaletinwallis.info\\\/fr\\\/#organization\"},\"potentialAction\":[{\"@type\":\"SearchAction\",\"target\":{\"@type\":\"EntryPoint\",\"urlTemplate\":\"https:\\\/\\\/chaletinwallis.info\\\/fr\\\/?s={search_term_string}\"},\"query-input\":{\"@type\":\"PropertyValueSpecification\",\"valueRequired\":true,\"valueName\":\"search_term_string\"}}],\"inLanguage\":\"fr-FR\"},{\"@type\":\"Organization\",\"@id\":\"https:\\\/\\\/chaletinwallis.info\\\/fr\\\/#organization\",\"name\":\"CHALET de COMPAGNIE\",\"url\":\"https:\\\/\\\/chaletinwallis.info\\\/fr\\\/\",\"logo\":{\"@type\":\"ImageObject\",\"inLanguage\":\"fr-FR\",\"@id\":\"https:\\\/\\\/chaletinwallis.info\\\/fr\\\/#\\\/schema\\\/logo\\\/image\\\/\",\"url\":\"https:\\\/\\\/chaletinwallis.info\\\/wp-content\\\/uploads\\\/2024\\\/10\\\/2008-060-gedraaidcropped-N1-scaled.jpg\",\"contentUrl\":\"https:\\\/\\\/chaletinwallis.info\\\/wp-content\\\/uploads\\\/2024\\\/10\\\/2008-060-gedraaidcropped-N1-scaled.jpg\",\"width\":2560,\"height\":1384,\"caption\":\"CHALET de COMPAGNIE\"},\"image\":{\"@id\":\"https:\\\/\\\/chaletinwallis.info\\\/fr\\\/#\\\/schema\\\/logo\\\/image\\\/\"}}]}<\/script>\n<!-- \/ Yoast SEO plugin. -->","yoast_head_json":{"title":"Home - Chalet de Compagnie","robots":{"index":"index","follow":"follow","max-snippet":"max-snippet:-1","max-image-preview":"max-image-preview:large","max-video-preview":"max-video-preview:-1"},"canonical":"https:\/\/chaletinwallis.info\/fr\/","og_locale":"fr_FR","og_type":"article","og_title":"Home - Chalet de Compagnie","og_description":"Un chalet spacieux et luxueux dans la belle vall\u00e9e du L\u00f6tschental Le Chalet de Compagnie est un spacieux chalet de construction traditionnelle situ\u00e9 dans l&rsquo;une des plus belles r\u00e9gions de randonn\u00e9e des Alpes suisses. La r\u00e9gion fait partie du site Jungfrau-Aletsch-Bietschhorn, class\u00e9 au patrimoine mondial de l&rsquo;UNESCO. Notre chalet se trouve \u00e0 1 500 m\u00e8tres [&hellip;]","og_url":"https:\/\/chaletinwallis.info\/fr\/","og_site_name":"Chalet de Compagnie","article_modified_time":"2024-10-24T17:01:59+00:00","og_image":[{"width":2560,"height":1384,"url":"https:\/\/chaletinwallis.info\/wp-content\/uploads\/2024\/10\/2008-060-gedraaidcropped-N1-scaled.jpg","type":"image\/jpeg"}],"twitter_card":"summary_large_image","twitter_misc":{"Dur\u00e9e de lecture estim\u00e9e":"1 minute"},"schema":{"@context":"https:\/\/schema.org","@graph":[{"@type":"WebPage","@id":"https:\/\/chaletinwallis.info\/fr\/","url":"https:\/\/chaletinwallis.info\/fr\/","name":"Home - Chalet de Compagnie","isPartOf":{"@id":"https:\/\/chaletinwallis.info\/fr\/#website"},"primaryImageOfPage":{"@id":"https:\/\/chaletinwallis.info\/fr\/#primaryimage"},"image":{"@id":"https:\/\/chaletinwallis.info\/fr\/#primaryimage"},"thumbnailUrl":"https:\/\/chaletinwallis.info\/wp-content\/uploads\/2024\/10\/2008-060-gedraaidcropped-N1-scaled.jpg","datePublished":"2018-06-28T12:16:44+00:00","dateModified":"2024-10-24T17:01:59+00:00","breadcrumb":{"@id":"https:\/\/chaletinwallis.info\/fr\/#breadcrumb"},"inLanguage":"fr-FR","potentialAction":[{"@type":"ReadAction","target":["https:\/\/chaletinwallis.info\/fr\/"]}]},{"@type":"ImageObject","inLanguage":"fr-FR","@id":"https:\/\/chaletinwallis.info\/fr\/#primaryimage","url":"https:\/\/chaletinwallis.info\/wp-content\/uploads\/2024\/10\/2008-060-gedraaidcropped-N1-scaled.jpg","contentUrl":"https:\/\/chaletinwallis.info\/wp-content\/uploads\/2024\/10\/2008-060-gedraaidcropped-N1-scaled.jpg","width":2560,"height":1384},{"@type":"BreadcrumbList","@id":"https:\/\/chaletinwallis.info\/fr\/#breadcrumb","itemListElement":[{"@type":"ListItem","position":1,"name":"Home","item":"https:\/\/chaletinwallis.info\/fr\/home\/"},{"@type":"ListItem","position":2,"name":"Home"}]},{"@type":"WebSite","@id":"https:\/\/chaletinwallis.info\/fr\/#website","url":"https:\/\/chaletinwallis.info\/fr\/","name":"CHALET de COMPAGNIE","description":"Joyau du L\u00f6tschental","publisher":{"@id":"https:\/\/chaletinwallis.info\/fr\/#organization"},"potentialAction":[{"@type":"SearchAction","target":{"@type":"EntryPoint","urlTemplate":"https:\/\/chaletinwallis.info\/fr\/?s={search_term_string}"},"query-input":{"@type":"PropertyValueSpecification","valueRequired":true,"valueName":"search_term_string"}}],"inLanguage":"fr-FR"},{"@type":"Organization","@id":"https:\/\/chaletinwallis.info\/fr\/#organization","name":"CHALET de COMPAGNIE","url":"https:\/\/chaletinwallis.info\/fr\/","logo":{"@type":"ImageObject","inLanguage":"fr-FR","@id":"https:\/\/chaletinwallis.info\/fr\/#\/schema\/logo\/image\/","url":"https:\/\/chaletinwallis.info\/wp-content\/uploads\/2024\/10\/2008-060-gedraaidcropped-N1-scaled.jpg","contentUrl":"https:\/\/chaletinwallis.info\/wp-content\/uploads\/2024\/10\/2008-060-gedraaidcropped-N1-scaled.jpg","width":2560,"height":1384,"caption":"CHALET de COMPAGNIE"},"image":{"@id":"https:\/\/chaletinwallis.info\/fr\/#\/schema\/logo\/image\/"}}]}},"jetpack_sharing_enabled":true,"_links":{"self":[{"href":"https:\/\/chaletinwallis.info\/fr\/wp-json\/wp\/v2\/pages\/1305","targetHints":{"allow":["GET"]}}],"collection":[{"href":"https:\/\/chaletinwallis.info\/fr\/wp-json\/wp\/v2\/pages"}],"about":[{"href":"https:\/\/chaletinwallis.info\/fr\/wp-json\/wp\/v2\/types\/page"}],"author":[{"embeddable":true,"href":"https:\/\/chaletinwallis.info\/fr\/wp-json\/wp\/v2\/users\/1"}],"replies":[{"embeddable":true,"href":"https:\/\/chaletinwallis.info\/fr\/wp-json\/wp\/v2\/comments?post=1305"}],"version-history":[{"count":0,"href":"https:\/\/chaletinwallis.info\/fr\/wp-json\/wp\/v2\/pages\/1305\/revisions"}],"wp:featuredmedia":[{"embeddable":true,"href":"https:\/\/chaletinwallis.info\/fr\/wp-json\/wp\/v2\/media\/2131"}],"wp:attachment":[{"href":"https:\/\/chaletinwallis.info\/fr\/wp-json\/wp\/v2\/media?parent=1305"}],"curies":[{"name":"wp","href":"https:\/\/api.w.org\/{rel}","templated":true}]}}