{"id":1932,"date":"2018-07-02T13:04:27","date_gmt":"2018-07-02T13:04:27","guid":{"rendered":"https:\/\/chaletinwallis.info\/?page_id=1932"},"modified":"2024-11-26T17:05:34","modified_gmt":"2024-11-26T17:05:34","slug":"sommer","status":"publish","type":"page","link":"https:\/\/chaletinwallis.info\/de\/sommer\/","title":{"rendered":"Sommer"},"content":{"rendered":"\n<p><em>Chalet de Compagnie<\/em> liegt im <a href=\"https:\/\/www.loetschental.ch\/de\/aktivitaeten\/wandern-und-alpinismus\" data-type=\"link\" data-id=\"https:\/\/www.loetschental.ch\/de\/aktivitaeten\/wandern-und-alpinismus\" target=\"_blank\" rel=\"noreferrer noopener\">L\u00f6tschental<\/a>, Wallis, einem der sch\u00f6nsten Wandergebiete der Alpen. Unser Chalet befindet sich am S\u00fcdhang des sonnigen Tals, von wo aus Sie eine Vielzahl von Wander- und <a href=\"https:\/\/anenhuette.ch\/site\/de\/aktivitaeten\/klettern-hochtouren\" data-type=\"link\" data-id=\"https:\/\/anenhuette.ch\/site\/de\/aktivitaeten\/klettern-hochtouren\" target=\"_blank\" rel=\"noreferrer noopener\">Klettertouren<\/a> durch die unber\u00fchrte Natur des L\u00f6tschentals und seiner Umgebung unternehmen k\u00f6nnen. Diese Touren reichen von leicht bis sehr anspruchsvoll. \u00dcber das Tourismusb\u00fcro k\u00f6nnen Sie Kontakt zu erfahrenen <a href=\"https:\/\/www.henzen.com\/bfhr\/index.html\" data-type=\"link\" data-id=\"https:\/\/www.henzen.com\/bfhr\/index.html\" target=\"_blank\" rel=\"noreferrer noopener\">Bergf\u00fchrern<\/a> aufnehmen, die Sie auf Touren von ein paar Stunden bis zu mehreren Tagen begleiten. Vom Chalet aus erreichen Sie auch mehrere Bergh\u00fctten.<\/p>\n\n\n\n<p>W\u00e4hrend Ihrer Wanderungen werden Sie auf kristallklare, himmelblaue <a data-type=\"link\" data-id=\"https:\/\/www.alternatives-wandern.ch\/photogallery\/see_wallis.htm\" href=\"https:\/\/www.alternatives-wandern.ch\/photogallery\/see_wallis.htm\" target=\"_blank\" rel=\"noreferrer noopener\">Bergseen<\/a> sto\u00dfen. Diese Seen sind kalt, aber an warmen Tagen herrlich erfrischend. Wenn Sie w\u00e4hrend Ihrer Wanderungen leise sind, haben Sie eine gute Chance, einem der vielen lustigen <a data-type=\"link\" data-id=\"https:\/\/www.loetschenpass.ch\/en\/der-pass\/saeugetiere\/murmeltier\/\" href=\"https:\/\/www.loetschenpass.ch\/en\/der-pass\/saeugetiere\/murmeltier\/\" target=\"_blank\" rel=\"noreferrer noopener\">Murmeltiere<\/a> zu begegnen, gro\u00dfen Nagetieren, die in dieser Gegend zahlreich vorkommen.<\/p>\n\n\n\n<p>F\u00fcr Blumen- und Pflanzenliebhaber gibt es im L\u00f6tschental viel zu entdecken. Auf der Alpwiese nahe dem <em>Chalet de Compagnie<\/em> bl\u00fchen zahlreiche <a href=\"https:\/\/www.alpen-blumen.ch\/index.php?ss=1535\" data-type=\"link\" data-id=\"https:\/\/www.alpen-blumen.ch\/index.php?ss=1535\" target=\"_blank\" rel=\"noreferrer noopener\">Alpenblumen<\/a>, und wenn sich im Fr\u00fchjahr der Schnee am Gletscher am Ende des engen Tals zur\u00fcckzieht, erscheinen dort einzigartige Pflanzen und Blumen. Im Sommer finden Sie \u00fcberall wilde Blaubeeren und Erdbeeren, eine k\u00f6stliche Freude, besonders wenn Sie mit Kindern wandern.<\/p>\n\n\n\n<p>Vom L\u00f6tschental aus k\u00f6nnen Sie mit dem Bus oder Auto leicht das Rhonetal erreichen, wo es im Sommer viel zu sehen und zu tun gibt. Sie k\u00f6nnen zum Beispiel eines der Schl\u00f6sser besichtigen oder sich in einem <a href=\"https:\/\/www.leukerbad.ch\/therme\" data-type=\"link\" data-id=\"https:\/\/www.leukerbad.ch\/therme\" target=\"_blank\" rel=\"noreferrer noopener\">Spa<\/a> in den hei\u00dfen Quellen verw\u00f6hnen lassen. F\u00fcr Familien mit Kindern ist ein Besuch im <a href=\"https:\/\/thermalbad-wallis.ch\/de\" data-type=\"link\" data-id=\"https:\/\/thermalbad-wallis.ch\/de\" target=\"_blank\" rel=\"noreferrer noopener\">Brigerbad<\/a>, einem gro\u00dfen Thermalbad und Spa, sehr zu empfehlen. Da die Sommer im Rhonetal sehr hei\u00df werden k\u00f6nnen, ist es eine Wohltat, ins k\u00fchlere L\u00f6tschental zur\u00fcckzukehren, wo die frische Bergluft Ihnen das freie Atmen erm\u00f6glicht und die N\u00e4chte, dank der H\u00f6henlage, nie zu warm werden.<\/p>\n\n\n\n<p>Von November bis April erhalten alle unsere G\u00e4ste die <a href=\"https:\/\/www.loetschental.ch\/de\/info-service\/gaestekarte-loetschental-card-164\" data-type=\"link\" data-id=\"https:\/\/www.loetschental.ch\/de\/info-service\/gaestekarte-loetschental-card-164\" target=\"_blank\" rel=\"noreferrer noopener\">L\u00f6tschental Card<\/a>, mit der Sie verschiedene Extras genie\u00dfen k\u00f6nnen. So k\u00f6nnen Sie au\u00dferhalb der Wintersportsaison die Seilbahn von Wiler nach Lauchernalp kostenlos nutzen und mit dem Postbus zwischen Goppenstein und Fafleralp fahren. Sie haben auch freien Zugang zum Hallenbad in Steg und zum L\u00f6tschentaler Museum, und k\u00f6nnen ohne zus\u00e4tzliche Kosten Minigolf spielen.<\/p>\n\n\n\n<figure class=\"wp-block-gallery has-nested-images columns-default is-cropped wp-block-gallery-1 is-layout-flex wp-block-gallery-is-layout-flex\">\n<figure class=\"wp-block-image size-large\"><img loading=\"lazy\" decoding=\"async\" width=\"1200\" height=\"675\" data-id=\"788\" src=\"https:\/\/chaletinwallis.info\/wp-content\/uploads\/2024\/10\/MQ-IMG-20170822-WA0036.jpg\" alt=\"\" class=\"wp-image-788\" srcset=\"https:\/\/chaletinwallis.info\/wp-content\/uploads\/2024\/10\/MQ-IMG-20170822-WA0036.jpg 1200w, https:\/\/chaletinwallis.info\/wp-content\/uploads\/2024\/10\/MQ-IMG-20170822-WA0036-768x432.jpg 768w, https:\/\/chaletinwallis.info\/wp-content\/uploads\/2024\/10\/MQ-IMG-20170822-WA0036-800x450.jpg 800w\" sizes=\"auto, (max-width: 1200px) 100vw, 1200px\" \/><\/figure>\n\n\n\n<figure class=\"wp-block-image size-large\"><img loading=\"lazy\" decoding=\"async\" width=\"900\" height=\"1200\" data-id=\"799\" src=\"https:\/\/chaletinwallis.info\/wp-content\/uploads\/2024\/10\/MQ-008-3.jpg\" alt=\"\" class=\"wp-image-799\" srcset=\"https:\/\/chaletinwallis.info\/wp-content\/uploads\/2024\/10\/MQ-008-3.jpg 900w, https:\/\/chaletinwallis.info\/wp-content\/uploads\/2024\/10\/MQ-008-3-768x1024.jpg 768w, https:\/\/chaletinwallis.info\/wp-content\/uploads\/2024\/10\/MQ-008-3-800x1067.jpg 800w\" sizes=\"auto, (max-width: 900px) 100vw, 900px\" \/><\/figure>\n\n\n\n<figure class=\"wp-block-image size-large\"><img loading=\"lazy\" decoding=\"async\" width=\"900\" height=\"1200\" data-id=\"749\" src=\"https:\/\/chaletinwallis.info\/wp-content\/uploads\/2024\/10\/MQ-20190621_094640-rotated.jpg\" alt=\"\" class=\"wp-image-749\" srcset=\"https:\/\/chaletinwallis.info\/wp-content\/uploads\/2024\/10\/MQ-20190621_094640-rotated.jpg 900w, https:\/\/chaletinwallis.info\/wp-content\/uploads\/2024\/10\/MQ-20190621_094640-768x1024.jpg 768w, https:\/\/chaletinwallis.info\/wp-content\/uploads\/2024\/10\/MQ-20190621_094640-800x1067.jpg 800w\" sizes=\"auto, (max-width: 900px) 100vw, 900px\" \/><\/figure>\n\n\n\n<figure class=\"wp-block-image size-large\"><img loading=\"lazy\" decoding=\"async\" width=\"1200\" height=\"900\" data-id=\"660\" src=\"https:\/\/chaletinwallis.info\/wp-content\/uploads\/2024\/10\/MQ-2006-059.jpg\" alt=\"\" class=\"wp-image-660\" srcset=\"https:\/\/chaletinwallis.info\/wp-content\/uploads\/2024\/10\/MQ-2006-059.jpg 1200w, https:\/\/chaletinwallis.info\/wp-content\/uploads\/2024\/10\/MQ-2006-059-768x576.jpg 768w, https:\/\/chaletinwallis.info\/wp-content\/uploads\/2024\/10\/MQ-2006-059-800x600.jpg 800w\" sizes=\"auto, (max-width: 1200px) 100vw, 1200px\" \/><\/figure>\n\n\n\n<figure class=\"wp-block-image size-large\"><img loading=\"lazy\" decoding=\"async\" width=\"900\" height=\"1200\" data-id=\"677\" src=\"https:\/\/chaletinwallis.info\/wp-content\/uploads\/2024\/10\/MQ-20190620_112536-rotated.jpg\" alt=\"\" class=\"wp-image-677\" srcset=\"https:\/\/chaletinwallis.info\/wp-content\/uploads\/2024\/10\/MQ-20190620_112536-rotated.jpg 900w, https:\/\/chaletinwallis.info\/wp-content\/uploads\/2024\/10\/MQ-20190620_112536-768x1024.jpg 768w, https:\/\/chaletinwallis.info\/wp-content\/uploads\/2024\/10\/MQ-20190620_112536-800x1067.jpg 800w\" sizes=\"auto, (max-width: 900px) 100vw, 900px\" \/><\/figure>\n\n\n\n<figure class=\"wp-block-image size-large\"><img loading=\"lazy\" decoding=\"async\" width=\"900\" height=\"1200\" data-id=\"687\" src=\"https:\/\/chaletinwallis.info\/wp-content\/uploads\/2024\/10\/MQ-20210924_125033-rotated.jpg\" alt=\"\" class=\"wp-image-687\" srcset=\"https:\/\/chaletinwallis.info\/wp-content\/uploads\/2024\/10\/MQ-20210924_125033-rotated.jpg 900w, https:\/\/chaletinwallis.info\/wp-content\/uploads\/2024\/10\/MQ-20210924_125033-768x1024.jpg 768w, https:\/\/chaletinwallis.info\/wp-content\/uploads\/2024\/10\/MQ-20210924_125033-800x1067.jpg 800w\" sizes=\"auto, (max-width: 900px) 100vw, 900px\" \/><\/figure>\n\n\n\n<figure class=\"wp-block-image size-full\"><img loading=\"lazy\" decoding=\"async\" width=\"675\" height=\"1200\" data-id=\"1899\" src=\"https:\/\/chaletinwallis.info\/wp-content\/uploads\/2024\/10\/MQ-IMG-20190625-WA0007-scaledresized.jpg\" alt=\"\" class=\"wp-image-1899\"\/><\/figure>\n\n\n\n<figure class=\"wp-block-image size-large\"><img loading=\"lazy\" decoding=\"async\" width=\"900\" height=\"1200\" data-id=\"755\" src=\"https:\/\/chaletinwallis.info\/wp-content\/uploads\/2024\/10\/MQ-20220522_100126-rotated.jpg\" alt=\"\" class=\"wp-image-755\" srcset=\"https:\/\/chaletinwallis.info\/wp-content\/uploads\/2024\/10\/MQ-20220522_100126-rotated.jpg 900w, https:\/\/chaletinwallis.info\/wp-content\/uploads\/2024\/10\/MQ-20220522_100126-768x1024.jpg 768w, https:\/\/chaletinwallis.info\/wp-content\/uploads\/2024\/10\/MQ-20220522_100126-800x1067.jpg 800w\" sizes=\"auto, (max-width: 900px) 100vw, 900px\" \/><\/figure>\n<\/figure>\n\n\n\n<p><\/p>\n","protected":false},"excerpt":{"rendered":"<p>Chalet de Compagnie liegt im L\u00f6tschental, Wallis, einem der sch\u00f6nsten Wandergebiete der Alpen. Unser Chalet befindet sich am S\u00fcdhang des sonnigen Tals, von wo aus Sie eine Vielzahl von Wander- und Klettertouren durch die unber\u00fchrte Natur des L\u00f6tschentals und seiner Umgebung unternehmen k\u00f6nnen. Diese Touren reichen von leicht bis sehr anspruchsvoll. \u00dcber das Tourismusb\u00fcro k\u00f6nnen [&hellip;]<\/p>\n","protected":false},"author":1,"featured_media":1280,"parent":0,"menu_order":0,"comment_status":"closed","ping_status":"closed","template":"template-page-no-sidebar.php","meta":{"_coblocks_attr":"","_coblocks_dimensions":"","_coblocks_responsive_height":"","_coblocks_accordion_ie_support":"","inline_featured_image":false,"footnotes":""},"class_list":["post-1932","page","type-page","status-publish","has-post-thumbnail","hentry"],"yoast_head":"<!-- This site is optimized with the Yoast SEO plugin v27.5 - https:\/\/yoast.com\/product\/yoast-seo-wordpress\/ -->\n<title>Sommer - Chalet de Compagnie<\/title>\n<meta name=\"robots\" content=\"index, follow, max-snippet:-1, max-image-preview:large, max-video-preview:-1\" \/>\n<link rel=\"canonical\" href=\"https:\/\/chaletinwallis.info\/de\/sommer\/\" \/>\n<meta property=\"og:locale\" content=\"de_DE\" \/>\n<meta property=\"og:type\" content=\"article\" \/>\n<meta property=\"og:title\" content=\"Sommer - Chalet de Compagnie\" \/>\n<meta property=\"og:description\" content=\"Chalet de Compagnie liegt im L\u00f6tschental, Wallis, einem der sch\u00f6nsten Wandergebiete der Alpen. Unser Chalet befindet sich am S\u00fcdhang des sonnigen Tals, von wo aus Sie eine Vielzahl von Wander- und Klettertouren durch die unber\u00fchrte Natur des L\u00f6tschentals und seiner Umgebung unternehmen k\u00f6nnen. Diese Touren reichen von leicht bis sehr anspruchsvoll. \u00dcber das Tourismusb\u00fcro k\u00f6nnen [&hellip;]\" \/>\n<meta property=\"og:url\" content=\"https:\/\/chaletinwallis.info\/de\/sommer\/\" \/>\n<meta property=\"og:site_name\" content=\"Chalet de Compagnie\" \/>\n<meta property=\"article:modified_time\" content=\"2024-11-26T17:05:34+00:00\" \/>\n<meta property=\"og:image\" content=\"https:\/\/chaletinwallis.info\/wp-content\/uploads\/2024\/10\/HQ-20190621_093652-EFFECTS-scaled.jpg\" \/>\n\t<meta property=\"og:image:width\" content=\"1920\" \/>\n\t<meta property=\"og:image:height\" content=\"2560\" \/>\n\t<meta property=\"og:image:type\" content=\"image\/jpeg\" \/>\n<meta name=\"twitter:card\" content=\"summary_large_image\" \/>\n<meta name=\"twitter:label1\" content=\"Gesch\u00e4tzte Lesezeit\" \/>\n\t<meta name=\"twitter:data1\" content=\"4\u00a0Minuten\" \/>\n<script type=\"application\/ld+json\" class=\"yoast-schema-graph\">{\"@context\":\"https:\\\/\\\/schema.org\",\"@graph\":[{\"@type\":\"WebPage\",\"@id\":\"https:\\\/\\\/chaletinwallis.info\\\/de\\\/sommer\\\/\",\"url\":\"https:\\\/\\\/chaletinwallis.info\\\/de\\\/sommer\\\/\",\"name\":\"Sommer - Chalet de Compagnie\",\"isPartOf\":{\"@id\":\"https:\\\/\\\/chaletinwallis.info\\\/de\\\/#website\"},\"primaryImageOfPage\":{\"@id\":\"https:\\\/\\\/chaletinwallis.info\\\/de\\\/sommer\\\/#primaryimage\"},\"image\":{\"@id\":\"https:\\\/\\\/chaletinwallis.info\\\/de\\\/sommer\\\/#primaryimage\"},\"thumbnailUrl\":\"https:\\\/\\\/chaletinwallis.info\\\/wp-content\\\/uploads\\\/2024\\\/10\\\/HQ-20190621_093652-EFFECTS-scaled.jpg\",\"datePublished\":\"2018-07-02T13:04:27+00:00\",\"dateModified\":\"2024-11-26T17:05:34+00:00\",\"breadcrumb\":{\"@id\":\"https:\\\/\\\/chaletinwallis.info\\\/de\\\/sommer\\\/#breadcrumb\"},\"inLanguage\":\"de\",\"potentialAction\":[{\"@type\":\"ReadAction\",\"target\":[\"https:\\\/\\\/chaletinwallis.info\\\/de\\\/sommer\\\/\"]}]},{\"@type\":\"ImageObject\",\"inLanguage\":\"de\",\"@id\":\"https:\\\/\\\/chaletinwallis.info\\\/de\\\/sommer\\\/#primaryimage\",\"url\":\"https:\\\/\\\/chaletinwallis.info\\\/wp-content\\\/uploads\\\/2024\\\/10\\\/HQ-20190621_093652-EFFECTS-scaled.jpg\",\"contentUrl\":\"https:\\\/\\\/chaletinwallis.info\\\/wp-content\\\/uploads\\\/2024\\\/10\\\/HQ-20190621_093652-EFFECTS-scaled.jpg\",\"width\":1920,\"height\":2560},{\"@type\":\"BreadcrumbList\",\"@id\":\"https:\\\/\\\/chaletinwallis.info\\\/de\\\/sommer\\\/#breadcrumb\",\"itemListElement\":[{\"@type\":\"ListItem\",\"position\":1,\"name\":\"Home\",\"item\":\"https:\\\/\\\/chaletinwallis.info\\\/de\\\/\"},{\"@type\":\"ListItem\",\"position\":2,\"name\":\"Sommer\"}]},{\"@type\":\"WebSite\",\"@id\":\"https:\\\/\\\/chaletinwallis.info\\\/de\\\/#website\",\"url\":\"https:\\\/\\\/chaletinwallis.info\\\/de\\\/\",\"name\":\"CHALET de COMPAGNIE\",\"description\":\"Juwel im L\u00f6tschental\",\"publisher\":{\"@id\":\"https:\\\/\\\/chaletinwallis.info\\\/de\\\/#organization\"},\"potentialAction\":[{\"@type\":\"SearchAction\",\"target\":{\"@type\":\"EntryPoint\",\"urlTemplate\":\"https:\\\/\\\/chaletinwallis.info\\\/de\\\/?s={search_term_string}\"},\"query-input\":{\"@type\":\"PropertyValueSpecification\",\"valueRequired\":true,\"valueName\":\"search_term_string\"}}],\"inLanguage\":\"de\"},{\"@type\":\"Organization\",\"@id\":\"https:\\\/\\\/chaletinwallis.info\\\/de\\\/#organization\",\"name\":\"CHALET de COMPAGNIE\",\"url\":\"https:\\\/\\\/chaletinwallis.info\\\/de\\\/\",\"logo\":{\"@type\":\"ImageObject\",\"inLanguage\":\"de\",\"@id\":\"https:\\\/\\\/chaletinwallis.info\\\/de\\\/#\\\/schema\\\/logo\\\/image\\\/\",\"url\":\"https:\\\/\\\/chaletinwallis.info\\\/wp-content\\\/uploads\\\/2024\\\/10\\\/2008-060-gedraaidcropped-N1-scaled.jpg\",\"contentUrl\":\"https:\\\/\\\/chaletinwallis.info\\\/wp-content\\\/uploads\\\/2024\\\/10\\\/2008-060-gedraaidcropped-N1-scaled.jpg\",\"width\":2560,\"height\":1384,\"caption\":\"CHALET de COMPAGNIE\"},\"image\":{\"@id\":\"https:\\\/\\\/chaletinwallis.info\\\/de\\\/#\\\/schema\\\/logo\\\/image\\\/\"}}]}<\/script>\n<!-- \/ Yoast SEO plugin. -->","yoast_head_json":{"title":"Sommer - Chalet de Compagnie","robots":{"index":"index","follow":"follow","max-snippet":"max-snippet:-1","max-image-preview":"max-image-preview:large","max-video-preview":"max-video-preview:-1"},"canonical":"https:\/\/chaletinwallis.info\/de\/sommer\/","og_locale":"de_DE","og_type":"article","og_title":"Sommer - Chalet de Compagnie","og_description":"Chalet de Compagnie liegt im L\u00f6tschental, Wallis, einem der sch\u00f6nsten Wandergebiete der Alpen. Unser Chalet befindet sich am S\u00fcdhang des sonnigen Tals, von wo aus Sie eine Vielzahl von Wander- und Klettertouren durch die unber\u00fchrte Natur des L\u00f6tschentals und seiner Umgebung unternehmen k\u00f6nnen. Diese Touren reichen von leicht bis sehr anspruchsvoll. \u00dcber das Tourismusb\u00fcro k\u00f6nnen [&hellip;]","og_url":"https:\/\/chaletinwallis.info\/de\/sommer\/","og_site_name":"Chalet de Compagnie","article_modified_time":"2024-11-26T17:05:34+00:00","og_image":[{"width":1920,"height":2560,"url":"https:\/\/chaletinwallis.info\/wp-content\/uploads\/2024\/10\/HQ-20190621_093652-EFFECTS-scaled.jpg","type":"image\/jpeg"}],"twitter_card":"summary_large_image","twitter_misc":{"Gesch\u00e4tzte Lesezeit":"4\u00a0Minuten"},"schema":{"@context":"https:\/\/schema.org","@graph":[{"@type":"WebPage","@id":"https:\/\/chaletinwallis.info\/de\/sommer\/","url":"https:\/\/chaletinwallis.info\/de\/sommer\/","name":"Sommer - Chalet de Compagnie","isPartOf":{"@id":"https:\/\/chaletinwallis.info\/de\/#website"},"primaryImageOfPage":{"@id":"https:\/\/chaletinwallis.info\/de\/sommer\/#primaryimage"},"image":{"@id":"https:\/\/chaletinwallis.info\/de\/sommer\/#primaryimage"},"thumbnailUrl":"https:\/\/chaletinwallis.info\/wp-content\/uploads\/2024\/10\/HQ-20190621_093652-EFFECTS-scaled.jpg","datePublished":"2018-07-02T13:04:27+00:00","dateModified":"2024-11-26T17:05:34+00:00","breadcrumb":{"@id":"https:\/\/chaletinwallis.info\/de\/sommer\/#breadcrumb"},"inLanguage":"de","potentialAction":[{"@type":"ReadAction","target":["https:\/\/chaletinwallis.info\/de\/sommer\/"]}]},{"@type":"ImageObject","inLanguage":"de","@id":"https:\/\/chaletinwallis.info\/de\/sommer\/#primaryimage","url":"https:\/\/chaletinwallis.info\/wp-content\/uploads\/2024\/10\/HQ-20190621_093652-EFFECTS-scaled.jpg","contentUrl":"https:\/\/chaletinwallis.info\/wp-content\/uploads\/2024\/10\/HQ-20190621_093652-EFFECTS-scaled.jpg","width":1920,"height":2560},{"@type":"BreadcrumbList","@id":"https:\/\/chaletinwallis.info\/de\/sommer\/#breadcrumb","itemListElement":[{"@type":"ListItem","position":1,"name":"Home","item":"https:\/\/chaletinwallis.info\/de\/"},{"@type":"ListItem","position":2,"name":"Sommer"}]},{"@type":"WebSite","@id":"https:\/\/chaletinwallis.info\/de\/#website","url":"https:\/\/chaletinwallis.info\/de\/","name":"CHALET de COMPAGNIE","description":"Juwel im L\u00f6tschental","publisher":{"@id":"https:\/\/chaletinwallis.info\/de\/#organization"},"potentialAction":[{"@type":"SearchAction","target":{"@type":"EntryPoint","urlTemplate":"https:\/\/chaletinwallis.info\/de\/?s={search_term_string}"},"query-input":{"@type":"PropertyValueSpecification","valueRequired":true,"valueName":"search_term_string"}}],"inLanguage":"de"},{"@type":"Organization","@id":"https:\/\/chaletinwallis.info\/de\/#organization","name":"CHALET de COMPAGNIE","url":"https:\/\/chaletinwallis.info\/de\/","logo":{"@type":"ImageObject","inLanguage":"de","@id":"https:\/\/chaletinwallis.info\/de\/#\/schema\/logo\/image\/","url":"https:\/\/chaletinwallis.info\/wp-content\/uploads\/2024\/10\/2008-060-gedraaidcropped-N1-scaled.jpg","contentUrl":"https:\/\/chaletinwallis.info\/wp-content\/uploads\/2024\/10\/2008-060-gedraaidcropped-N1-scaled.jpg","width":2560,"height":1384,"caption":"CHALET de COMPAGNIE"},"image":{"@id":"https:\/\/chaletinwallis.info\/de\/#\/schema\/logo\/image\/"}}]}},"jetpack_sharing_enabled":true,"_links":{"self":[{"href":"https:\/\/chaletinwallis.info\/de\/wp-json\/wp\/v2\/pages\/1932","targetHints":{"allow":["GET"]}}],"collection":[{"href":"https:\/\/chaletinwallis.info\/de\/wp-json\/wp\/v2\/pages"}],"about":[{"href":"https:\/\/chaletinwallis.info\/de\/wp-json\/wp\/v2\/types\/page"}],"author":[{"embeddable":true,"href":"https:\/\/chaletinwallis.info\/de\/wp-json\/wp\/v2\/users\/1"}],"replies":[{"embeddable":true,"href":"https:\/\/chaletinwallis.info\/de\/wp-json\/wp\/v2\/comments?post=1932"}],"version-history":[{"count":1,"href":"https:\/\/chaletinwallis.info\/de\/wp-json\/wp\/v2\/pages\/1932\/revisions"}],"predecessor-version":[{"id":2274,"href":"https:\/\/chaletinwallis.info\/de\/wp-json\/wp\/v2\/pages\/1932\/revisions\/2274"}],"wp:featuredmedia":[{"embeddable":true,"href":"https:\/\/chaletinwallis.info\/de\/wp-json\/wp\/v2\/media\/1280"}],"wp:attachment":[{"href":"https:\/\/chaletinwallis.info\/de\/wp-json\/wp\/v2\/media?parent=1932"}],"curies":[{"name":"wp","href":"https:\/\/api.w.org\/{rel}","templated":true}]}}