{"id":1926,"date":"2018-06-28T11:17:12","date_gmt":"2018-06-28T11:17:12","guid":{"rendered":"https:\/\/chaletinwallis.info\/?page_id=1926"},"modified":"2024-11-26T17:08:56","modified_gmt":"2024-11-26T17:08:56","slug":"winter","status":"publish","type":"page","link":"https:\/\/chaletinwallis.info\/de\/winter\/","title":{"rendered":"Winter"},"content":{"rendered":"\n<p>Nur wenige Gehminuten vom <em>Chalet de Compagnie<\/em> entfernt befindet sich die Seilbahn, die Sie in das sonnige und sehr schneesichere Skigebiet der<a href=\"https:\/\/www.loetschental.ch\/de\/aktivitaeten\/ski-und-snowboard\" target=\"_blank\" rel=\"noreferrer noopener\"> Lauchernalp<\/a> bringt. Schneesicher, weil der F\u00f6hn, der warme S\u00fcdwind, \u00fcber das L\u00f6tschental weht.<\/p>\n\n\n\n<p>Die <a href=\"https:\/\/www.loetschental.ch\/de\/aktivitaeten\/skigebiet-lauchernalp-loetschental-129\" target=\"_blank\" rel=\"noreferrer noopener\">Lauchernalp<\/a> ist ein relativ kleines Skigebiet, das \u00fcberraschend viele M\u00f6glichkeiten bietet. Off-Piste-Skifahren auf dem Gletscher ist ein ganz besonderes Erlebnis. Das Skigebiet ist bei den Schweizern selbst beliebt, da es nicht zu \u00fcberlaufen ist und sehr abwechslungsreiche Skim\u00f6glichkeiten bietet. Die Lauchernalp wird oft als Ausgangspunkt f\u00fcr Skitouren genutzt.<\/p>\n\n\n\n<p>Im Winter bringt Sie die neue Gletcherseilbahn in Windeseile in den ewigen Schnee auf 3111 Metern, wo Sie \u00fcber den Grat ins Berner Oberland blicken k\u00f6nnen. Nach einem Tag auf der Lauchernalp k\u00f6nnen Sie in der Regel mit Ski, Board oder Schlitten ins Tal zur H\u00fctte hinunterfahren.<\/p>\n\n\n\n<p><a href=\"http:\/\/www.coolschool.ch\/\" target=\"_blank\" rel=\"noreferrer noopener\">Die einheimisch<\/a><a href=\"http:\/\/www.coolschool.ch\/\">en Skilehrer<\/a> nehmen Sie gerne mit auf eine Tagestour, komplett mit Rucksack, Schaufel, Kompass und Recco-Alarm. Auch Snowboarden und das ebenfalls beliebte Telemarken sind hier weit verbreitet.<\/p>\n\n\n\n<p>Im L\u00f6tschental finden Sie zudem 30 Kilometer Langlaufloipen, die durch die W\u00e4lder und vorbei an den sch\u00f6nsten Pl\u00e4tzen f\u00fchren.<\/p>\n\n\n\n<figure class=\"wp-block-gallery has-nested-images columns-default is-cropped wp-block-gallery-1 is-layout-flex wp-block-gallery-is-layout-flex\">\n<figure class=\"wp-block-image size-large\"><img loading=\"lazy\" decoding=\"async\" width=\"900\" height=\"1200\" data-id=\"661\" src=\"https:\/\/chaletinwallis.info\/wp-content\/uploads\/2024\/10\/MQ-2008-015.jpg\" alt=\"\" class=\"wp-image-661\" srcset=\"https:\/\/chaletinwallis.info\/wp-content\/uploads\/2024\/10\/MQ-2008-015.jpg 900w, https:\/\/chaletinwallis.info\/wp-content\/uploads\/2024\/10\/MQ-2008-015-768x1024.jpg 768w, https:\/\/chaletinwallis.info\/wp-content\/uploads\/2024\/10\/MQ-2008-015-800x1067.jpg 800w\" sizes=\"auto, (max-width: 900px) 100vw, 900px\" \/><\/figure>\n\n\n\n<figure class=\"wp-block-image size-large\"><img loading=\"lazy\" decoding=\"async\" width=\"1200\" height=\"900\" data-id=\"670\" src=\"https:\/\/chaletinwallis.info\/wp-content\/uploads\/2024\/10\/MQ-20181218_133106.jpg\" alt=\"\" class=\"wp-image-670\" srcset=\"https:\/\/chaletinwallis.info\/wp-content\/uploads\/2024\/10\/MQ-20181218_133106.jpg 1200w, https:\/\/chaletinwallis.info\/wp-content\/uploads\/2024\/10\/MQ-20181218_133106-768x576.jpg 768w, https:\/\/chaletinwallis.info\/wp-content\/uploads\/2024\/10\/MQ-20181218_133106-800x600.jpg 800w\" sizes=\"auto, (max-width: 1200px) 100vw, 1200px\" \/><\/figure>\n\n\n\n<figure class=\"wp-block-image size-large\"><img loading=\"lazy\" decoding=\"async\" width=\"1200\" height=\"900\" data-id=\"674\" src=\"https:\/\/chaletinwallis.info\/wp-content\/uploads\/2024\/10\/MQ-20181228_130526-EFFECTS.jpg\" alt=\"\" class=\"wp-image-674\" srcset=\"https:\/\/chaletinwallis.info\/wp-content\/uploads\/2024\/10\/MQ-20181228_130526-EFFECTS.jpg 1200w, https:\/\/chaletinwallis.info\/wp-content\/uploads\/2024\/10\/MQ-20181228_130526-EFFECTS-768x576.jpg 768w, https:\/\/chaletinwallis.info\/wp-content\/uploads\/2024\/10\/MQ-20181228_130526-EFFECTS-800x600.jpg 800w\" sizes=\"auto, (max-width: 1200px) 100vw, 1200px\" \/><\/figure>\n\n\n\n<figure class=\"wp-block-image size-full\"><img loading=\"lazy\" decoding=\"async\" width=\"1200\" height=\"900\" data-id=\"1904\" src=\"https:\/\/chaletinwallis.info\/wp-content\/uploads\/2024\/10\/HQ-2008-058-gedraaid.jpg\" alt=\"\" class=\"wp-image-1904\" srcset=\"https:\/\/chaletinwallis.info\/wp-content\/uploads\/2024\/10\/HQ-2008-058-gedraaid.jpg 1200w, https:\/\/chaletinwallis.info\/wp-content\/uploads\/2024\/10\/HQ-2008-058-gedraaid-768x576.jpg 768w, https:\/\/chaletinwallis.info\/wp-content\/uploads\/2024\/10\/HQ-2008-058-gedraaid-800x600.jpg 800w\" sizes=\"auto, (max-width: 1200px) 100vw, 1200px\" \/><\/figure>\n\n\n\n<figure class=\"wp-block-image size-full\"><img loading=\"lazy\" decoding=\"async\" width=\"1920\" height=\"2560\" data-id=\"1908\" src=\"https:\/\/chaletinwallis.info\/wp-content\/uploads\/2024\/10\/HQ-20181220_122205-gedraaid-scaled.jpg\" alt=\"\" class=\"wp-image-1908\" srcset=\"https:\/\/chaletinwallis.info\/wp-content\/uploads\/2024\/10\/HQ-20181220_122205-gedraaid-scaled.jpg 1920w, https:\/\/chaletinwallis.info\/wp-content\/uploads\/2024\/10\/HQ-20181220_122205-gedraaid-768x1024.jpg 768w, https:\/\/chaletinwallis.info\/wp-content\/uploads\/2024\/10\/HQ-20181220_122205-gedraaid-1152x1536.jpg 1152w, https:\/\/chaletinwallis.info\/wp-content\/uploads\/2024\/10\/HQ-20181220_122205-gedraaid-1536x2048.jpg 1536w, https:\/\/chaletinwallis.info\/wp-content\/uploads\/2024\/10\/HQ-20181220_122205-gedraaid-800x1067.jpg 800w, https:\/\/chaletinwallis.info\/wp-content\/uploads\/2024\/10\/HQ-20181220_122205-gedraaid-1516x2022.jpg 1516w\" sizes=\"auto, (max-width: 1920px) 100vw, 1920px\" \/><\/figure>\n\n\n\n<figure class=\"wp-block-image size-large\"><img loading=\"lazy\" decoding=\"async\" width=\"900\" height=\"1200\" data-id=\"689\" src=\"https:\/\/chaletinwallis.info\/wp-content\/uploads\/2024\/10\/MQ-20211217_123152-rotated.jpg\" alt=\"\" class=\"wp-image-689\" srcset=\"https:\/\/chaletinwallis.info\/wp-content\/uploads\/2024\/10\/MQ-20211217_123152-rotated.jpg 900w, https:\/\/chaletinwallis.info\/wp-content\/uploads\/2024\/10\/MQ-20211217_123152-768x1024.jpg 768w, https:\/\/chaletinwallis.info\/wp-content\/uploads\/2024\/10\/MQ-20211217_123152-800x1067.jpg 800w\" sizes=\"auto, (max-width: 900px) 100vw, 900px\" \/><\/figure>\n\n\n\n<figure class=\"wp-block-image size-large\"><img loading=\"lazy\" decoding=\"async\" width=\"503\" height=\"404\" data-id=\"698\" src=\"https:\/\/chaletinwallis.info\/wp-content\/uploads\/2024\/10\/MQ-guido-lauchern.jpg\" alt=\"\" class=\"wp-image-698\"\/><\/figure>\n\n\n\n<figure class=\"wp-block-image size-full\"><img loading=\"lazy\" decoding=\"async\" width=\"1277\" height=\"2273\" data-id=\"1912\" src=\"https:\/\/chaletinwallis.info\/wp-content\/uploads\/2024\/10\/HQ-IMG-20150429-WA0005-GEDRAAID.jpeg\" alt=\"\" class=\"wp-image-1912\" srcset=\"https:\/\/chaletinwallis.info\/wp-content\/uploads\/2024\/10\/HQ-IMG-20150429-WA0005-GEDRAAID.jpeg 1277w, https:\/\/chaletinwallis.info\/wp-content\/uploads\/2024\/10\/HQ-IMG-20150429-WA0005-GEDRAAID-768x1367.jpeg 768w, https:\/\/chaletinwallis.info\/wp-content\/uploads\/2024\/10\/HQ-IMG-20150429-WA0005-GEDRAAID-863x1536.jpeg 863w, https:\/\/chaletinwallis.info\/wp-content\/uploads\/2024\/10\/HQ-IMG-20150429-WA0005-GEDRAAID-1151x2048.jpeg 1151w, https:\/\/chaletinwallis.info\/wp-content\/uploads\/2024\/10\/HQ-IMG-20150429-WA0005-GEDRAAID-800x1424.jpeg 800w\" sizes=\"auto, (max-width: 1277px) 100vw, 1277px\" \/><\/figure>\n\n\n\n<figure class=\"wp-block-image size-large\"><img loading=\"lazy\" decoding=\"async\" width=\"900\" height=\"1200\" data-id=\"746\" src=\"https:\/\/chaletinwallis.info\/wp-content\/uploads\/2024\/10\/MQ-20181228_130538-rotated.jpg\" alt=\"\" class=\"wp-image-746\" srcset=\"https:\/\/chaletinwallis.info\/wp-content\/uploads\/2024\/10\/MQ-20181228_130538-rotated.jpg 900w, https:\/\/chaletinwallis.info\/wp-content\/uploads\/2024\/10\/MQ-20181228_130538-768x1024.jpg 768w, https:\/\/chaletinwallis.info\/wp-content\/uploads\/2024\/10\/MQ-20181228_130538-800x1067.jpg 800w\" sizes=\"auto, (max-width: 900px) 100vw, 900px\" \/><\/figure>\n<\/figure>\n","protected":false},"excerpt":{"rendered":"<p>Nur wenige Gehminuten vom Chalet de Compagnie entfernt befindet sich die Seilbahn, die Sie in das sonnige und sehr schneesichere Skigebiet der Lauchernalp bringt. Schneesicher, weil der F\u00f6hn, der warme S\u00fcdwind, \u00fcber das L\u00f6tschental weht. Die Lauchernalp ist ein relativ kleines Skigebiet, das \u00fcberraschend viele M\u00f6glichkeiten bietet. Off-Piste-Skifahren auf dem Gletscher ist ein ganz besonderes [&hellip;]<\/p>\n","protected":false},"author":1,"featured_media":2052,"parent":0,"menu_order":0,"comment_status":"closed","ping_status":"closed","template":"template-grid-page-no-sidebar.php","meta":{"_coblocks_attr":"","_coblocks_dimensions":"","_coblocks_responsive_height":"","_coblocks_accordion_ie_support":"","inline_featured_image":false,"footnotes":""},"class_list":["post-1926","page","type-page","status-publish","has-post-thumbnail","hentry"],"yoast_head":"<!-- This site is optimized with the Yoast SEO plugin v27.5 - https:\/\/yoast.com\/product\/yoast-seo-wordpress\/ -->\n<title>Winter - Chalet de Compagnie<\/title>\n<meta name=\"robots\" content=\"index, follow, max-snippet:-1, max-image-preview:large, max-video-preview:-1\" \/>\n<link rel=\"canonical\" href=\"https:\/\/chaletinwallis.info\/de\/winter\/\" \/>\n<meta property=\"og:locale\" content=\"de_DE\" \/>\n<meta property=\"og:type\" content=\"article\" \/>\n<meta property=\"og:title\" content=\"Winter - Chalet de Compagnie\" \/>\n<meta property=\"og:description\" content=\"Nur wenige Gehminuten vom Chalet de Compagnie entfernt befindet sich die Seilbahn, die Sie in das sonnige und sehr schneesichere Skigebiet der Lauchernalp bringt. Schneesicher, weil der F\u00f6hn, der warme S\u00fcdwind, \u00fcber das L\u00f6tschental weht. Die Lauchernalp ist ein relativ kleines Skigebiet, das \u00fcberraschend viele M\u00f6glichkeiten bietet. Off-Piste-Skifahren auf dem Gletscher ist ein ganz besonderes [&hellip;]\" \/>\n<meta property=\"og:url\" content=\"https:\/\/chaletinwallis.info\/de\/winter\/\" \/>\n<meta property=\"og:site_name\" content=\"Chalet de Compagnie\" \/>\n<meta property=\"article:modified_time\" content=\"2024-11-26T17:08:56+00:00\" \/>\n<meta property=\"og:image\" content=\"https:\/\/chaletinwallis.info\/wp-content\/uploads\/2024\/10\/HQ-2008-032-anders.jpg\" \/>\n\t<meta property=\"og:image:width\" content=\"2448\" \/>\n\t<meta property=\"og:image:height\" content=\"2063\" \/>\n\t<meta property=\"og:image:type\" content=\"image\/jpeg\" \/>\n<meta name=\"twitter:card\" content=\"summary_large_image\" \/>\n<meta name=\"twitter:label1\" content=\"Gesch\u00e4tzte Lesezeit\" \/>\n\t<meta name=\"twitter:data1\" content=\"3\u00a0Minuten\" \/>\n<script type=\"application\/ld+json\" class=\"yoast-schema-graph\">{\"@context\":\"https:\\\/\\\/schema.org\",\"@graph\":[{\"@type\":\"WebPage\",\"@id\":\"https:\\\/\\\/chaletinwallis.info\\\/de\\\/winter\\\/\",\"url\":\"https:\\\/\\\/chaletinwallis.info\\\/de\\\/winter\\\/\",\"name\":\"Winter - Chalet de Compagnie\",\"isPartOf\":{\"@id\":\"https:\\\/\\\/chaletinwallis.info\\\/de\\\/#website\"},\"primaryImageOfPage\":{\"@id\":\"https:\\\/\\\/chaletinwallis.info\\\/de\\\/winter\\\/#primaryimage\"},\"image\":{\"@id\":\"https:\\\/\\\/chaletinwallis.info\\\/de\\\/winter\\\/#primaryimage\"},\"thumbnailUrl\":\"https:\\\/\\\/chaletinwallis.info\\\/wp-content\\\/uploads\\\/2024\\\/10\\\/HQ-2008-032-anders.jpg\",\"datePublished\":\"2018-06-28T11:17:12+00:00\",\"dateModified\":\"2024-11-26T17:08:56+00:00\",\"breadcrumb\":{\"@id\":\"https:\\\/\\\/chaletinwallis.info\\\/de\\\/winter\\\/#breadcrumb\"},\"inLanguage\":\"de\",\"potentialAction\":[{\"@type\":\"ReadAction\",\"target\":[\"https:\\\/\\\/chaletinwallis.info\\\/de\\\/winter\\\/\"]}]},{\"@type\":\"ImageObject\",\"inLanguage\":\"de\",\"@id\":\"https:\\\/\\\/chaletinwallis.info\\\/de\\\/winter\\\/#primaryimage\",\"url\":\"https:\\\/\\\/chaletinwallis.info\\\/wp-content\\\/uploads\\\/2024\\\/10\\\/HQ-2008-032-anders.jpg\",\"contentUrl\":\"https:\\\/\\\/chaletinwallis.info\\\/wp-content\\\/uploads\\\/2024\\\/10\\\/HQ-2008-032-anders.jpg\",\"width\":2448,\"height\":2063},{\"@type\":\"BreadcrumbList\",\"@id\":\"https:\\\/\\\/chaletinwallis.info\\\/de\\\/winter\\\/#breadcrumb\",\"itemListElement\":[{\"@type\":\"ListItem\",\"position\":1,\"name\":\"Home\",\"item\":\"https:\\\/\\\/chaletinwallis.info\\\/de\\\/\"},{\"@type\":\"ListItem\",\"position\":2,\"name\":\"Winter\"}]},{\"@type\":\"WebSite\",\"@id\":\"https:\\\/\\\/chaletinwallis.info\\\/de\\\/#website\",\"url\":\"https:\\\/\\\/chaletinwallis.info\\\/de\\\/\",\"name\":\"CHALET de COMPAGNIE\",\"description\":\"Juwel im L\u00f6tschental\",\"publisher\":{\"@id\":\"https:\\\/\\\/chaletinwallis.info\\\/de\\\/#organization\"},\"potentialAction\":[{\"@type\":\"SearchAction\",\"target\":{\"@type\":\"EntryPoint\",\"urlTemplate\":\"https:\\\/\\\/chaletinwallis.info\\\/de\\\/?s={search_term_string}\"},\"query-input\":{\"@type\":\"PropertyValueSpecification\",\"valueRequired\":true,\"valueName\":\"search_term_string\"}}],\"inLanguage\":\"de\"},{\"@type\":\"Organization\",\"@id\":\"https:\\\/\\\/chaletinwallis.info\\\/de\\\/#organization\",\"name\":\"CHALET de COMPAGNIE\",\"url\":\"https:\\\/\\\/chaletinwallis.info\\\/de\\\/\",\"logo\":{\"@type\":\"ImageObject\",\"inLanguage\":\"de\",\"@id\":\"https:\\\/\\\/chaletinwallis.info\\\/de\\\/#\\\/schema\\\/logo\\\/image\\\/\",\"url\":\"https:\\\/\\\/chaletinwallis.info\\\/wp-content\\\/uploads\\\/2024\\\/10\\\/2008-060-gedraaidcropped-N1-scaled.jpg\",\"contentUrl\":\"https:\\\/\\\/chaletinwallis.info\\\/wp-content\\\/uploads\\\/2024\\\/10\\\/2008-060-gedraaidcropped-N1-scaled.jpg\",\"width\":2560,\"height\":1384,\"caption\":\"CHALET de COMPAGNIE\"},\"image\":{\"@id\":\"https:\\\/\\\/chaletinwallis.info\\\/de\\\/#\\\/schema\\\/logo\\\/image\\\/\"}}]}<\/script>\n<!-- \/ Yoast SEO plugin. -->","yoast_head_json":{"title":"Winter - Chalet de Compagnie","robots":{"index":"index","follow":"follow","max-snippet":"max-snippet:-1","max-image-preview":"max-image-preview:large","max-video-preview":"max-video-preview:-1"},"canonical":"https:\/\/chaletinwallis.info\/de\/winter\/","og_locale":"de_DE","og_type":"article","og_title":"Winter - Chalet de Compagnie","og_description":"Nur wenige Gehminuten vom Chalet de Compagnie entfernt befindet sich die Seilbahn, die Sie in das sonnige und sehr schneesichere Skigebiet der Lauchernalp bringt. Schneesicher, weil der F\u00f6hn, der warme S\u00fcdwind, \u00fcber das L\u00f6tschental weht. Die Lauchernalp ist ein relativ kleines Skigebiet, das \u00fcberraschend viele M\u00f6glichkeiten bietet. Off-Piste-Skifahren auf dem Gletscher ist ein ganz besonderes [&hellip;]","og_url":"https:\/\/chaletinwallis.info\/de\/winter\/","og_site_name":"Chalet de Compagnie","article_modified_time":"2024-11-26T17:08:56+00:00","og_image":[{"width":2448,"height":2063,"url":"https:\/\/chaletinwallis.info\/wp-content\/uploads\/2024\/10\/HQ-2008-032-anders.jpg","type":"image\/jpeg"}],"twitter_card":"summary_large_image","twitter_misc":{"Gesch\u00e4tzte Lesezeit":"3\u00a0Minuten"},"schema":{"@context":"https:\/\/schema.org","@graph":[{"@type":"WebPage","@id":"https:\/\/chaletinwallis.info\/de\/winter\/","url":"https:\/\/chaletinwallis.info\/de\/winter\/","name":"Winter - Chalet de Compagnie","isPartOf":{"@id":"https:\/\/chaletinwallis.info\/de\/#website"},"primaryImageOfPage":{"@id":"https:\/\/chaletinwallis.info\/de\/winter\/#primaryimage"},"image":{"@id":"https:\/\/chaletinwallis.info\/de\/winter\/#primaryimage"},"thumbnailUrl":"https:\/\/chaletinwallis.info\/wp-content\/uploads\/2024\/10\/HQ-2008-032-anders.jpg","datePublished":"2018-06-28T11:17:12+00:00","dateModified":"2024-11-26T17:08:56+00:00","breadcrumb":{"@id":"https:\/\/chaletinwallis.info\/de\/winter\/#breadcrumb"},"inLanguage":"de","potentialAction":[{"@type":"ReadAction","target":["https:\/\/chaletinwallis.info\/de\/winter\/"]}]},{"@type":"ImageObject","inLanguage":"de","@id":"https:\/\/chaletinwallis.info\/de\/winter\/#primaryimage","url":"https:\/\/chaletinwallis.info\/wp-content\/uploads\/2024\/10\/HQ-2008-032-anders.jpg","contentUrl":"https:\/\/chaletinwallis.info\/wp-content\/uploads\/2024\/10\/HQ-2008-032-anders.jpg","width":2448,"height":2063},{"@type":"BreadcrumbList","@id":"https:\/\/chaletinwallis.info\/de\/winter\/#breadcrumb","itemListElement":[{"@type":"ListItem","position":1,"name":"Home","item":"https:\/\/chaletinwallis.info\/de\/"},{"@type":"ListItem","position":2,"name":"Winter"}]},{"@type":"WebSite","@id":"https:\/\/chaletinwallis.info\/de\/#website","url":"https:\/\/chaletinwallis.info\/de\/","name":"CHALET de COMPAGNIE","description":"Juwel im L\u00f6tschental","publisher":{"@id":"https:\/\/chaletinwallis.info\/de\/#organization"},"potentialAction":[{"@type":"SearchAction","target":{"@type":"EntryPoint","urlTemplate":"https:\/\/chaletinwallis.info\/de\/?s={search_term_string}"},"query-input":{"@type":"PropertyValueSpecification","valueRequired":true,"valueName":"search_term_string"}}],"inLanguage":"de"},{"@type":"Organization","@id":"https:\/\/chaletinwallis.info\/de\/#organization","name":"CHALET de COMPAGNIE","url":"https:\/\/chaletinwallis.info\/de\/","logo":{"@type":"ImageObject","inLanguage":"de","@id":"https:\/\/chaletinwallis.info\/de\/#\/schema\/logo\/image\/","url":"https:\/\/chaletinwallis.info\/wp-content\/uploads\/2024\/10\/2008-060-gedraaidcropped-N1-scaled.jpg","contentUrl":"https:\/\/chaletinwallis.info\/wp-content\/uploads\/2024\/10\/2008-060-gedraaidcropped-N1-scaled.jpg","width":2560,"height":1384,"caption":"CHALET de COMPAGNIE"},"image":{"@id":"https:\/\/chaletinwallis.info\/de\/#\/schema\/logo\/image\/"}}]}},"jetpack_sharing_enabled":true,"_links":{"self":[{"href":"https:\/\/chaletinwallis.info\/de\/wp-json\/wp\/v2\/pages\/1926","targetHints":{"allow":["GET"]}}],"collection":[{"href":"https:\/\/chaletinwallis.info\/de\/wp-json\/wp\/v2\/pages"}],"about":[{"href":"https:\/\/chaletinwallis.info\/de\/wp-json\/wp\/v2\/types\/page"}],"author":[{"embeddable":true,"href":"https:\/\/chaletinwallis.info\/de\/wp-json\/wp\/v2\/users\/1"}],"replies":[{"embeddable":true,"href":"https:\/\/chaletinwallis.info\/de\/wp-json\/wp\/v2\/comments?post=1926"}],"version-history":[{"count":3,"href":"https:\/\/chaletinwallis.info\/de\/wp-json\/wp\/v2\/pages\/1926\/revisions"}],"predecessor-version":[{"id":2279,"href":"https:\/\/chaletinwallis.info\/de\/wp-json\/wp\/v2\/pages\/1926\/revisions\/2279"}],"wp:featuredmedia":[{"embeddable":true,"href":"https:\/\/chaletinwallis.info\/de\/wp-json\/wp\/v2\/media\/2052"}],"wp:attachment":[{"href":"https:\/\/chaletinwallis.info\/de\/wp-json\/wp\/v2\/media?parent=1926"}],"curies":[{"name":"wp","href":"https:\/\/api.w.org\/{rel}","templated":true}]}}