{"id":1889,"date":"2024-10-09T19:24:22","date_gmt":"2024-10-09T19:24:22","guid":{"rendered":"https:\/\/chaletinwallis.info\/?page_id=1889"},"modified":"2024-10-23T18:57:34","modified_gmt":"2024-10-23T18:57:34","slug":"datenschutzerklaerung","status":"publish","type":"page","link":"https:\/\/chaletinwallis.info\/de\/datenschutzerklaerung\/","title":{"rendered":"Datenschutzerkl\u00e4rung"},"content":{"rendered":"\n<p><strong>Erkl\u00e4rung zum Datenschutz Chalet de Compagnie<\/strong><\/p>\n\n\n\n<p>Chalet de Compagnie, mit Sitz in der Hockenstrasse 48, 3917 Kippel, Schweiz, ist verantwortlich f\u00fcr die Verarbeitung personenbezogener Daten, wie in dieser Datenschutzerkl\u00e4rung beschrieben.<\/p>\n\n\n\n<p><strong>Kontaktangaben:<\/strong><br>Verantwortlicher: Annemarieke Boersma<br>Adresse: Stade de Colombes 92, 1098 VV Amsterdam, die Niederlande<br>Telefon: +31 681 131 155<br>E-Mail: annemarieke@brouwersweb.com<\/p>\n\n\n\n<h3 class=\"wp-block-heading\">Von uns verarbeitete personenbezogene Daten<\/h3>\n\n\n\n<p>Chalet de Compagnie verarbeitet die folgenden personenbezogenen Daten:<\/p>\n\n\n\n<ul class=\"wp-block-list\">\n<li>Name und Vorname<\/li>\n\n\n\n<li>Nachname<\/li>\n\n\n\n<li>E-Mail Adresse<\/li>\n\n\n\n<li>Telefon-Nummer<\/li>\n\n\n\n<li>Land des Wohnsitzes<\/li>\n<\/ul>\n\n\n\n<h3 class=\"wp-block-heading\">Zweck der Datenverarbeitung<\/h3>\n\n\n\n<p>Chalet de Compagnie verarbeitet Ihre pers\u00f6nlichen Daten zu folgenden Zwecken:<\/p>\n\n\n\n<ul class=\"wp-block-list\">\n<li>Ausarbeitung eines Mietvertrags.<\/li>\n\n\n\n<li>Bereitstellung von wichtigen Informationen \u00fcber Ihren Aufenthalt im Chalet.<\/li>\n\n\n\n<li>Erf\u00fcllung gesetzlicher Verpflichtungen, wie z.B. der Steuerverwaltung.<\/li>\n\n\n\n<li>Automatischer Versand von E-Mails mit wichtigen Informationen zu Ihrer Buchung und Ihrem Aufenthalt.<\/li>\n<\/ul>\n\n\n\n<h3 class=\"wp-block-heading\">Rechtsgrundlagen f\u00fcr die Datenverarbeitung<\/h3>\n\n\n\n<p>Chalet de Compagnie verarbeitet personenbezogene Daten auf der Grundlage der folgenden Rechtsgrundlagen:<\/p>\n\n\n\n<ul class=\"wp-block-list\">\n<li>Ausf\u00fchrung einer Vereinbarung (Mietvertrag).<\/li>\n\n\n\n<li>Erf\u00fcllung gesetzlicher Verpflichtungen (z.B. Steuerverwaltung).<\/li>\n\n\n\n<li>Berechtigtes Interesse (automatische E-Mails mit wichtigen Informationen \u00fcber Ihre Buchung).<\/li>\n<\/ul>\n\n\n\n<h3 class=\"wp-block-heading\">Weitergabe pers\u00f6nlicher Daten an Dritte<\/h3>\n\n\n\n<p>Chalet de Compagnie verkauft Ihre Daten nicht an Dritte und gibt Ihre pers\u00f6nlichen Daten nur weiter, wenn dies f\u00fcr die Ausf\u00fchrung des Vertrags oder zur Erf\u00fcllung einer gesetzlichen Verpflichtung erforderlich ist. Ihre Kontaktdaten werden an die \u00f6rtliche Kontaktperson (den Verwalter) weitergegeben, die als Ansprechpartner f\u00fcr Ihren Aufenthalt fungiert und sich um die Schl\u00fcssel\u00fcbergabe k\u00fcmmert.<\/p>\n\n\n\n<h3 class=\"wp-block-heading\">Aufbewahrungsfrist<\/h3>\n\n\n\n<p>Die Chalet de Compagnie bewahrt Ihre personenbezogenen Daten nicht l\u00e4nger auf, als es f\u00fcr die Erf\u00fcllung der Zwecke, f\u00fcr die die Daten erhoben wurden, unbedingt erforderlich ist. In \u00dcbereinstimmung mit den gesetzlichen Verpflichtungen (z.B. f\u00fcr Steuerzwecke) bewahren wir Ihre Daten maximal 10 Jahre lang auf.<\/p>\n\n\n\n<h3 class=\"wp-block-heading\">Sicherheit der pers\u00f6nlichen Daten<\/h3>\n\n\n\n<p>Chalet de Compagnie nimmt den Schutz Ihrer Daten ernst und ergreift geeignete Ma\u00dfnahmen, um Missbrauch, Verlust, unbefugten Zugriff, unerw\u00fcnschte Offenlegung und unbefugte \u00c4nderung zu verhindern. Wir verwenden:<\/p>\n\n\n\n<ul class=\"wp-block-list\">\n<li>Sicherheitssoftware wie z.B. einen Virenscanner.<\/li>\n\n\n\n<li>Multi-Faktor-Authentifizierung f\u00fcr den Zugang zu unseren Systemen.<\/li>\n<\/ul>\n\n\n\n<h3 class=\"wp-block-heading\">Ihre Rechte<\/h3>\n\n\n\n<p>Sie haben das Recht, auf Ihre personenbezogenen Daten zuzugreifen, sie zu korrigieren oder zu l\u00f6schen. Sie haben auch das Recht, Ihre Zustimmung zur Datenverarbeitung zu widerrufen oder der Verarbeitung Ihrer personenbezogenen Daten durch Chalet de Compagnie zu widersprechen. Sie k\u00f6nnen einen Antrag \u00fcber die E-Mail-Adresse annemarieke@brouwersweb.com stellen.<\/p>\n\n\n\n<h3 class=\"wp-block-heading\">Cookies und Tracking<\/h3>\n\n\n\n<p>Chalet de Compagnie verwendet funktionelle und analytische Cookies. Funktionelle Cookies sind f\u00fcr das reibungslose Funktionieren der Website erforderlich und werden automatisch gesetzt. Analytische Cookies werden verwendet, um den Verkehr auf der Website zu analysieren, wof\u00fcr wir Sie um Ihre Zustimmung bitten.<\/p>\n\n\n\n<ul class=\"wp-block-list\">\n<li><strong>Funktionale Cookies:<\/strong> Sie gew\u00e4hrleisten das ordnungsgem\u00e4\u00dfe Funktionieren der Website, z. B. die Speicherung Ihrer Einstellungen.<\/li>\n\n\n\n<li><strong>Analytische Cookies:<\/strong> Diese Cookies helfen uns zu verstehen, wie die Website genutzt wird.<\/li>\n<\/ul>\n\n\n\n<h3 class=\"wp-block-heading\">Formulare<\/h3>\n\n\n\n<p>Chalet de Compagnie verwendet ein Formular auf der Website, um Kontaktinformationen von G\u00e4sten zu sammeln. Die \u00fcber dieses Formular \u00fcbermittelten Informationen werden nur f\u00fcr die oben beschriebenen Zwecke verwendet.<\/p>\n\n\n\n<h3 class=\"wp-block-heading\">Automatisierte Entscheidungsfindung<\/h3>\n\n\n\n<p>Chalet de Compagnie verwendet keine automatisierte Entscheidungsfindung oder Profilerstellung, die erhebliche Auswirkungen auf Sie als Besucher hat.<\/p>\n\n\n\n<h3 class=\"wp-block-heading\">Beanstandungen<\/h3>\n\n\n\n<p>Wenn Sie der Meinung sind, dass Ihre Daten nicht ordnungsgem\u00e4\u00df gesichert sind oder es Anzeichen f\u00fcr einen Missbrauch gibt, wenden Sie sich bitte an uns unter annemarieke@brouwersweb.com. Sie haben auch das Recht, eine Beschwerde bei der nationalen Aufsichtsbeh\u00f6rde, der Beh\u00f6rde f\u00fcr personenbezogene Daten, einzureichen.<\/p>\n","protected":false},"excerpt":{"rendered":"<p>Erkl\u00e4rung zum Datenschutz Chalet de Compagnie Chalet de Compagnie, mit Sitz in der Hockenstrasse 48, 3917 Kippel, Schweiz, ist verantwortlich f\u00fcr die Verarbeitung personenbezogener Daten, wie in dieser Datenschutzerkl\u00e4rung beschrieben. Kontaktangaben:Verantwortlicher: Annemarieke BoersmaAdresse: Stade de Colombes 92, 1098 VV Amsterdam, die NiederlandeTelefon: +31 681 131 155E-Mail: annemarieke@brouwersweb.com Von uns verarbeitete personenbezogene Daten Chalet de Compagnie [&hellip;]<\/p>\n","protected":false},"author":1,"featured_media":0,"parent":0,"menu_order":0,"comment_status":"closed","ping_status":"open","template":"template-page-no-sidebar.php","meta":{"_coblocks_attr":"","_coblocks_dimensions":"","_coblocks_responsive_height":"","_coblocks_accordion_ie_support":"","inline_featured_image":false,"footnotes":""},"class_list":["post-1889","page","type-page","status-publish","hentry"],"yoast_head":"<!-- This site is optimized with the Yoast SEO plugin v27.5 - https:\/\/yoast.com\/product\/yoast-seo-wordpress\/ -->\n<title>Datenschutzerkl\u00e4rung - Chalet de Compagnie<\/title>\n<meta name=\"robots\" content=\"index, follow, max-snippet:-1, max-image-preview:large, max-video-preview:-1\" \/>\n<link rel=\"canonical\" href=\"https:\/\/chaletinwallis.info\/de\/datenschutzerklaerung\/\" \/>\n<meta property=\"og:locale\" content=\"de_DE\" \/>\n<meta property=\"og:type\" content=\"article\" \/>\n<meta property=\"og:title\" content=\"Datenschutzerkl\u00e4rung - Chalet de Compagnie\" \/>\n<meta property=\"og:description\" content=\"Erkl\u00e4rung zum Datenschutz Chalet de Compagnie Chalet de Compagnie, mit Sitz in der Hockenstrasse 48, 3917 Kippel, Schweiz, ist verantwortlich f\u00fcr die Verarbeitung personenbezogener Daten, wie in dieser Datenschutzerkl\u00e4rung beschrieben. Kontaktangaben:Verantwortlicher: Annemarieke BoersmaAdresse: Stade de Colombes 92, 1098 VV Amsterdam, die NiederlandeTelefon: +31 681 131 155E-Mail: annemarieke@brouwersweb.com Von uns verarbeitete personenbezogene Daten Chalet de Compagnie [&hellip;]\" \/>\n<meta property=\"og:url\" content=\"https:\/\/chaletinwallis.info\/de\/datenschutzerklaerung\/\" \/>\n<meta property=\"og:site_name\" content=\"Chalet de Compagnie\" \/>\n<meta property=\"article:modified_time\" content=\"2024-10-23T18:57:34+00:00\" \/>\n<meta name=\"twitter:card\" content=\"summary_large_image\" \/>\n<meta name=\"twitter:label1\" content=\"Gesch\u00e4tzte Lesezeit\" \/>\n\t<meta name=\"twitter:data1\" content=\"3\u00a0Minuten\" \/>\n<script type=\"application\/ld+json\" class=\"yoast-schema-graph\">{\"@context\":\"https:\\\/\\\/schema.org\",\"@graph\":[{\"@type\":\"WebPage\",\"@id\":\"https:\\\/\\\/chaletinwallis.info\\\/de\\\/datenschutzerklaerung\\\/\",\"url\":\"https:\\\/\\\/chaletinwallis.info\\\/de\\\/datenschutzerklaerung\\\/\",\"name\":\"Datenschutzerkl\u00e4rung - Chalet de Compagnie\",\"isPartOf\":{\"@id\":\"https:\\\/\\\/chaletinwallis.info\\\/de\\\/#website\"},\"datePublished\":\"2024-10-09T19:24:22+00:00\",\"dateModified\":\"2024-10-23T18:57:34+00:00\",\"breadcrumb\":{\"@id\":\"https:\\\/\\\/chaletinwallis.info\\\/de\\\/datenschutzerklaerung\\\/#breadcrumb\"},\"inLanguage\":\"de\",\"potentialAction\":[{\"@type\":\"ReadAction\",\"target\":[\"https:\\\/\\\/chaletinwallis.info\\\/de\\\/datenschutzerklaerung\\\/\"]}]},{\"@type\":\"BreadcrumbList\",\"@id\":\"https:\\\/\\\/chaletinwallis.info\\\/de\\\/datenschutzerklaerung\\\/#breadcrumb\",\"itemListElement\":[{\"@type\":\"ListItem\",\"position\":1,\"name\":\"Home\",\"item\":\"https:\\\/\\\/chaletinwallis.info\\\/de\\\/\"},{\"@type\":\"ListItem\",\"position\":2,\"name\":\"Datenschutzerkl\u00e4rung\"}]},{\"@type\":\"WebSite\",\"@id\":\"https:\\\/\\\/chaletinwallis.info\\\/de\\\/#website\",\"url\":\"https:\\\/\\\/chaletinwallis.info\\\/de\\\/\",\"name\":\"CHALET de COMPAGNIE\",\"description\":\"Juwel im L\u00f6tschental\",\"publisher\":{\"@id\":\"https:\\\/\\\/chaletinwallis.info\\\/de\\\/#organization\"},\"potentialAction\":[{\"@type\":\"SearchAction\",\"target\":{\"@type\":\"EntryPoint\",\"urlTemplate\":\"https:\\\/\\\/chaletinwallis.info\\\/de\\\/?s={search_term_string}\"},\"query-input\":{\"@type\":\"PropertyValueSpecification\",\"valueRequired\":true,\"valueName\":\"search_term_string\"}}],\"inLanguage\":\"de\"},{\"@type\":\"Organization\",\"@id\":\"https:\\\/\\\/chaletinwallis.info\\\/de\\\/#organization\",\"name\":\"CHALET de COMPAGNIE\",\"url\":\"https:\\\/\\\/chaletinwallis.info\\\/de\\\/\",\"logo\":{\"@type\":\"ImageObject\",\"inLanguage\":\"de\",\"@id\":\"https:\\\/\\\/chaletinwallis.info\\\/de\\\/#\\\/schema\\\/logo\\\/image\\\/\",\"url\":\"https:\\\/\\\/chaletinwallis.info\\\/wp-content\\\/uploads\\\/2024\\\/10\\\/2008-060-gedraaidcropped-N1-scaled.jpg\",\"contentUrl\":\"https:\\\/\\\/chaletinwallis.info\\\/wp-content\\\/uploads\\\/2024\\\/10\\\/2008-060-gedraaidcropped-N1-scaled.jpg\",\"width\":2560,\"height\":1384,\"caption\":\"CHALET de COMPAGNIE\"},\"image\":{\"@id\":\"https:\\\/\\\/chaletinwallis.info\\\/de\\\/#\\\/schema\\\/logo\\\/image\\\/\"}}]}<\/script>\n<!-- \/ Yoast SEO plugin. -->","yoast_head_json":{"title":"Datenschutzerkl\u00e4rung - Chalet de Compagnie","robots":{"index":"index","follow":"follow","max-snippet":"max-snippet:-1","max-image-preview":"max-image-preview:large","max-video-preview":"max-video-preview:-1"},"canonical":"https:\/\/chaletinwallis.info\/de\/datenschutzerklaerung\/","og_locale":"de_DE","og_type":"article","og_title":"Datenschutzerkl\u00e4rung - Chalet de Compagnie","og_description":"Erkl\u00e4rung zum Datenschutz Chalet de Compagnie Chalet de Compagnie, mit Sitz in der Hockenstrasse 48, 3917 Kippel, Schweiz, ist verantwortlich f\u00fcr die Verarbeitung personenbezogener Daten, wie in dieser Datenschutzerkl\u00e4rung beschrieben. Kontaktangaben:Verantwortlicher: Annemarieke BoersmaAdresse: Stade de Colombes 92, 1098 VV Amsterdam, die NiederlandeTelefon: +31 681 131 155E-Mail: annemarieke@brouwersweb.com Von uns verarbeitete personenbezogene Daten Chalet de Compagnie [&hellip;]","og_url":"https:\/\/chaletinwallis.info\/de\/datenschutzerklaerung\/","og_site_name":"Chalet de Compagnie","article_modified_time":"2024-10-23T18:57:34+00:00","twitter_card":"summary_large_image","twitter_misc":{"Gesch\u00e4tzte Lesezeit":"3\u00a0Minuten"},"schema":{"@context":"https:\/\/schema.org","@graph":[{"@type":"WebPage","@id":"https:\/\/chaletinwallis.info\/de\/datenschutzerklaerung\/","url":"https:\/\/chaletinwallis.info\/de\/datenschutzerklaerung\/","name":"Datenschutzerkl\u00e4rung - Chalet de Compagnie","isPartOf":{"@id":"https:\/\/chaletinwallis.info\/de\/#website"},"datePublished":"2024-10-09T19:24:22+00:00","dateModified":"2024-10-23T18:57:34+00:00","breadcrumb":{"@id":"https:\/\/chaletinwallis.info\/de\/datenschutzerklaerung\/#breadcrumb"},"inLanguage":"de","potentialAction":[{"@type":"ReadAction","target":["https:\/\/chaletinwallis.info\/de\/datenschutzerklaerung\/"]}]},{"@type":"BreadcrumbList","@id":"https:\/\/chaletinwallis.info\/de\/datenschutzerklaerung\/#breadcrumb","itemListElement":[{"@type":"ListItem","position":1,"name":"Home","item":"https:\/\/chaletinwallis.info\/de\/"},{"@type":"ListItem","position":2,"name":"Datenschutzerkl\u00e4rung"}]},{"@type":"WebSite","@id":"https:\/\/chaletinwallis.info\/de\/#website","url":"https:\/\/chaletinwallis.info\/de\/","name":"CHALET de COMPAGNIE","description":"Juwel im L\u00f6tschental","publisher":{"@id":"https:\/\/chaletinwallis.info\/de\/#organization"},"potentialAction":[{"@type":"SearchAction","target":{"@type":"EntryPoint","urlTemplate":"https:\/\/chaletinwallis.info\/de\/?s={search_term_string}"},"query-input":{"@type":"PropertyValueSpecification","valueRequired":true,"valueName":"search_term_string"}}],"inLanguage":"de"},{"@type":"Organization","@id":"https:\/\/chaletinwallis.info\/de\/#organization","name":"CHALET de COMPAGNIE","url":"https:\/\/chaletinwallis.info\/de\/","logo":{"@type":"ImageObject","inLanguage":"de","@id":"https:\/\/chaletinwallis.info\/de\/#\/schema\/logo\/image\/","url":"https:\/\/chaletinwallis.info\/wp-content\/uploads\/2024\/10\/2008-060-gedraaidcropped-N1-scaled.jpg","contentUrl":"https:\/\/chaletinwallis.info\/wp-content\/uploads\/2024\/10\/2008-060-gedraaidcropped-N1-scaled.jpg","width":2560,"height":1384,"caption":"CHALET de COMPAGNIE"},"image":{"@id":"https:\/\/chaletinwallis.info\/de\/#\/schema\/logo\/image\/"}}]}},"jetpack_sharing_enabled":true,"_links":{"self":[{"href":"https:\/\/chaletinwallis.info\/de\/wp-json\/wp\/v2\/pages\/1889","targetHints":{"allow":["GET"]}}],"collection":[{"href":"https:\/\/chaletinwallis.info\/de\/wp-json\/wp\/v2\/pages"}],"about":[{"href":"https:\/\/chaletinwallis.info\/de\/wp-json\/wp\/v2\/types\/page"}],"author":[{"embeddable":true,"href":"https:\/\/chaletinwallis.info\/de\/wp-json\/wp\/v2\/users\/1"}],"replies":[{"embeddable":true,"href":"https:\/\/chaletinwallis.info\/de\/wp-json\/wp\/v2\/comments?post=1889"}],"version-history":[{"count":0,"href":"https:\/\/chaletinwallis.info\/de\/wp-json\/wp\/v2\/pages\/1889\/revisions"}],"wp:attachment":[{"href":"https:\/\/chaletinwallis.info\/de\/wp-json\/wp\/v2\/media?parent=1889"}],"curies":[{"name":"wp","href":"https:\/\/api.w.org\/{rel}","templated":true}]}}