{"id":1883,"date":"2024-10-11T10:34:12","date_gmt":"2024-10-11T10:34:12","guid":{"rendered":"https:\/\/chaletinwallis.info\/?page_id=1883"},"modified":"2025-01-02T18:33:32","modified_gmt":"2025-01-02T18:33:32","slug":"preis-verfuegbarkeit","status":"publish","type":"page","link":"https:\/\/chaletinwallis.info\/de\/preis-verfuegbarkeit\/","title":{"rendered":"Preis &amp; Verf\u00fcgbarkeit"},"content":{"rendered":"\n<p class=\"has-medium-font-size\"><strong>Kalender<\/strong><\/p>\n\n\n\n<p>W\u00e4hrend der Ferienzeiten werden die Wohnungen ausschlie\u00dflich von Samstag bis Samstag vermietet. Au\u00dferhalb der Ferienwochen kann dies variieren.<\/p>\n\n\n<div class=\"mphb_sc_availability_calendar-wrapper\">\t<div class=\"mphb-calendar mphb-datepick inlinePicker mphb-calendar--direct-booking\" data-room-type-id=\"1941\" data-is_show_prices=\"0\" data-is_truncate_prices=\"1\" data-is_show_prices_currency=\"0\" data-first_available_check_in_date=\"2026-05-11\"><\/div>\n\t<\/div>\n\n\n\n<p><\/p>\n\n\n<div class=\"mphb_sc_booking_form-wrapper is-direct-booking &lt;br \/&gt;\nis-style-horizontal-form\">\t<form method=\"POST\" action=\"https:\/\/chaletinwallis.info\/de\/buchungsanfrage\/\" class=\"mphb-booking-form mphb-booking-form--direct-booking\" id=\"booking-form-1941\" data-first_available_check_in_date=\"2026-05-11\">\n\n\t\t<p class=\"mphb-required-fields-tip\"><small>Erforderliche Felder werden gefolgt von <abbr title=\"required\">*<\/abbr><\/small><\/p>\n\t\t<input type=\"hidden\" id=\"mphb-checkout-nonce\" name=\"mphb-checkout-nonce\" value=\"4a9acda71e\" \/><input type=\"hidden\" name=\"_wp_http_referer\" value=\"\/de\/wp-json\/wp\/v2\/pages\/1883\" \/>\t\t\t\t<input type=\"hidden\" name=\"mphb_room_type_id\" value=\"1941\" \/>\n\t\t<p class=\"mphb-check-in-date-wrapper\">\n\t\t\t<label for=\"mphb_check_in_date-6a0212d5a4ff7\">\n\t\t\t\tAnreisedatum\t\t\t\t<abbr title=\"Formatiert als dd\/mm\/yyyy\">*<\/abbr>\n\t\t\t<\/label>\n\t\t\t<br \/>\n\t\t\t<input id=\"mphb_check_in_date-6a0212d5a4ff7\" type=\"text\" class=\"mphb-datepick\" value=\"\" required=\"required\" autocomplete=\"off\" placeholder=\"Anreisedatum\" inputmode=\"none\" \/>\n\t\t\t<input id=\"mphb_check_in_date-6a0212d5a4ff7-hidden\" type=\"hidden\" name=\"mphb_check_in_date\" value=\"\" \/>\n\t\t<\/p>\n\t\t<p class=\"mphb-check-out-date-wrapper\">\n\t\t\t<label for=\"mphb_check_out_date-6a0212d5a4ff7\">\n\t\t\t\tAbreisedatum\t\t\t\t<abbr title=\"Formatiert als dd\/mm\/yyyy\">*<\/abbr>\n\t\t\t<\/label>\n\t\t\t<br \/>\n\t\t\t<input id=\"mphb_check_out_date-6a0212d5a4ff7\" type=\"text\" class=\"mphb-datepick\" value=\"\" required=\"required\" autocomplete=\"off\" placeholder=\"Abreisedatum\" inputmode=\"none\" \/>\n\t\t\t<input id=\"mphb_check_out_date-6a0212d5a4ff7-hidden\" type=\"hidden\" name=\"mphb_check_out_date\" value=\"\" \/>\n\t\t<\/p>\n\t\t\n\t\t\t\n\t\t\t\t<p class=\"mphb-adults-wrapper mphb-capacity-wrapper\">\n\t\t\t\t\t<label for=\"mphb_adults-6a0212d5a4ff7\">\n\t\t\t\t\t\tErwachsene\t\t\t\t\t<\/label>\n\t\t\t\t\t<br \/>\n\t\t\t\t\t<select id=\"mphb_adults-6a0212d5a4ff7\" name=\"mphb_adults\">\n\n\t\t\t\t\t\t\n\t\t\t\t\t\t\t<option value=\"1\" >1<\/option>\n\t\t\t\t\t\t\n\t\t\t\t\t\t\n\t\t\t\t\t\t\t<option value=\"2\" >2<\/option>\n\t\t\t\t\t\t\n\t\t\t\t\t\t\n\t\t\t\t\t\t\t<option value=\"3\" >3<\/option>\n\t\t\t\t\t\t\n\t\t\t\t\t\t\n\t\t\t\t\t\t\t<option value=\"4\" >4<\/option>\n\t\t\t\t\t\t\n\t\t\t\t\t\t\n\t\t\t\t\t\t\t<option value=\"5\" >5<\/option>\n\t\t\t\t\t\t\n\t\t\t\t\t\t\n\t\t\t\t\t\t\t<option value=\"6\" >6<\/option>\n\t\t\t\t\t\t\n\t\t\t\t\t\t\t\t\t\t\t<\/select>\n\t\t\t\t<\/p>\n\t\t\t\n\t\t\t\n\t\t\t\t<p class=\"mphb-children-wrapper mphb-capacity-wrapper\">\n\t\t\t\t\t<label for=\"mphb_children-6a0212d5a4ff7\">\n\t\t\t\t\t\tKinder (4\u201316 Jahre)\t\t\t\t\t<\/label>\n\t\t\t\t\t<br \/>\n\n\t\t\t\t\t\t\t\t\t\t<select id=\"mphb_children-6a0212d5a4ff7\" name=\"mphb_children\" data-min-allowed=\"0\" data-max-allowed=\"6\" data-max-total=\"8\">\n\n\t\t\t\t\t\t\n\t\t\t\t\t\t\t<option value=\"0\" >0<\/option>\n\n\t\t\t\t\t\t\n\t\t\t\t\t\t\t<option value=\"1\" >1<\/option>\n\n\t\t\t\t\t\t\n\t\t\t\t\t\t\t<option value=\"2\" >2<\/option>\n\n\t\t\t\t\t\t\n\t\t\t\t\t\t\t<option value=\"3\" >3<\/option>\n\n\t\t\t\t\t\t\n\t\t\t\t\t\t\t<option value=\"4\" >4<\/option>\n\n\t\t\t\t\t\t\n\t\t\t\t\t\t\t<option value=\"5\" >5<\/option>\n\n\t\t\t\t\t\t\n\t\t\t\t\t\t\t<option value=\"6\" >6<\/option>\n\n\t\t\t\t\t\t\t\t\t\t\t<\/select>\n\n\t\t\t\t<\/p>\n\t\t\t\t\t\t\t\t\t\t<div class=\"mphb-reserve-room-section mphb-hide\">\n\t\t\t\t<p class=\"mphb-rooms-quantity-wrapper mphb-rooms-quantity-multiple mphb-hide\">\n\t\t\t\t<select class=\"mphb-rooms-quantity\" id=\"mphb-rooms-quantity-1941\" name=\"mphb_rooms_details[1941]\"><option value=\"1\" selected=\"selected\">1<\/option><\/select> of <span class=\"mphb-available-rooms-count\">1<\/span> verf\u00fcgbare Unterk\u00fcnfte reservieren.\t\t\t\t<\/p>\n\t\t\t\t<p class=\"mphb-rooms-quantity-wrapper mphb-rooms-quantity-single mphb-hide\">\n\t\t\t\t\tDas Chalet ist f\u00fcr den ausgew\u00e4hlten Zeitraum verf\u00fcgbar.\t\t\t\t<\/p>\n\t\t\t\t\t\t\t\t\t<p class=\"mphb-period-price mphb-regular-price mphb-hide\">\n\t\t\t\t\t\t<strong>Preis von:<\/strong>\n\t\t\t\t\t<\/p>\n\t\t\t\t\t\t\t\t<input type=\"hidden\" name=\"mphb_is_direct_booking\" value=\"1\" \/>\n\t\t\t\t<input class=\"button mphb-button mphb-confirm-reservation\" type=\"submit\" value=\"Unverbindliches Anfrageformular\" \/>\n\t\t\t<\/div>\n\t\t\n\t\t<div class=\"mphb-errors-wrapper mphb-hide\"><\/div>\n\t\t<p class=\"mphb-reserve-btn-wrapper\">\n\t\t\t<input class=\"mphb-reserve-btn button\" type=\"submit\" value=\"Verf\u00fcgbarkeit pr\u00fcfen\" \/>\n\t\t<\/p>\n\t<\/form>\n\t<\/div>\n\n\n\n<p><\/p>\n\n\n\n<p><strong>Vorteile der Kurtaxe<\/strong><br>Als Gegenleistung f\u00fcr die Tourismusabgabe erhalten Sie die <a href=\"https:\/\/www.loetschental.ch\/de\/info-service\/gaestekarte-loetschental-card-164\">L\u00f6tschental Card<\/a>, mit der Sie unter anderem die teure Seilbahn, den Bus und das \u00f6rtliche Museum au\u00dferhalb der Wintersportsaison kostenlos nutzen k\u00f6nnen.<\/p>\n\n\n\n<p><strong>Endeinigungskosten<\/strong><br>F\u00fcr die Endreinigung berechnen wir CHF 135. Diese Kosten k\u00f6nnen im Voraus oder in bar bei der Abreise beglichen werden.<\/p>\n\n\n\n<p><strong>W\u00e4scheservice<\/strong><br>Wenn Sie m\u00f6chten, k\u00f6nnen wir Ihnen vor Ort Bettw\u00e4sche, Handt\u00fccher und K\u00fcchenw\u00e4sche f\u00fcr CHF 18 pro Person zur Verf\u00fcgung stellen. Sie lassen diese nach Ihrem Aufenthalt zur\u00fcck. Nat\u00fcrlich k\u00f6nnen Sie auch Ihre eigene W\u00e4sche mitbringen.<\/p>\n\n\n\n<p><strong>F\u00fcr einen endg\u00fcltigen Preisvorschlag und zur Einreichung einer Reservierungsanfrage bitten wir Sie, die Suchfunktion zu verwenden.<\/strong><\/p>\n","protected":false},"excerpt":{"rendered":"<p>Kalender W\u00e4hrend der Ferienzeiten werden die Wohnungen ausschlie\u00dflich von Samstag bis Samstag vermietet. Au\u00dferhalb der Ferienwochen kann dies variieren. Vorteile der KurtaxeAls Gegenleistung f\u00fcr die Tourismusabgabe erhalten Sie die L\u00f6tschental Card, mit der Sie unter anderem die teure Seilbahn, den Bus und das \u00f6rtliche Museum au\u00dferhalb der Wintersportsaison kostenlos nutzen k\u00f6nnen. EndeinigungskostenF\u00fcr die Endreinigung berechnen [&hellip;]<\/p>\n","protected":false},"author":1,"featured_media":2132,"parent":0,"menu_order":0,"comment_status":"closed","ping_status":"closed","template":"template-page-no-sidebar.php","meta":{"_coblocks_attr":"","_coblocks_dimensions":"","_coblocks_responsive_height":"","_coblocks_accordion_ie_support":"","inline_featured_image":false,"footnotes":""},"class_list":["post-1883","page","type-page","status-publish","has-post-thumbnail","hentry"],"yoast_head":"<!-- This site is optimized with the Yoast SEO plugin v27.5 - https:\/\/yoast.com\/product\/yoast-seo-wordpress\/ -->\n<title>Preis &amp; Verf\u00fcgbarkeit - Chalet de Compagnie<\/title>\n<meta name=\"robots\" content=\"index, follow, max-snippet:-1, max-image-preview:large, max-video-preview:-1\" \/>\n<link rel=\"canonical\" href=\"https:\/\/chaletinwallis.info\/de\/preis-verfuegbarkeit\/\" \/>\n<meta property=\"og:locale\" content=\"de_DE\" \/>\n<meta property=\"og:type\" content=\"article\" \/>\n<meta property=\"og:title\" content=\"Preis &amp; Verf\u00fcgbarkeit - Chalet de Compagnie\" \/>\n<meta property=\"og:description\" content=\"Kalender W\u00e4hrend der Ferienzeiten werden die Wohnungen ausschlie\u00dflich von Samstag bis Samstag vermietet. Au\u00dferhalb der Ferienwochen kann dies variieren. Vorteile der KurtaxeAls Gegenleistung f\u00fcr die Tourismusabgabe erhalten Sie die L\u00f6tschental Card, mit der Sie unter anderem die teure Seilbahn, den Bus und das \u00f6rtliche Museum au\u00dferhalb der Wintersportsaison kostenlos nutzen k\u00f6nnen. EndeinigungskostenF\u00fcr die Endreinigung berechnen [&hellip;]\" \/>\n<meta property=\"og:url\" content=\"https:\/\/chaletinwallis.info\/de\/preis-verfuegbarkeit\/\" \/>\n<meta property=\"og:site_name\" content=\"Chalet de Compagnie\" \/>\n<meta property=\"article:modified_time\" content=\"2025-01-02T18:33:32+00:00\" \/>\n<meta property=\"og:image\" content=\"https:\/\/chaletinwallis.info\/wp-content\/uploads\/2024\/10\/2008-060-gedraaidcropped-N1-scaled.jpg\" \/>\n\t<meta property=\"og:image:width\" content=\"2560\" \/>\n\t<meta property=\"og:image:height\" content=\"1384\" \/>\n\t<meta property=\"og:image:type\" content=\"image\/jpeg\" \/>\n<meta name=\"twitter:card\" content=\"summary_large_image\" \/>\n<meta name=\"twitter:label1\" content=\"Gesch\u00e4tzte Lesezeit\" \/>\n\t<meta name=\"twitter:data1\" content=\"1\u00a0Minute\" \/>\n<script type=\"application\/ld+json\" class=\"yoast-schema-graph\">{\"@context\":\"https:\\\/\\\/schema.org\",\"@graph\":[{\"@type\":\"WebPage\",\"@id\":\"https:\\\/\\\/chaletinwallis.info\\\/de\\\/preis-verfuegbarkeit\\\/\",\"url\":\"https:\\\/\\\/chaletinwallis.info\\\/de\\\/preis-verfuegbarkeit\\\/\",\"name\":\"Preis &amp; Verf\u00fcgbarkeit - Chalet de Compagnie\",\"isPartOf\":{\"@id\":\"https:\\\/\\\/chaletinwallis.info\\\/de\\\/#website\"},\"primaryImageOfPage\":{\"@id\":\"https:\\\/\\\/chaletinwallis.info\\\/de\\\/preis-verfuegbarkeit\\\/#primaryimage\"},\"image\":{\"@id\":\"https:\\\/\\\/chaletinwallis.info\\\/de\\\/preis-verfuegbarkeit\\\/#primaryimage\"},\"thumbnailUrl\":\"https:\\\/\\\/chaletinwallis.info\\\/wp-content\\\/uploads\\\/2024\\\/10\\\/2008-060-gedraaidcropped-N1-scaled.jpg\",\"datePublished\":\"2024-10-11T10:34:12+00:00\",\"dateModified\":\"2025-01-02T18:33:32+00:00\",\"breadcrumb\":{\"@id\":\"https:\\\/\\\/chaletinwallis.info\\\/de\\\/preis-verfuegbarkeit\\\/#breadcrumb\"},\"inLanguage\":\"de\",\"potentialAction\":[{\"@type\":\"ReadAction\",\"target\":[\"https:\\\/\\\/chaletinwallis.info\\\/de\\\/preis-verfuegbarkeit\\\/\"]}]},{\"@type\":\"ImageObject\",\"inLanguage\":\"de\",\"@id\":\"https:\\\/\\\/chaletinwallis.info\\\/de\\\/preis-verfuegbarkeit\\\/#primaryimage\",\"url\":\"https:\\\/\\\/chaletinwallis.info\\\/wp-content\\\/uploads\\\/2024\\\/10\\\/2008-060-gedraaidcropped-N1-scaled.jpg\",\"contentUrl\":\"https:\\\/\\\/chaletinwallis.info\\\/wp-content\\\/uploads\\\/2024\\\/10\\\/2008-060-gedraaidcropped-N1-scaled.jpg\",\"width\":2560,\"height\":1384},{\"@type\":\"BreadcrumbList\",\"@id\":\"https:\\\/\\\/chaletinwallis.info\\\/de\\\/preis-verfuegbarkeit\\\/#breadcrumb\",\"itemListElement\":[{\"@type\":\"ListItem\",\"position\":1,\"name\":\"Home\",\"item\":\"https:\\\/\\\/chaletinwallis.info\\\/de\\\/\"},{\"@type\":\"ListItem\",\"position\":2,\"name\":\"Preis &amp; Verf\u00fcgbarkeit\"}]},{\"@type\":\"WebSite\",\"@id\":\"https:\\\/\\\/chaletinwallis.info\\\/de\\\/#website\",\"url\":\"https:\\\/\\\/chaletinwallis.info\\\/de\\\/\",\"name\":\"CHALET de COMPAGNIE\",\"description\":\"Juwel im L\u00f6tschental\",\"publisher\":{\"@id\":\"https:\\\/\\\/chaletinwallis.info\\\/de\\\/#organization\"},\"potentialAction\":[{\"@type\":\"SearchAction\",\"target\":{\"@type\":\"EntryPoint\",\"urlTemplate\":\"https:\\\/\\\/chaletinwallis.info\\\/de\\\/?s={search_term_string}\"},\"query-input\":{\"@type\":\"PropertyValueSpecification\",\"valueRequired\":true,\"valueName\":\"search_term_string\"}}],\"inLanguage\":\"de\"},{\"@type\":\"Organization\",\"@id\":\"https:\\\/\\\/chaletinwallis.info\\\/de\\\/#organization\",\"name\":\"CHALET de COMPAGNIE\",\"url\":\"https:\\\/\\\/chaletinwallis.info\\\/de\\\/\",\"logo\":{\"@type\":\"ImageObject\",\"inLanguage\":\"de\",\"@id\":\"https:\\\/\\\/chaletinwallis.info\\\/de\\\/#\\\/schema\\\/logo\\\/image\\\/\",\"url\":\"https:\\\/\\\/chaletinwallis.info\\\/wp-content\\\/uploads\\\/2024\\\/10\\\/2008-060-gedraaidcropped-N1-scaled.jpg\",\"contentUrl\":\"https:\\\/\\\/chaletinwallis.info\\\/wp-content\\\/uploads\\\/2024\\\/10\\\/2008-060-gedraaidcropped-N1-scaled.jpg\",\"width\":2560,\"height\":1384,\"caption\":\"CHALET de COMPAGNIE\"},\"image\":{\"@id\":\"https:\\\/\\\/chaletinwallis.info\\\/de\\\/#\\\/schema\\\/logo\\\/image\\\/\"}}]}<\/script>\n<!-- \/ Yoast SEO plugin. -->","yoast_head_json":{"title":"Preis &amp; Verf\u00fcgbarkeit - Chalet de Compagnie","robots":{"index":"index","follow":"follow","max-snippet":"max-snippet:-1","max-image-preview":"max-image-preview:large","max-video-preview":"max-video-preview:-1"},"canonical":"https:\/\/chaletinwallis.info\/de\/preis-verfuegbarkeit\/","og_locale":"de_DE","og_type":"article","og_title":"Preis &amp; Verf\u00fcgbarkeit - Chalet de Compagnie","og_description":"Kalender W\u00e4hrend der Ferienzeiten werden die Wohnungen ausschlie\u00dflich von Samstag bis Samstag vermietet. Au\u00dferhalb der Ferienwochen kann dies variieren. Vorteile der KurtaxeAls Gegenleistung f\u00fcr die Tourismusabgabe erhalten Sie die L\u00f6tschental Card, mit der Sie unter anderem die teure Seilbahn, den Bus und das \u00f6rtliche Museum au\u00dferhalb der Wintersportsaison kostenlos nutzen k\u00f6nnen. EndeinigungskostenF\u00fcr die Endreinigung berechnen [&hellip;]","og_url":"https:\/\/chaletinwallis.info\/de\/preis-verfuegbarkeit\/","og_site_name":"Chalet de Compagnie","article_modified_time":"2025-01-02T18:33:32+00:00","og_image":[{"width":2560,"height":1384,"url":"https:\/\/chaletinwallis.info\/wp-content\/uploads\/2024\/10\/2008-060-gedraaidcropped-N1-scaled.jpg","type":"image\/jpeg"}],"twitter_card":"summary_large_image","twitter_misc":{"Gesch\u00e4tzte Lesezeit":"1\u00a0Minute"},"schema":{"@context":"https:\/\/schema.org","@graph":[{"@type":"WebPage","@id":"https:\/\/chaletinwallis.info\/de\/preis-verfuegbarkeit\/","url":"https:\/\/chaletinwallis.info\/de\/preis-verfuegbarkeit\/","name":"Preis &amp; Verf\u00fcgbarkeit - Chalet de Compagnie","isPartOf":{"@id":"https:\/\/chaletinwallis.info\/de\/#website"},"primaryImageOfPage":{"@id":"https:\/\/chaletinwallis.info\/de\/preis-verfuegbarkeit\/#primaryimage"},"image":{"@id":"https:\/\/chaletinwallis.info\/de\/preis-verfuegbarkeit\/#primaryimage"},"thumbnailUrl":"https:\/\/chaletinwallis.info\/wp-content\/uploads\/2024\/10\/2008-060-gedraaidcropped-N1-scaled.jpg","datePublished":"2024-10-11T10:34:12+00:00","dateModified":"2025-01-02T18:33:32+00:00","breadcrumb":{"@id":"https:\/\/chaletinwallis.info\/de\/preis-verfuegbarkeit\/#breadcrumb"},"inLanguage":"de","potentialAction":[{"@type":"ReadAction","target":["https:\/\/chaletinwallis.info\/de\/preis-verfuegbarkeit\/"]}]},{"@type":"ImageObject","inLanguage":"de","@id":"https:\/\/chaletinwallis.info\/de\/preis-verfuegbarkeit\/#primaryimage","url":"https:\/\/chaletinwallis.info\/wp-content\/uploads\/2024\/10\/2008-060-gedraaidcropped-N1-scaled.jpg","contentUrl":"https:\/\/chaletinwallis.info\/wp-content\/uploads\/2024\/10\/2008-060-gedraaidcropped-N1-scaled.jpg","width":2560,"height":1384},{"@type":"BreadcrumbList","@id":"https:\/\/chaletinwallis.info\/de\/preis-verfuegbarkeit\/#breadcrumb","itemListElement":[{"@type":"ListItem","position":1,"name":"Home","item":"https:\/\/chaletinwallis.info\/de\/"},{"@type":"ListItem","position":2,"name":"Preis &amp; Verf\u00fcgbarkeit"}]},{"@type":"WebSite","@id":"https:\/\/chaletinwallis.info\/de\/#website","url":"https:\/\/chaletinwallis.info\/de\/","name":"CHALET de COMPAGNIE","description":"Juwel im L\u00f6tschental","publisher":{"@id":"https:\/\/chaletinwallis.info\/de\/#organization"},"potentialAction":[{"@type":"SearchAction","target":{"@type":"EntryPoint","urlTemplate":"https:\/\/chaletinwallis.info\/de\/?s={search_term_string}"},"query-input":{"@type":"PropertyValueSpecification","valueRequired":true,"valueName":"search_term_string"}}],"inLanguage":"de"},{"@type":"Organization","@id":"https:\/\/chaletinwallis.info\/de\/#organization","name":"CHALET de COMPAGNIE","url":"https:\/\/chaletinwallis.info\/de\/","logo":{"@type":"ImageObject","inLanguage":"de","@id":"https:\/\/chaletinwallis.info\/de\/#\/schema\/logo\/image\/","url":"https:\/\/chaletinwallis.info\/wp-content\/uploads\/2024\/10\/2008-060-gedraaidcropped-N1-scaled.jpg","contentUrl":"https:\/\/chaletinwallis.info\/wp-content\/uploads\/2024\/10\/2008-060-gedraaidcropped-N1-scaled.jpg","width":2560,"height":1384,"caption":"CHALET de COMPAGNIE"},"image":{"@id":"https:\/\/chaletinwallis.info\/de\/#\/schema\/logo\/image\/"}}]}},"jetpack_sharing_enabled":true,"_links":{"self":[{"href":"https:\/\/chaletinwallis.info\/de\/wp-json\/wp\/v2\/pages\/1883","targetHints":{"allow":["GET"]}}],"collection":[{"href":"https:\/\/chaletinwallis.info\/de\/wp-json\/wp\/v2\/pages"}],"about":[{"href":"https:\/\/chaletinwallis.info\/de\/wp-json\/wp\/v2\/types\/page"}],"author":[{"embeddable":true,"href":"https:\/\/chaletinwallis.info\/de\/wp-json\/wp\/v2\/users\/1"}],"replies":[{"embeddable":true,"href":"https:\/\/chaletinwallis.info\/de\/wp-json\/wp\/v2\/comments?post=1883"}],"version-history":[{"count":2,"href":"https:\/\/chaletinwallis.info\/de\/wp-json\/wp\/v2\/pages\/1883\/revisions"}],"predecessor-version":[{"id":2366,"href":"https:\/\/chaletinwallis.info\/de\/wp-json\/wp\/v2\/pages\/1883\/revisions\/2366"}],"wp:featuredmedia":[{"embeddable":true,"href":"https:\/\/chaletinwallis.info\/de\/wp-json\/wp\/v2\/media\/2132"}],"wp:attachment":[{"href":"https:\/\/chaletinwallis.info\/de\/wp-json\/wp\/v2\/media?parent=1883"}],"curies":[{"name":"wp","href":"https:\/\/api.w.org\/{rel}","templated":true}]}}