{"id":1832,"date":"2018-06-28T11:58:49","date_gmt":"2018-06-28T11:58:49","guid":{"rendered":"https:\/\/chaletinwallis.info\/?page_id=1832"},"modified":"2024-11-26T17:04:38","modified_gmt":"2024-11-26T17:04:38","slug":"chalet","status":"publish","type":"page","link":"https:\/\/chaletinwallis.info\/de\/chalet\/","title":{"rendered":"Chalet"},"content":{"rendered":"\n<p>Das Haus besteht aus zwei Teilen: dem Obergeschoss und dem steinernen <a data-type=\"link\" data-id=\"https:\/\/chaletinwallis.info\/de\/chalet\/untergeschoss\/\" href=\"https:\/\/chaletinwallis.info\/de\/chalet\/untergeschoss\/\">Untergeschoss<\/a>. Das Chalet kann bis zu 6 Erwachsene und 2 Kinder beherbergen, ist aber auch sehr gut f\u00fcr ein Paar oder eine kleine Gruppe geeignet, die mehr Platz und Freiheit sch\u00e4tzen.<\/p>\n\n\n\n<figure class=\"wp-block-image size-full\"><img loading=\"lazy\" decoding=\"async\" width=\"2560\" height=\"1920\" src=\"https:\/\/chaletinwallis.info\/wp-content\/uploads\/2024\/10\/mq-DSC01533-kopie.jpg\" alt=\"\" class=\"wp-image-829\" srcset=\"https:\/\/chaletinwallis.info\/wp-content\/uploads\/2024\/10\/mq-DSC01533-kopie.jpg 2560w, https:\/\/chaletinwallis.info\/wp-content\/uploads\/2024\/10\/mq-DSC01533-kopie-768x576.jpg 768w, https:\/\/chaletinwallis.info\/wp-content\/uploads\/2024\/10\/mq-DSC01533-kopie-1536x1152.jpg 1536w, https:\/\/chaletinwallis.info\/wp-content\/uploads\/2024\/10\/mq-DSC01533-kopie-2048x1536.jpg 2048w, https:\/\/chaletinwallis.info\/wp-content\/uploads\/2024\/10\/mq-DSC01533-kopie-800x600.jpg 800w, https:\/\/chaletinwallis.info\/wp-content\/uploads\/2024\/10\/mq-DSC01533-kopie-1516x1137.jpg 1516w\" sizes=\"auto, (max-width: 2560px) 100vw, 2560px\" \/><\/figure>\n\n\n\n<p><strong>Erdgeschoss des Chalets<\/strong><br>Im Erdgeschoss befindet sich ein sehr ger\u00e4umiges, modernes Wohnzimmer mit offener K\u00fcche (50 m\u00b2) und einem gem\u00fctlichen Kamin. Drau\u00dfen vor der Haust\u00fcr liegt reichlich Brennholz f\u00fcr Sie bereit. Vom sonnigen Wohnzimmer und dem umliegenden Balkon aus haben Sie einen ungehinderten Blick auf das imposante Bietschhorn (3934 Meter), das zum UNESCO-Welterbe Jungfrau-Aletsch-Bietschhorn geh\u00f6rt. Auf dieser Etage finden Sie auch ein Badezimmer mit Dusche und WC sowie einen Abstellraum mit einer Waschmaschine.<\/p>\n\n\n\n<p><\/p>\n\n\n\n<p class=\"custom-paragraph-list\"><strong>Schlafzimmer<\/strong><br>Im zweiten Stock befinden sich drei ger\u00e4umige Schlafzimmer und ein kleineres Kinderzimmer. Zwei Schlafzimmer sind mit einem bequemen Doppelbett ausgestattet, w\u00e4hrend das dritte Schlafzimmer \u00fcber zwei separate Einzelbetten verf\u00fcgt. Das Kinderzimmer ist mit einem Etagenbett f\u00fcr zwei Kinder ausgestattet. F\u00fcr ein Baby steht ein separates Kinderbett zur Verf\u00fcgung. Ein zweites Badezimmer mit Dusche, Badewanne und Toilette befindet sich ebenfalls auf dieser Etage.<\/p>\n\n\n\n<p><\/p>\n\n\n\n<p class=\"custom-paragraph-list\"><\/p>\n\n\n\n<p class=\"custom-paragraph-list\"><strong>Umgebung und Atmosph\u00e4re<\/strong><br><em>Chalet de Compagnie<\/em> ist ein ger\u00e4umiges, freistehendes, traditionell gebautes Chalet. Das Chalet ist das h\u00f6chstgelegene einer kleinen Gruppe von Chalets und bietet einen ungehinderten Blick rundherum. Im Sommer k\u00f6nnen Sie manchmal den sanften Klang von Kuhglocken h\u00f6ren. Im Winter haben Sie nachts die Chance, Rehe zu sehen, die in der N\u00e4he des Chalets W\u00e4rme suchen.<\/p>\n\n\n\n<p class=\"custom-paragraph-list\">Der Sternenhimmel in diesem abgelegenen Tal ist atemberaubend, daher ist ein Abendspaziergang sehr zu empfehlen.<\/p>\n\n\n\n<p><\/p>\n\n\n\n<p class=\"custom-paragraph-list\"><strong>Ausstattung<\/strong><\/p>\n\n\n\n<ul style=\"letter-spacing:1px;font-size:15px\" class=\"wp-block-list custom-paragraph-list has-custom-letterspacing mb-0 pb-0 mt-0 pt-0\">\n<li class=\"custom-paragraph-list\"><strong>Voll ausgestattete K\u00fcche:<\/strong> mit Geschirrsp\u00fcler, Wasserkocher, Kaffeemaschine (Filter &amp; Nespresso), Backofen und Mikrowelle.<\/li>\n\n\n\n<li><strong>Waschmaschine<\/strong><\/li>\n\n\n\n<li><strong>Kamin <\/strong>(Holz inklusive)<\/li>\n\n\n\n<li><strong>Ger\u00e4umiger Balkon<\/strong> mit herrlicher Aussicht<\/li>\n\n\n\n<li><strong>Fernseher<\/strong><\/li>\n\n\n\n<li><strong>Wi-Fi<\/strong><\/li>\n\n\n\n<li class=\"custom-paragraph-list\"><strong>\u00dcberdachter Privatparkplatz<\/strong><\/li>\n<\/ul>\n\n\n\n<p><\/p>\n\n\n\n<figure class=\"wp-block-gallery has-nested-images columns-default is-cropped wp-block-gallery-1 is-layout-flex wp-block-gallery-is-layout-flex\">\n<figure class=\"wp-block-image size-full\"><img loading=\"lazy\" decoding=\"async\" width=\"1253\" height=\"2230\" data-id=\"1545\" src=\"https:\/\/chaletinwallis.info\/wp-content\/uploads\/2024\/10\/HQ-IMG_20151027_134922113_HDR-gedraaid-2.jpg\" alt=\"\" class=\"wp-image-1545\" srcset=\"https:\/\/chaletinwallis.info\/wp-content\/uploads\/2024\/10\/HQ-IMG_20151027_134922113_HDR-gedraaid-2.jpg 1253w, https:\/\/chaletinwallis.info\/wp-content\/uploads\/2024\/10\/HQ-IMG_20151027_134922113_HDR-gedraaid-2-768x1367.jpg 768w, https:\/\/chaletinwallis.info\/wp-content\/uploads\/2024\/10\/HQ-IMG_20151027_134922113_HDR-gedraaid-2-863x1536.jpg 863w, https:\/\/chaletinwallis.info\/wp-content\/uploads\/2024\/10\/HQ-IMG_20151027_134922113_HDR-gedraaid-2-1151x2048.jpg 1151w, https:\/\/chaletinwallis.info\/wp-content\/uploads\/2024\/10\/HQ-IMG_20151027_134922113_HDR-gedraaid-2-800x1424.jpg 800w\" sizes=\"auto, (max-width: 1253px) 100vw, 1253px\" \/><\/figure>\n\n\n\n<figure class=\"wp-block-image size-full\"><img loading=\"lazy\" decoding=\"async\" width=\"1341\" height=\"2386\" data-id=\"1537\" src=\"https:\/\/chaletinwallis.info\/wp-content\/uploads\/2024\/10\/HQ-IMG_20151027_134442381_HDR-gedraaid.jpg\" alt=\"\" class=\"wp-image-1537\" srcset=\"https:\/\/chaletinwallis.info\/wp-content\/uploads\/2024\/10\/HQ-IMG_20151027_134442381_HDR-gedraaid.jpg 1341w, https:\/\/chaletinwallis.info\/wp-content\/uploads\/2024\/10\/HQ-IMG_20151027_134442381_HDR-gedraaid-768x1366.jpg 768w, https:\/\/chaletinwallis.info\/wp-content\/uploads\/2024\/10\/HQ-IMG_20151027_134442381_HDR-gedraaid-863x1536.jpg 863w, https:\/\/chaletinwallis.info\/wp-content\/uploads\/2024\/10\/HQ-IMG_20151027_134442381_HDR-gedraaid-1151x2048.jpg 1151w, https:\/\/chaletinwallis.info\/wp-content\/uploads\/2024\/10\/HQ-IMG_20151027_134442381_HDR-gedraaid-800x1423.jpg 800w\" sizes=\"auto, (max-width: 1341px) 100vw, 1341px\" \/><\/figure>\n\n\n\n<figure class=\"wp-block-image size-full\"><img loading=\"lazy\" decoding=\"async\" width=\"1413\" height=\"2515\" data-id=\"1549\" src=\"https:\/\/chaletinwallis.info\/wp-content\/uploads\/2024\/10\/HQ-IMG_20151027_213735905-gedraaid.jpg\" alt=\"\" class=\"wp-image-1549\" srcset=\"https:\/\/chaletinwallis.info\/wp-content\/uploads\/2024\/10\/HQ-IMG_20151027_213735905-gedraaid.jpg 1413w, https:\/\/chaletinwallis.info\/wp-content\/uploads\/2024\/10\/HQ-IMG_20151027_213735905-gedraaid-768x1367.jpg 768w, https:\/\/chaletinwallis.info\/wp-content\/uploads\/2024\/10\/HQ-IMG_20151027_213735905-gedraaid-863x1536.jpg 863w, https:\/\/chaletinwallis.info\/wp-content\/uploads\/2024\/10\/HQ-IMG_20151027_213735905-gedraaid-1151x2048.jpg 1151w, https:\/\/chaletinwallis.info\/wp-content\/uploads\/2024\/10\/HQ-IMG_20151027_213735905-gedraaid-800x1424.jpg 800w\" sizes=\"auto, (max-width: 1413px) 100vw, 1413px\" \/><\/figure>\n<\/figure>\n\n\n\n<figure class=\"wp-block-gallery has-nested-images columns-default is-cropped wp-block-gallery-2 is-layout-flex wp-block-gallery-is-layout-flex\">\n<figure class=\"wp-block-image size-full\"><img loading=\"lazy\" decoding=\"async\" width=\"1399\" height=\"2490\" data-id=\"1525\" src=\"https:\/\/chaletinwallis.info\/wp-content\/uploads\/2024\/10\/HQ-IMG_20151027_110726019_HDR-gedraaid.jpg\" alt=\"\" class=\"wp-image-1525\" srcset=\"https:\/\/chaletinwallis.info\/wp-content\/uploads\/2024\/10\/HQ-IMG_20151027_110726019_HDR-gedraaid.jpg 1399w, https:\/\/chaletinwallis.info\/wp-content\/uploads\/2024\/10\/HQ-IMG_20151027_110726019_HDR-gedraaid-768x1367.jpg 768w, https:\/\/chaletinwallis.info\/wp-content\/uploads\/2024\/10\/HQ-IMG_20151027_110726019_HDR-gedraaid-863x1536.jpg 863w, https:\/\/chaletinwallis.info\/wp-content\/uploads\/2024\/10\/HQ-IMG_20151027_110726019_HDR-gedraaid-1151x2048.jpg 1151w, https:\/\/chaletinwallis.info\/wp-content\/uploads\/2024\/10\/HQ-IMG_20151027_110726019_HDR-gedraaid-800x1424.jpg 800w\" sizes=\"auto, (max-width: 1399px) 100vw, 1399px\" \/><\/figure>\n\n\n\n<figure class=\"wp-block-image size-large\"><img loading=\"lazy\" decoding=\"async\" width=\"674\" height=\"1200\" data-id=\"764\" src=\"https:\/\/chaletinwallis.info\/wp-content\/uploads\/2024\/10\/MQ-IMG_20151027_110807093_HDR.jpg\" alt=\"\" class=\"wp-image-764\"\/><\/figure>\n\n\n\n<figure class=\"wp-block-image size-full\"><img loading=\"lazy\" decoding=\"async\" width=\"1390\" height=\"2475\" data-id=\"1529\" src=\"https:\/\/chaletinwallis.info\/wp-content\/uploads\/2024\/10\/HQ-IMG_20151027_111229682-gedraaid.jpg\" alt=\"\" class=\"wp-image-1529\" srcset=\"https:\/\/chaletinwallis.info\/wp-content\/uploads\/2024\/10\/HQ-IMG_20151027_111229682-gedraaid.jpg 1390w, https:\/\/chaletinwallis.info\/wp-content\/uploads\/2024\/10\/HQ-IMG_20151027_111229682-gedraaid-768x1367.jpg 768w, https:\/\/chaletinwallis.info\/wp-content\/uploads\/2024\/10\/HQ-IMG_20151027_111229682-gedraaid-863x1536.jpg 863w, https:\/\/chaletinwallis.info\/wp-content\/uploads\/2024\/10\/HQ-IMG_20151027_111229682-gedraaid-1150x2048.jpg 1150w, https:\/\/chaletinwallis.info\/wp-content\/uploads\/2024\/10\/HQ-IMG_20151027_111229682-gedraaid-800x1424.jpg 800w\" sizes=\"auto, (max-width: 1390px) 100vw, 1390px\" \/><\/figure>\n<\/figure>\n","protected":false},"excerpt":{"rendered":"<p>Das Haus besteht aus zwei Teilen: dem Obergeschoss und dem steinernen Untergeschoss. Das Chalet kann bis zu 6 Erwachsene und 2 Kinder beherbergen, ist aber auch sehr gut f\u00fcr ein Paar oder eine kleine Gruppe geeignet, die mehr Platz und Freiheit sch\u00e4tzen. Erdgeschoss des ChaletsIm Erdgeschoss befindet sich ein sehr ger\u00e4umiges, modernes Wohnzimmer mit offener [&hellip;]<\/p>\n","protected":false},"author":1,"featured_media":1271,"parent":0,"menu_order":0,"comment_status":"closed","ping_status":"closed","template":"template-page-no-sidebar.php","meta":{"_coblocks_attr":"","_coblocks_dimensions":"","_coblocks_responsive_height":"","_coblocks_accordion_ie_support":"","inline_featured_image":false,"footnotes":""},"class_list":["post-1832","page","type-page","status-publish","has-post-thumbnail","hentry"],"yoast_head":"<!-- This site is optimized with the Yoast SEO plugin v27.5 - https:\/\/yoast.com\/product\/yoast-seo-wordpress\/ -->\n<title>Chalet - Chalet de Compagnie<\/title>\n<meta name=\"robots\" content=\"index, follow, max-snippet:-1, max-image-preview:large, max-video-preview:-1\" \/>\n<link rel=\"canonical\" href=\"https:\/\/chaletinwallis.info\/de\/chalet\/\" \/>\n<meta property=\"og:locale\" content=\"de_DE\" \/>\n<meta property=\"og:type\" content=\"article\" \/>\n<meta property=\"og:title\" content=\"Chalet - Chalet de Compagnie\" \/>\n<meta property=\"og:description\" content=\"Das Haus besteht aus zwei Teilen: dem Obergeschoss und dem steinernen Untergeschoss. Das Chalet kann bis zu 6 Erwachsene und 2 Kinder beherbergen, ist aber auch sehr gut f\u00fcr ein Paar oder eine kleine Gruppe geeignet, die mehr Platz und Freiheit sch\u00e4tzen. Erdgeschoss des ChaletsIm Erdgeschoss befindet sich ein sehr ger\u00e4umiges, modernes Wohnzimmer mit offener [&hellip;]\" \/>\n<meta property=\"og:url\" content=\"https:\/\/chaletinwallis.info\/de\/chalet\/\" \/>\n<meta property=\"og:site_name\" content=\"Chalet de Compagnie\" \/>\n<meta property=\"article:modified_time\" content=\"2024-11-26T17:04:38+00:00\" \/>\n<meta property=\"og:image\" content=\"https:\/\/chaletinwallis.info\/wp-content\/uploads\/2024\/10\/HQ-IMG_20170822_170826629-scaled.jpg\" \/>\n\t<meta property=\"og:image:width\" content=\"1440\" \/>\n\t<meta property=\"og:image:height\" content=\"2560\" \/>\n\t<meta property=\"og:image:type\" content=\"image\/jpeg\" \/>\n<meta name=\"twitter:card\" content=\"summary_large_image\" \/>\n<meta name=\"twitter:label1\" content=\"Gesch\u00e4tzte Lesezeit\" \/>\n\t<meta name=\"twitter:data1\" content=\"3\u00a0Minuten\" \/>\n<script type=\"application\/ld+json\" class=\"yoast-schema-graph\">{\"@context\":\"https:\\\/\\\/schema.org\",\"@graph\":[{\"@type\":\"WebPage\",\"@id\":\"https:\\\/\\\/chaletinwallis.info\\\/de\\\/chalet\\\/\",\"url\":\"https:\\\/\\\/chaletinwallis.info\\\/de\\\/chalet\\\/\",\"name\":\"Chalet - Chalet de Compagnie\",\"isPartOf\":{\"@id\":\"https:\\\/\\\/chaletinwallis.info\\\/de\\\/#website\"},\"primaryImageOfPage\":{\"@id\":\"https:\\\/\\\/chaletinwallis.info\\\/de\\\/chalet\\\/#primaryimage\"},\"image\":{\"@id\":\"https:\\\/\\\/chaletinwallis.info\\\/de\\\/chalet\\\/#primaryimage\"},\"thumbnailUrl\":\"https:\\\/\\\/chaletinwallis.info\\\/wp-content\\\/uploads\\\/2024\\\/10\\\/HQ-IMG_20170822_170826629-scaled.jpg\",\"datePublished\":\"2018-06-28T11:58:49+00:00\",\"dateModified\":\"2024-11-26T17:04:38+00:00\",\"breadcrumb\":{\"@id\":\"https:\\\/\\\/chaletinwallis.info\\\/de\\\/chalet\\\/#breadcrumb\"},\"inLanguage\":\"de\",\"potentialAction\":[{\"@type\":\"ReadAction\",\"target\":[\"https:\\\/\\\/chaletinwallis.info\\\/de\\\/chalet\\\/\"]}]},{\"@type\":\"ImageObject\",\"inLanguage\":\"de\",\"@id\":\"https:\\\/\\\/chaletinwallis.info\\\/de\\\/chalet\\\/#primaryimage\",\"url\":\"https:\\\/\\\/chaletinwallis.info\\\/wp-content\\\/uploads\\\/2024\\\/10\\\/HQ-IMG_20170822_170826629-scaled.jpg\",\"contentUrl\":\"https:\\\/\\\/chaletinwallis.info\\\/wp-content\\\/uploads\\\/2024\\\/10\\\/HQ-IMG_20170822_170826629-scaled.jpg\",\"width\":1440,\"height\":2560},{\"@type\":\"BreadcrumbList\",\"@id\":\"https:\\\/\\\/chaletinwallis.info\\\/de\\\/chalet\\\/#breadcrumb\",\"itemListElement\":[{\"@type\":\"ListItem\",\"position\":1,\"name\":\"Home\",\"item\":\"https:\\\/\\\/chaletinwallis.info\\\/de\\\/\"},{\"@type\":\"ListItem\",\"position\":2,\"name\":\"Chalet\"}]},{\"@type\":\"WebSite\",\"@id\":\"https:\\\/\\\/chaletinwallis.info\\\/de\\\/#website\",\"url\":\"https:\\\/\\\/chaletinwallis.info\\\/de\\\/\",\"name\":\"CHALET de COMPAGNIE\",\"description\":\"Juwel im L\u00f6tschental\",\"publisher\":{\"@id\":\"https:\\\/\\\/chaletinwallis.info\\\/de\\\/#organization\"},\"potentialAction\":[{\"@type\":\"SearchAction\",\"target\":{\"@type\":\"EntryPoint\",\"urlTemplate\":\"https:\\\/\\\/chaletinwallis.info\\\/de\\\/?s={search_term_string}\"},\"query-input\":{\"@type\":\"PropertyValueSpecification\",\"valueRequired\":true,\"valueName\":\"search_term_string\"}}],\"inLanguage\":\"de\"},{\"@type\":\"Organization\",\"@id\":\"https:\\\/\\\/chaletinwallis.info\\\/de\\\/#organization\",\"name\":\"CHALET de COMPAGNIE\",\"url\":\"https:\\\/\\\/chaletinwallis.info\\\/de\\\/\",\"logo\":{\"@type\":\"ImageObject\",\"inLanguage\":\"de\",\"@id\":\"https:\\\/\\\/chaletinwallis.info\\\/de\\\/#\\\/schema\\\/logo\\\/image\\\/\",\"url\":\"https:\\\/\\\/chaletinwallis.info\\\/wp-content\\\/uploads\\\/2024\\\/10\\\/2008-060-gedraaidcropped-N1-scaled.jpg\",\"contentUrl\":\"https:\\\/\\\/chaletinwallis.info\\\/wp-content\\\/uploads\\\/2024\\\/10\\\/2008-060-gedraaidcropped-N1-scaled.jpg\",\"width\":2560,\"height\":1384,\"caption\":\"CHALET de COMPAGNIE\"},\"image\":{\"@id\":\"https:\\\/\\\/chaletinwallis.info\\\/de\\\/#\\\/schema\\\/logo\\\/image\\\/\"}}]}<\/script>\n<!-- \/ Yoast SEO plugin. -->","yoast_head_json":{"title":"Chalet - Chalet de Compagnie","robots":{"index":"index","follow":"follow","max-snippet":"max-snippet:-1","max-image-preview":"max-image-preview:large","max-video-preview":"max-video-preview:-1"},"canonical":"https:\/\/chaletinwallis.info\/de\/chalet\/","og_locale":"de_DE","og_type":"article","og_title":"Chalet - Chalet de Compagnie","og_description":"Das Haus besteht aus zwei Teilen: dem Obergeschoss und dem steinernen Untergeschoss. Das Chalet kann bis zu 6 Erwachsene und 2 Kinder beherbergen, ist aber auch sehr gut f\u00fcr ein Paar oder eine kleine Gruppe geeignet, die mehr Platz und Freiheit sch\u00e4tzen. Erdgeschoss des ChaletsIm Erdgeschoss befindet sich ein sehr ger\u00e4umiges, modernes Wohnzimmer mit offener [&hellip;]","og_url":"https:\/\/chaletinwallis.info\/de\/chalet\/","og_site_name":"Chalet de Compagnie","article_modified_time":"2024-11-26T17:04:38+00:00","og_image":[{"width":1440,"height":2560,"url":"https:\/\/chaletinwallis.info\/wp-content\/uploads\/2024\/10\/HQ-IMG_20170822_170826629-scaled.jpg","type":"image\/jpeg"}],"twitter_card":"summary_large_image","twitter_misc":{"Gesch\u00e4tzte Lesezeit":"3\u00a0Minuten"},"schema":{"@context":"https:\/\/schema.org","@graph":[{"@type":"WebPage","@id":"https:\/\/chaletinwallis.info\/de\/chalet\/","url":"https:\/\/chaletinwallis.info\/de\/chalet\/","name":"Chalet - Chalet de Compagnie","isPartOf":{"@id":"https:\/\/chaletinwallis.info\/de\/#website"},"primaryImageOfPage":{"@id":"https:\/\/chaletinwallis.info\/de\/chalet\/#primaryimage"},"image":{"@id":"https:\/\/chaletinwallis.info\/de\/chalet\/#primaryimage"},"thumbnailUrl":"https:\/\/chaletinwallis.info\/wp-content\/uploads\/2024\/10\/HQ-IMG_20170822_170826629-scaled.jpg","datePublished":"2018-06-28T11:58:49+00:00","dateModified":"2024-11-26T17:04:38+00:00","breadcrumb":{"@id":"https:\/\/chaletinwallis.info\/de\/chalet\/#breadcrumb"},"inLanguage":"de","potentialAction":[{"@type":"ReadAction","target":["https:\/\/chaletinwallis.info\/de\/chalet\/"]}]},{"@type":"ImageObject","inLanguage":"de","@id":"https:\/\/chaletinwallis.info\/de\/chalet\/#primaryimage","url":"https:\/\/chaletinwallis.info\/wp-content\/uploads\/2024\/10\/HQ-IMG_20170822_170826629-scaled.jpg","contentUrl":"https:\/\/chaletinwallis.info\/wp-content\/uploads\/2024\/10\/HQ-IMG_20170822_170826629-scaled.jpg","width":1440,"height":2560},{"@type":"BreadcrumbList","@id":"https:\/\/chaletinwallis.info\/de\/chalet\/#breadcrumb","itemListElement":[{"@type":"ListItem","position":1,"name":"Home","item":"https:\/\/chaletinwallis.info\/de\/"},{"@type":"ListItem","position":2,"name":"Chalet"}]},{"@type":"WebSite","@id":"https:\/\/chaletinwallis.info\/de\/#website","url":"https:\/\/chaletinwallis.info\/de\/","name":"CHALET de COMPAGNIE","description":"Juwel im L\u00f6tschental","publisher":{"@id":"https:\/\/chaletinwallis.info\/de\/#organization"},"potentialAction":[{"@type":"SearchAction","target":{"@type":"EntryPoint","urlTemplate":"https:\/\/chaletinwallis.info\/de\/?s={search_term_string}"},"query-input":{"@type":"PropertyValueSpecification","valueRequired":true,"valueName":"search_term_string"}}],"inLanguage":"de"},{"@type":"Organization","@id":"https:\/\/chaletinwallis.info\/de\/#organization","name":"CHALET de COMPAGNIE","url":"https:\/\/chaletinwallis.info\/de\/","logo":{"@type":"ImageObject","inLanguage":"de","@id":"https:\/\/chaletinwallis.info\/de\/#\/schema\/logo\/image\/","url":"https:\/\/chaletinwallis.info\/wp-content\/uploads\/2024\/10\/2008-060-gedraaidcropped-N1-scaled.jpg","contentUrl":"https:\/\/chaletinwallis.info\/wp-content\/uploads\/2024\/10\/2008-060-gedraaidcropped-N1-scaled.jpg","width":2560,"height":1384,"caption":"CHALET de COMPAGNIE"},"image":{"@id":"https:\/\/chaletinwallis.info\/de\/#\/schema\/logo\/image\/"}}]}},"jetpack_sharing_enabled":true,"_links":{"self":[{"href":"https:\/\/chaletinwallis.info\/de\/wp-json\/wp\/v2\/pages\/1832","targetHints":{"allow":["GET"]}}],"collection":[{"href":"https:\/\/chaletinwallis.info\/de\/wp-json\/wp\/v2\/pages"}],"about":[{"href":"https:\/\/chaletinwallis.info\/de\/wp-json\/wp\/v2\/types\/page"}],"author":[{"embeddable":true,"href":"https:\/\/chaletinwallis.info\/de\/wp-json\/wp\/v2\/users\/1"}],"replies":[{"embeddable":true,"href":"https:\/\/chaletinwallis.info\/de\/wp-json\/wp\/v2\/comments?post=1832"}],"version-history":[{"count":4,"href":"https:\/\/chaletinwallis.info\/de\/wp-json\/wp\/v2\/pages\/1832\/revisions"}],"predecessor-version":[{"id":2273,"href":"https:\/\/chaletinwallis.info\/de\/wp-json\/wp\/v2\/pages\/1832\/revisions\/2273"}],"wp:featuredmedia":[{"embeddable":true,"href":"https:\/\/chaletinwallis.info\/de\/wp-json\/wp\/v2\/media\/1271"}],"wp:attachment":[{"href":"https:\/\/chaletinwallis.info\/de\/wp-json\/wp\/v2\/media?parent=1832"}],"curies":[{"name":"wp","href":"https:\/\/api.w.org\/{rel}","templated":true}]}}